{"id":359,"date":"2025-02-24T18:47:52","date_gmt":"2025-02-24T18:47:52","guid":{"rendered":"https:\/\/washerdrone.com\/staging\/home\/"},"modified":"2026-04-08T12:16:52","modified_gmt":"2026-04-08T12:16:52","slug":"homepage","status":"publish","type":"page","link":"https:\/\/washerdrone.com\/tr\/","title":{"rendered":"WasherDrone \u2013 Drone Temizleme Hizmetleri ve Ekipmanlar\u0131"},"content":{"rendered":"<div class=\"wp-block-uagb-container uagb-layout-grid uagb-block-f2002f91 alignfull uagb-is-root-container\"><div class=\"uagb-container-inner-blocks-wrap\">\n<figure style=\"margin-top:0;margin-right:0;margin-bottom:0;margin-left:0px\" class=\"wp-block-video\"><video height=\"1024\" style=\"aspect-ratio: 576 \/ 1024;\" width=\"576\" autoplay controls loop muted src=\"https:\/\/washerdrone.com\/wp-content\/uploads\/2026\/03\/washerdrone-washing-drone-cleaning.mp4\" playsinline><\/video><\/figure>\n\n\n\n<div class=\"wp-block-uagb-info-box uagb-block-180ac6e6 uagb-infobox__content-wrap  uagb-infobox-icon-above-title uagb-infobox-image-valign-top\"><div class=\"uagb-ifb-content\"><div class=\"uagb-ifb-title-wrap\"><h1 class=\"uagb-ifb-title\">K\u00e2rl\u0131 Drone Temizleme \u0130\u015finize Ba\u015flay\u0131n<\/h1><\/div><p class=\"uagb-ifb-desc\">End\u00fcstriyel temizlik dronlar\u0131n\u0131n gelece\u011finin bir par\u00e7as\u0131 olun. Drone y\u0131kama sistemimizle kendi i\u015finizi kurun. WasherDrone, T\u00fcrkiye&#039;den d\u00fcnyaya komple sistem \u00e7\u00f6z\u00fcmleri sunuyor. <br><br>8 \u00fclkede end\u00fcstriyel temizli\u011fi nas\u0131l d\u00f6n\u00fc\u015ft\u00fcrd\u00fc\u011f\u00fcm\u00fcz\u00fc izleyin. Drone sistemimiz sadece geli\u015fmi\u015f teknolojiyle ilgili de\u011fil; i\u015fletmeniz i\u00e7in e\u015fsiz g\u00fcvenlik ve kan\u0131tlanm\u0131\u015f karl\u0131l\u0131kla da ilgili. Ortakl\u0131k f\u0131rsatlar\u0131 i\u00e7in bizimle ileti\u015fime ge\u00e7in!<\/p><div class=\"uagb-ifb-button-wrapper wp-block-button\"><a href=\"https:\/\/washerdrone.com\/tr\/washer-drone-bayilik-2\/\" class=\"uagb-infobox-cta-link wp-block-button__link\" target=\"_self\" rel=\"noopener noreferrer\" onclick=\"return true;\"><svg xmlns=\"https:\/\/www.w3.org\/2000\/svg\" viewbox=\"0 0 448 512\"><path d=\"M438.6 278.6l-160 160C272.4 444.9 264.2 448 256 448s-16.38-3.125-22.62-9.375c-12.5-12.5-12.5-32.75 0-45.25L338.8 288H32C14.33 288 .0016 273.7 .0016 256S14.33 224 32 224h306.8l-105.4-105.4c-12.5-12.5-12.5-32.75 0-45.25s32.75-12.5 45.25 0l160 160C451.1 245.9 451.1 266.1 438.6 278.6z\"><\/path><\/svg><span class=\"uagb-inline-editing\">\u015eimdi Ba\u015fvurun<\/span><\/a><\/div><\/div><\/div>\n<\/div><\/div>\n\n\n\n<div style=\"height:66px\" aria-hidden=\"true\" class=\"wp-block-spacer\"><\/div>\n\n\n\n<div class=\"wp-block-uagb-container uagb-block-aee62949 alignfull uagb-is-root-container\"><div class=\"uagb-container-inner-blocks-wrap\">\n<div class=\"wp-block-uagb-advanced-heading uagb-block-5d255cf4\"><h2 class=\"uagb-heading-text\">Y\u0131kama Drone Teknolojileri Nerelerde Kullan\u0131l\u0131yor?<\/h2><\/div>\n\n\n\n<div class=\"wp-block-uagb-container uagb-block-32b54f47\">\n<div class=\"wp-block-uagb-info-box uagb-block-dacf7df8 uagb-infobox__content-wrap  uagb-infobox-icon-above-title uagb-infobox-image-valign-top\"><div class=\"uagb-ifb-content\"><div class=\"uagb-ifb-image-content\"><img decoding=\"async\" src=\"https:\/\/washerdrone.com\/wp-content\/uploads\/2025\/03\/Yuksek-Bina-Yikama-Dronu.jpg\" alt=\"Yuksek-Bina-Yikama-Dronu\" width=\"700\" height=\"500\" loading=\"lazy\"\/><\/div><div class=\"uagb-ifb-title-wrap\"><h4 class=\"uagb-ifb-title\">Y\u00fcksek Binalar\u0131n ve Yap\u0131lar\u0131n D\u0131\u015f Cephe Temizli\u011fi<\/h4><\/div><p class=\"uagb-ifb-desc\">Y\u00fcksek binalar\u0131n d\u0131\u015f cephelerinin geleneksel y\u00f6ntemlerle temizlenmesi zor ve tehlikelidir. Y\u0131kama dronlar\u0131, bu alanlardaki \u00e7al\u0131\u015fma g\u00fcvenli\u011fini art\u0131r\u0131r ve insanlar\u0131n ula\u015famayaca\u011f\u0131 noktalara kolayca ula\u015farak temizlik i\u015flemlerini h\u0131zl\u0131 ve verimli bir \u015fekilde ger\u00e7ekle\u015ftirir.<\/p><\/div><\/div>\n\n\n\n<div class=\"wp-block-uagb-info-box uagb-block-e92c95f5 uagb-infobox__content-wrap  uagb-infobox-icon-above-title uagb-infobox-image-valign-top\"><div class=\"uagb-ifb-content\"><div class=\"uagb-ifb-image-content\"><img decoding=\"async\" src=\"https:\/\/washerdrone.com\/wp-content\/uploads\/2025\/03\/Drone-ile-gunes-paneli-temizligi-washerdrone.jpg\" alt=\"Drone-ile-gunes-paneli-temizli\u011fi-washerdrone\" width=\"700\" height=\"500\" loading=\"lazy\"\/><\/div><div class=\"uagb-ifb-title-wrap\"><h4 class=\"uagb-ifb-title\">G\u00fcne\u015f Panelleri ve R\u00fczgar T\u00fcrbinlerinin Bak\u0131m\u0131<\/h4><\/div><p class=\"uagb-ifb-desc\">G\u00fcne\u015f panellerinin verimlili\u011fini korumak i\u00e7in d\u00fczenli bak\u0131m yap\u0131lmas\u0131 \u015fartt\u0131r. Drone y\u0131kama, g\u00fcne\u015f panellerini etkili bir \u015fekilde temizler, \u00fczerlerinde biriken kir ve tozu temizler ve b\u00f6ylece g\u00fcne\u015f panelinin performans\u0131n\u0131 art\u0131r\u0131r.<br><a href=\"https:\/\/washerdrone.com\/tr\/services\/\"><\/a><\/p><\/div><\/div>\n\n\n\n<div class=\"wp-block-uagb-info-box uagb-block-bc51b5c7 uagb-infobox__content-wrap  uagb-infobox-icon-above-title uagb-infobox-image-valign-top\"><div class=\"uagb-ifb-content\"><div class=\"uagb-ifb-image-content\"><img decoding=\"async\" src=\"https:\/\/washerdrone.com\/wp-content\/uploads\/2025\/03\/washerdorne-hastane-okul-yikama.jpg\" alt=\"Y\u00fczeye su p\u00fcsk\u00fcrten drone\" width=\"700\" height=\"500\" loading=\"lazy\"\/><\/div><div class=\"uagb-ifb-title-wrap\"><h4 class=\"uagb-ifb-title\">End\u00fcstriyel Tesislerin D\u0131\u015f Cephe Temizli\u011fi<\/h4><\/div><p class=\"uagb-ifb-desc\">Fabrika, depo ve end\u00fcstriyel tesislerin d\u0131\u015f cepheleri zamanla kirlenir ve bak\u0131ma ihtiya\u00e7 duyar. Y\u0131kama dronlar\u0131, bu tesislerin geni\u015f ve y\u00fcksek alanlar\u0131n\u0131 kolayca temizleyerek i\u015fletmelerin d\u0131\u015f g\u00f6r\u00fcn\u00fcm\u00fcn\u00fc korur ve kurumsal imajlar\u0131n\u0131 g\u00fc\u00e7lendirir.<br><a href=\"http:\/\/wd-translate.local\/en\/washer-drone-dealership\/\" target=\"_blank\" rel=\"noopener\"><\/a><\/p><\/div><\/div>\n<\/div>\n<\/div><\/div>\n\n\n\n<p class=\"has-ast-global-color-0-color has-text-color has-medium-font-size\"><strong>Washerdrone Bayilik ve Franchise Ba\u015fvuru Formu<\/strong><\/p>\n\n\n<script charset=\"utf-8\" type=\"text\/javascript\" src=\"\/\/js-eu1.hsforms.net\/forms\/embed\/v2.js\"><\/script>\r\n<script>\r\n  hbspt.forms.create({\r\n    region: \"eu1\",\r\n    portalId: \"148472729\",\r\n    formId: \"38261717-ddd0-4084-b40e-97e0b67fe0fd\"\r\n  });\r\n<\/script>\n\n\n\n<hr class=\"wp-block-separator has-alpha-channel-opacity\"\/>\n\n\n\n<div class=\"wp-block-uagb-advanced-heading uagb-block-94e631e2\"><h2 class=\"uagb-heading-text\">WasherDrone Ortakl\u0131k A\u011f\u0131na Kat\u0131l\u0131n<\/h2><p class=\"uagb-desc-text\">End\u00fcstriyel temizli\u011fin gelece\u011finin bir par\u00e7as\u0131 olun. \u00d6l\u00e7e\u011finize uygun i\u015f modelini se\u00e7in ve WasherDrone ile b\u00fcy\u00fcmeye ba\u015flay\u0131n.<\/p><\/div>\n\n\n\n<div class=\"wp-block-media-text is-stacked-on-mobile\" style=\"grid-template-columns:33% auto\"><figure class=\"wp-block-media-text__media\"><img loading=\"lazy\" decoding=\"async\" width=\"1024\" height=\"1024\" src=\"https:\/\/washerdrone.com\/wp-content\/uploads\/2025\/12\/washerdrone-all-in-one-ground-system-1024x1024.jpeg\" alt=\"\u00e7ama\u015f\u0131r dronu-hepsi-bir-yer-sistemi\" class=\"wp-image-2811 size-full\" srcset=\"https:\/\/washerdrone.com\/wp-content\/uploads\/2025\/12\/washerdrone-all-in-one-ground-system-1024x1024.jpeg 1024w, https:\/\/washerdrone.com\/wp-content\/uploads\/2025\/12\/washerdrone-all-in-one-ground-system-300x300.jpeg 300w, https:\/\/washerdrone.com\/wp-content\/uploads\/2025\/12\/washerdrone-all-in-one-ground-system-150x150.jpeg 150w, https:\/\/washerdrone.com\/wp-content\/uploads\/2025\/12\/washerdrone-all-in-one-ground-system-768x768.jpeg 768w, https:\/\/washerdrone.com\/wp-content\/uploads\/2025\/12\/washerdrone-all-in-one-ground-system-1536x1536.jpeg 1536w, https:\/\/washerdrone.com\/wp-content\/uploads\/2025\/12\/washerdrone-all-in-one-ground-system-12x12.jpeg 12w, https:\/\/washerdrone.com\/wp-content\/uploads\/2025\/12\/washerdrone-all-in-one-ground-system.jpeg 1600w\" sizes=\"auto, (max-width: 1024px) 100vw, 1024px\" \/><\/figure><div class=\"wp-block-media-text__content\">\n<p class=\"has-medium-font-size\"><strong>WasherDrone Toplulu\u011fu<\/strong><\/p>\n\n\n\n<p class=\"has-medium-font-size\">8 \u00fclkede 10&#039;dan fazla profesyonel orta\u011f\u0131m\u0131zla, geli\u015fmi\u015f drone teknolojisiyle temizlik sekt\u00f6r\u00fcn\u00fc d\u00f6n\u00fc\u015ft\u00fcr\u00fcyoruz.<\/p>\n\n\n\n<p class=\"has-medium-font-size\">Temizlik Teknolojisinde K\u00fcresel Bir A\u011f<\/p>\n\n\n\n<ul class=\"wp-block-list\">\n<li class=\"has-medium-font-size\">Ekonomik ve kar odakl\u0131<\/li>\n\n\n\n<li class=\"has-medium-font-size\">Teknolojik bilgi payla\u015f\u0131m\u0131<\/li>\n\n\n\n<li class=\"has-medium-font-size\">Drone ile y\u0131kama projelerinde destek<\/li>\n<\/ul>\n\n\n\n<div class=\"wp-block-buttons is-layout-flex wp-block-buttons-is-layout-flex\">\n<div class=\"wp-block-button\"><a class=\"wp-block-button__link has-medium-font-size has-custom-font-size wp-element-button\" href=\"https:\/\/washerdrone.com\/tr\/drone-community\/\" target=\"_blank\" rel=\"noreferrer noopener\">Bize kat\u0131l\u0131n<\/a><\/div>\n<\/div>\n<\/div><\/div>\n\n\n\n<hr class=\"wp-block-separator has-alpha-channel-opacity is-style-default\" style=\"margin-top:var(--wp--preset--spacing--60);margin-bottom:var(--wp--preset--spacing--60)\"\/>\n\n\n\n<div class=\"wp-block-uagb-container uagb-block-2f1b880d alignfull uagb-is-root-container\"><div class=\"uagb-container-inner-blocks-wrap\">\n<div class=\"wp-block-uagb-advanced-heading uagb-block-9a56e4b1\"><h2 class=\"uagb-heading-text\">YouTube&#039;da WasherDrone<\/h2><\/div>\n\n\n\n<div class=\"wp-block-uagb-container uagb-block-f1808ef7\">\n<figure class=\"wp-block-embed is-type-video is-provider-youtube wp-block-embed-youtube wp-embed-aspect-16-9 wp-has-aspect-ratio\"><div class=\"wp-block-embed__wrapper\">\n<div class=\"ast-oembed-container\" style=\"height: 100%;\"><iframe loading=\"lazy\" title=\"Drone ile Y\u00fcksek Katl\u0131 Bina Temizli\u011fi - WasherDrone\" width=\"500\" height=\"281\" src=\"https:\/\/www.youtube.com\/embed\/lEcjVf8K9Dw?feature=oembed\" frameborder=\"0\" allow=\"accelerometer; autoplay; clipboard-write; encrypted-media; gyroscope; picture-in-picture; web-share\" referrerpolicy=\"strict-origin-when-cross-origin\" allowfullscreen><\/iframe><\/div>\n<\/div><\/figure>\n<\/div>\n<\/div><\/div>\n\n\n\n<hr class=\"wp-block-separator has-alpha-channel-opacity\" style=\"margin-top:var(--wp--preset--spacing--60);margin-bottom:var(--wp--preset--spacing--60)\"\/>\n\n\n\n<div class=\"wp-block-uagb-container uagb-block-ccd7ebec alignfull uagb-is-root-container\"><div class=\"uagb-container-inner-blocks-wrap\">\n<div class=\"wp-block-uagb-advanced-heading uagb-block-54c971d9\"><h2 class=\"uagb-heading-text\">Drone ile bina y\u0131kamaya ili\u015fkin yorumlar<\/h2><\/div>\n\n\n\n<div class=\"wp-block-uagb-container uagb-block-ad4a20c6\">\n<div class=\"wp-block-uagb-container uagb-block-d9dc51d0\">\n<div class=\"wp-block-uagb-star-rating uagb-block-4037b93f\"><div class=\"uag-star-rating\" title=\"5\/5\"><span class=\"uag-star\">\u2605<\/span><span class=\"uag-star\">\u2605<\/span><span class=\"uag-star\">\u2605<\/span><span class=\"uag-star\">\u2605<\/span><span class=\"uag-star\">\u2605<\/span><\/div><\/div>\n\n\n\n<div class=\"wp-block-uagb-testimonial uagb-slick-carousel uagb-tm__arrow-outside uagb-block-2a00424f uagb-post__carousel_notset uagb-post__carousel_notset-tablet uagb-post__carousel_notset-mobile\"><div class=\"is-carousel uagb-tm__columns-1 uagb-tm__items\"><div class=\"uagb-testimonial__wrap  uagb-tm__imgicon-style-circle uagb-tm__image-position-bottom uagb-tm__bg-type-none\"><div class=\"uagb-tm__content\"><div class=\"uagb-tm__overlay\"><\/div><div class=\"uagb-tm__text-wrap\"><div class=\"uagb-tm__desc\">\u0130leri teknoloji dronlar\u0131n uyum kabiliyeti ve yenilik\u00e7i \u00e7\u00f6z\u00fcmleri sayesinde d\u0131\u015f cephe temizli\u011finde \u00f6nc\u00fc, g\u00fcvenli ve etkili bir \u00e7\u00f6z\u00fcm sunuyoruz.<\/div><div class=\"uagb-tm__meta-inner\"><div class=\"uagb-tm__image-content\"><div class=\"uagb-tm__image\"><img decoding=\"async\" class=\"uagb-tm-img-src\" src=\"https:\/\/washerdrone.com\/wp-content\/uploads\/2025\/04\/sarper-150x150.png\" alt=\"\" width=\"60\" height=\"60\" loading=\"lazy\"\/><\/div><\/div><div class=\"uagb-testimonial-details\"><span class=\"uagb-tm__author-name\">Sarper S\u0131lao\u011flu<\/span><span class=\"uagb-tm__company\">WasherDrone<\/span><\/div><\/div><\/div><\/div><\/div><\/div><\/div>\n<\/div>\n\n\n\n<div class=\"wp-block-uagb-container uagb-block-137e68a4\">\n<div class=\"wp-block-uagb-star-rating uagb-block-8de84a8a\"><div class=\"uag-star-rating\" title=\"5\/5\"><span class=\"uag-star\">\u2605<\/span><span class=\"uag-star\">\u2605<\/span><span class=\"uag-star\">\u2605<\/span><span class=\"uag-star\">\u2605<\/span><span class=\"uag-star\">\u2605<\/span><\/div><\/div>\n\n\n\n<div class=\"wp-block-uagb-testimonial uagb-slick-carousel uagb-tm__arrow-outside uagb-block-e0c4962d uagb-post__carousel_notset uagb-post__carousel_notset-tablet uagb-post__carousel_notset-mobile\"><div class=\"is-carousel uagb-tm__columns-1 uagb-tm__items\"><div class=\"uagb-testimonial__wrap  uagb-tm__imgicon-style-circle uagb-tm__image-position-bottom uagb-tm__bg-type-none\"><div class=\"uagb-tm__content\"><div class=\"uagb-tm__overlay\"><\/div><div class=\"uagb-tm__text-wrap\"><div class=\"uagb-tm__desc\">Hastane y\u00f6netimi olarak \u00e7ok memnunuz. Tebrikler. \u00c7\u00f6z\u00fcm orta\u011f\u0131m\u0131z olacak bir ekip. Tebrikler.<br>Medikent Hastanesi<\/div><div class=\"uagb-tm__meta-inner\"><div class=\"uagb-tm__image-content\"><div class=\"uagb-tm__image\"><img decoding=\"async\" class=\"uagb-tm-img-src\" src=\"https:\/\/washerdrone.com\/wp-content\/uploads\/2025\/04\/medikent-150x150.png\" alt=\"\" width=\"60\" height=\"60\" loading=\"lazy\"\/><\/div><\/div><div class=\"uagb-testimonial-details\"><span class=\"uagb-tm__author-name\">Medikent<\/span><span class=\"uagb-tm__company\">Medikent Tekirda\u011f<\/span><\/div><\/div><\/div><\/div><\/div><\/div><\/div>\n<\/div>\n\n\n\n<div class=\"wp-block-uagb-container uagb-block-ba819198\">\n<div class=\"wp-block-uagb-star-rating uagb-block-958ff135\"><div class=\"uag-star-rating\" title=\"5\/5\"><span class=\"uag-star\">\u2605<\/span><span class=\"uag-star\">\u2605<\/span><span class=\"uag-star\">\u2605<\/span><span class=\"uag-star\">\u2605<\/span><span class=\"uag-star\">\u2605<\/span><\/div><\/div>\n\n\n\n<div class=\"wp-block-uagb-testimonial uagb-slick-carousel uagb-tm__arrow-outside uagb-block-007b3e9c uagb-post__carousel_notset uagb-post__carousel_notset-tablet uagb-post__carousel_notset-mobile\"><div class=\"is-carousel uagb-tm__columns-1 uagb-tm__items\"><div class=\"uagb-testimonial__wrap  uagb-tm__imgicon-style-circle uagb-tm__image-position-bottom uagb-tm__bg-type-none\"><div class=\"uagb-tm__content\"><div class=\"uagb-tm__overlay\"><\/div><div class=\"uagb-tm__text-wrap\"><div class=\"uagb-tm__desc\">\u0130\u015f g\u00fcvenli\u011fi bizim i\u00e7in en \u00f6nemli \u00f6nceliktir. Sepetli bir alanda \u00e7al\u0131\u015fmak her zaman i\u015f\u00e7iler i\u00e7in bir endi\u015fe kayna\u011f\u0131d\u0131r. Washerdrone, g\u00fcvenlik, h\u0131z ve temizlik konusunda en etkili \u00e7\u00f6z\u00fcmleri sunar.<\/div><div class=\"uagb-tm__meta-inner\"><div class=\"uagb-tm__image-content\"><div class=\"uagb-tm__image\"><img decoding=\"async\" class=\"uagb-tm-img-src\" src=\"https:\/\/washerdrone.com\/wp-content\/uploads\/2025\/04\/bilkom-150x150.png\" alt=\"\" width=\"60\" height=\"60\" loading=\"lazy\"\/><\/div><\/div><div class=\"uagb-testimonial-details\"><span class=\"uagb-tm__author-name\">Bilkom<\/span><span class=\"uagb-tm__company\">Bilkom \u0130stanbul<\/span><\/div><\/div><\/div><\/div><\/div><\/div><\/div>\n<\/div>\n<\/div>\n<\/div><\/div>\n\n\n\n<div class=\"wp-block-uagb-container uagb-block-3c795e40 alignfull uagb-is-root-container\"><div class=\"uagb-container-inner-blocks-wrap\">\n<div class=\"wp-block-uagb-image uagb-block-90ee0f2e wp-block-uagb-image--layout-default wp-block-uagb-image--effect-static wp-block-uagb-image--align-none\"><figure class=\"wp-block-uagb-image__figure\"><img decoding=\"async\" srcset=\"https:\/\/washerdrone.com\/wp-content\/uploads\/2025\/03\/washer-drone-cozumleri.jpg ,https:\/\/washerdrone.com\/wp-content\/uploads\/2025\/03\/washer-drone-cozumleri.jpg 780w, https:\/\/washerdrone.com\/wp-content\/uploads\/2025\/03\/washer-drone-cozumleri.jpg 360w\" sizes=\"auto, (max-width: 480px) 150px\" src=\"https:\/\/washerdrone.com\/wp-content\/uploads\/2025\/03\/washer-drone-cozumleri.jpg\" alt=\"\" class=\"uag-image-1528\" width=\"700\" height=\"500\" title=\"\u00e7ama\u015f\u0131r makinesi-drone-cozumleri\" loading=\"lazy\" role=\"img\"\/><\/figure><\/div>\n\n\n\n<div class=\"wp-block-uagb-info-box uagb-block-bd72b2fb uagb-infobox__content-wrap  uagb-infobox-icon-above-title uagb-infobox-image-valign-top\"><div class=\"uagb-ifb-content\"><div class=\"uagb-ifb-title-wrap\"><h2 class=\"uagb-ifb-title\">Drone ile alan y\u0131kama konusunda \u201c\u00e7\u00f6z\u00fcmlerimiz\u201d sayfas\u0131na ho\u015f geldiniz.<\/h2><\/div><div class=\"uagb-ifb-button-wrapper wp-block-button\"><a href=\"https:\/\/washerdrone.com\/tr\/solutions-2\/\" class=\"uagb-infobox-cta-link wp-block-button__link\" target=\"_self\" rel=\"noopener noreferrer\" onclick=\"return true;\"><span class=\"uagb-inline-editing\">\u00c7\u00f6z\u00fcmler<\/span><svg xmlns=\"https:\/\/www.w3.org\/2000\/svg\" viewbox=\"0 0 448 512\"><path d=\"M438.6 278.6l-160 160C272.4 444.9 264.2 448 256 448s-16.38-3.125-22.62-9.375c-12.5-12.5-12.5-32.75 0-45.25L338.8 288H32C14.33 288 .0016 273.7 .0016 256S14.33 224 32 224h306.8l-105.4-105.4c-12.5-12.5-12.5-32.75 0-45.25s32.75-12.5 45.25 0l160 160C451.1 245.9 451.1 266.1 438.6 278.6z\"><\/path><\/svg><\/a><\/div><\/div><\/div>\n<\/div><\/div>\n\n\n\n<div class=\"wp-block-uagb-container uagb-block-724ccc2b alignfull uagb-is-root-container\"><div class=\"uagb-container-inner-blocks-wrap\"><\/div><\/div>","protected":false},"excerpt":{"rendered":"<p>Where are Washing Drone Technologies Used? Washerdrone Dealership &amp; Franchise Application Form Join the WasherDrone Partnership Network Be a part of the future of industrial cleaning. Choose the business model that fits your scale and start growing with WasherDrone. WasherDrone on Youtube Our comments on building washing with drone<\/p>","protected":false},"author":1,"featured_media":0,"parent":0,"menu_order":0,"comment_status":"closed","ping_status":"closed","template":"","meta":{"_uag_custom_page_level_css":"","site-sidebar-layout":"no-sidebar","site-content-layout":"plain-container","ast-site-content-layout":"normal-width-container","site-content-style":"unboxed","site-sidebar-style":"unboxed","ast-global-header-display":"","ast-banner-title-visibility":"","ast-main-header-display":"","ast-hfb-above-header-display":"","ast-hfb-below-header-display":"","ast-hfb-mobile-header-display":"","site-post-title":"disabled","ast-breadcrumbs-content":"","ast-featured-img":"","footer-sml-layout":"","theme-transparent-header-meta":"enabled","adv-header-id-meta":"","stick-header-meta":"","header-above-stick-meta":"","header-main-stick-meta":"","header-below-stick-meta":"","astra-migrate-meta-layouts":"set","ast-page-background-enabled":"default","ast-page-background-meta":{"desktop":{"background-color":"var(--ast-global-color-4)","background-image":"","background-repeat":"repeat","background-position":"center center","background-size":"auto","background-attachment":"scroll","background-type":"","background-media":"","overlay-type":"","overlay-color":"","overlay-opacity":"","overlay-gradient":""},"tablet":{"background-color":"","background-image":"","background-repeat":"repeat","background-position":"center center","background-size":"auto","background-attachment":"scroll","background-type":"","background-media":"","overlay-type":"","overlay-color":"","overlay-opacity":"","overlay-gradient":""},"mobile":{"background-color":"","background-image":"","background-repeat":"repeat","background-position":"center center","background-size":"auto","background-attachment":"scroll","background-type":"","background-media":"","overlay-type":"","overlay-color":"","overlay-opacity":"","overlay-gradient":""}},"ast-content-background-meta":{"desktop":{"background-color":"var(--ast-global-color-5)","background-image":"","background-repeat":"repeat","background-position":"center center","background-size":"auto","background-attachment":"scroll","background-type":"","background-media":"","overlay-type":"","overlay-color":"","overlay-opacity":"","overlay-gradient":""},"tablet":{"background-color":"var(--ast-global-color-5)","background-image":"","background-repeat":"repeat","background-position":"center center","background-size":"auto","background-attachment":"scroll","background-type":"","background-media":"","overlay-type":"","overlay-color":"","overlay-opacity":"","overlay-gradient":""},"mobile":{"background-color":"var(--ast-global-color-5)","background-image":"","background-repeat":"repeat","background-position":"center center","background-size":"auto","background-attachment":"scroll","background-type":"","background-media":"","overlay-type":"","overlay-color":"","overlay-opacity":"","overlay-gradient":""}},"footnotes":""},"class_list":["post-359","page","type-page","status-publish","hentry"],"uagb_featured_image_src":{"full":false,"thumbnail":false,"medium":false,"medium_large":false,"large":false,"1536x1536":false,"2048x2048":false,"trp-custom-language-flag":false},"uagb_author_info":{"display_name":"ibrahim-mert","author_link":"https:\/\/washerdrone.com\/tr\/author\/ibrahim-mert\/"},"uagb_comment_info":0,"uagb_excerpt":"Where are Washing Drone Technologies Used? Washerdrone Dealership &amp; Franchise Application Form Join the WasherDrone Partnership Network Be a part of the future of industrial cleaning. Choose the business model that fits your scale and start growing with WasherDrone. WasherDrone on Youtube Our comments on building washing with drone","_links":{"self":[{"href":"https:\/\/washerdrone.com\/tr\/wp-json\/wp\/v2\/pages\/359","targetHints":{"allow":["GET"]}}],"collection":[{"href":"https:\/\/washerdrone.com\/tr\/wp-json\/wp\/v2\/pages"}],"about":[{"href":"https:\/\/washerdrone.com\/tr\/wp-json\/wp\/v2\/types\/page"}],"author":[{"embeddable":true,"href":"https:\/\/washerdrone.com\/tr\/wp-json\/wp\/v2\/users\/1"}],"replies":[{"embeddable":true,"href":"https:\/\/washerdrone.com\/tr\/wp-json\/wp\/v2\/comments?post=359"}],"version-history":[{"count":135,"href":"https:\/\/washerdrone.com\/tr\/wp-json\/wp\/v2\/pages\/359\/revisions"}],"predecessor-version":[{"id":3092,"href":"https:\/\/washerdrone.com\/tr\/wp-json\/wp\/v2\/pages\/359\/revisions\/3092"}],"wp:attachment":[{"href":"https:\/\/washerdrone.com\/tr\/wp-json\/wp\/v2\/media?parent=359"}],"curies":[{"name":"wp","href":"https:\/\/api.w.org\/{rel}","templated":true}]}}