{"id":3110,"date":"2026-05-14T13:38:01","date_gmt":"2026-05-14T13:38:01","guid":{"rendered":"https:\/\/washerdrone.com\/?page_id=3110"},"modified":"2026-05-14T15:45:59","modified_gmt":"2026-05-14T15:45:59","slug":"drone-cleaning-training","status":"publish","type":"page","link":"https:\/\/washerdrone.com\/tr\/drone-cleaning-training\/","title":{"rendered":"Drone ile Temizlik E\u011fitimi"},"content":{"rendered":"<div class=\"wp-block-uagb-container uagb-block-ddbe5c65 alignfull uagb-is-root-container\"><div class=\"uagb-container-inner-blocks-wrap\">\n<div class=\"wp-block-uagb-advanced-heading uagb-block-fa4e7c56\"><h1 class=\"uagb-heading-text\">Drone ile Temizlik E\u011fitimi<\/h1><p class=\"uagb-desc-text\"><strong>Profesyonel WasherDrone E\u011fitim Program\u0131<\/strong><\/p><\/div>\n<\/div><\/div>\n\n\n\n<hr class=\"wp-block-separator has-alpha-channel-opacity\"\/>\n\n\n\n<div class=\"wp-block-media-text is-stacked-on-mobile\" style=\"grid-template-columns:36% auto\"><figure class=\"wp-block-media-text__media\"><img loading=\"lazy\" decoding=\"async\" width=\"1024\" height=\"1024\" src=\"https:\/\/washerdrone.com\/wp-content\/uploads\/2025\/04\/WasherDrone-Platformu-1024x1024.jpg\" alt=\"\" class=\"wp-image-1751 size-medium\" srcset=\"https:\/\/washerdrone.com\/wp-content\/uploads\/2025\/04\/WasherDrone-Platformu-1024x1024.jpg 1024w, https:\/\/washerdrone.com\/wp-content\/uploads\/2025\/04\/WasherDrone-Platformu-300x300.jpg 300w, https:\/\/washerdrone.com\/wp-content\/uploads\/2025\/04\/WasherDrone-Platformu-100x100.jpg 100w, https:\/\/washerdrone.com\/wp-content\/uploads\/2025\/04\/WasherDrone-Platformu-600x600.jpg 600w, https:\/\/washerdrone.com\/wp-content\/uploads\/2025\/04\/WasherDrone-Platformu-150x150.jpg 150w, https:\/\/washerdrone.com\/wp-content\/uploads\/2025\/04\/WasherDrone-Platformu-768x768.jpg 768w, https:\/\/washerdrone.com\/wp-content\/uploads\/2025\/04\/WasherDrone-Platformu-1536x1536.jpg 1536w, https:\/\/washerdrone.com\/wp-content\/uploads\/2025\/04\/WasherDrone-Platformu-12x12.jpg 12w, https:\/\/washerdrone.com\/wp-content\/uploads\/2025\/04\/WasherDrone-Platformu.jpg 2000w\" sizes=\"auto, (max-width: 1024px) 100vw, 1024px\" \/><\/figure><div class=\"wp-block-media-text__content\">\n<div class=\"wp-block-uagb-advanced-heading uagb-block-244e7185\"><h2 class=\"uagb-heading-text\">Profesyonel WasherDrone E\u011fitim Program\u0131<\/h2><\/div>\n\n\n\n<p>Ticari cephe ve d\u0131\u015f cephe temizli\u011fi sekt\u00f6r\u00fcne giren \u015firketler i\u00e7in profesyonel drone temizli\u011fi e\u011fitimi \u015fartt\u0131r. Drone temizleme sistemini \u00e7al\u0131\u015ft\u0131rmak, temel drone pilotlu\u011fundan \u00e7ok daha fazlas\u0131n\u0131 gerektirir. Bas\u0131n\u00e7 sistemleri, hortum y\u00f6netimi, kimyasal uygulama, r\u00fczgar ko\u015fullar\u0131 ve operasyonel g\u00fcvenlik, temizleme performans\u0131n\u0131 ve u\u00e7u\u015f stabilitesini do\u011frudan etkiler.<br><br><a href=\"https:\/\/washerdrone.com\/tr\/\">WasherDrone<\/a> Operat\u00f6r Program\u0131, profesyonel cephe temizli\u011fi, \u00e7at\u0131 temizli\u011fi, g\u00fcne\u015f paneli temizli\u011fi ve d\u0131\u015f cephe bak\u0131m i\u015flemleri i\u00e7in uygulamal\u0131 drone temizli\u011fi e\u011fitimi sa\u011flamak \u00fczere tasarlanm\u0131\u015ft\u0131r.<br><br>Ger\u00e7ek ticari saha ko\u015fullar\u0131 g\u00f6z \u00f6n\u00fcnde bulundurularak tasarlanan bu drone ile temizlik e\u011fitim program\u0131, teori, canl\u0131 g\u00f6steriler, operasyonel g\u00fcvenlik, ileti\u015fim protokolleri, sorun giderme ve pratik u\u00e7u\u015f uygulamalar\u0131n\u0131 bir araya getiriyor.<\/p>\n<\/div><\/div>\n\n\n\n<hr class=\"wp-block-separator has-alpha-channel-opacity\"\/>\n\n\n\n<div class=\"wp-block-media-text is-stacked-on-mobile has-white-background-color has-background\" style=\"grid-template-columns:36% auto\"><figure class=\"wp-block-media-text__media\"><img loading=\"lazy\" decoding=\"async\" width=\"1024\" height=\"1024\" src=\"https:\/\/washerdrone.com\/wp-content\/uploads\/2025\/04\/Basinc-Uretim-Unitesi-1024x1024.jpg\" alt=\"\" class=\"wp-image-1752 size-medium\" srcset=\"https:\/\/washerdrone.com\/wp-content\/uploads\/2025\/04\/Basinc-Uretim-Unitesi-1024x1024.jpg 1024w, https:\/\/washerdrone.com\/wp-content\/uploads\/2025\/04\/Basinc-Uretim-Unitesi-300x300.jpg 300w, https:\/\/washerdrone.com\/wp-content\/uploads\/2025\/04\/Basinc-Uretim-Unitesi-100x100.jpg 100w, https:\/\/washerdrone.com\/wp-content\/uploads\/2025\/04\/Basinc-Uretim-Unitesi-600x600.jpg 600w, https:\/\/washerdrone.com\/wp-content\/uploads\/2025\/04\/Basinc-Uretim-Unitesi-150x150.jpg 150w, https:\/\/washerdrone.com\/wp-content\/uploads\/2025\/04\/Basinc-Uretim-Unitesi-768x768.jpg 768w, https:\/\/washerdrone.com\/wp-content\/uploads\/2025\/04\/Basinc-Uretim-Unitesi-1536x1536.jpg 1536w, https:\/\/washerdrone.com\/wp-content\/uploads\/2025\/04\/Basinc-Uretim-Unitesi-12x12.jpg 12w, https:\/\/washerdrone.com\/wp-content\/uploads\/2025\/04\/Basinc-Uretim-Unitesi.jpg 2000w\" sizes=\"auto, (max-width: 1024px) 100vw, 1024px\" \/><\/figure><div class=\"wp-block-media-text__content\">\n<div class=\"wp-block-uagb-advanced-heading uagb-block-4a29dc2f\"><h2 class=\"uagb-heading-text\">Drone ile Temizlik E\u011fitim Program\u0131na Neler Dahildir?<\/h2><\/div>\n\n\n\n<p>Profesyonel ekibimiz <strong>drone ile temizlik e\u011fitimi<\/strong> i\u00e7erir:<\/p>\n\n\n\n<ul class=\"wp-block-list\">\n<li>Yer sistemi i\u015fletimi<\/li>\n\n\n\n<li>Drone yap\u0131land\u0131rmas\u0131 ve g\u00fcvenli\u011fi<\/li>\n\n\n\n<li>Cephe temizleme prosed\u00fcrleri<\/li>\n\n\n\n<li>Bas\u0131n\u00e7 ve hortum y\u00f6netimi<\/li>\n\n\n\n<li>Kimyasal uygulama protokolleri<\/li>\n\n\n\n<li>\u0130leti\u015fim e\u011fitimi<\/li>\n\n\n\n<li>Acil durum m\u00fcdahale prosed\u00fcrleri<\/li>\n\n\n\n<li>Sorun giderme al\u0131\u015ft\u0131rmalar\u0131<\/li>\n\n\n\n<li>Canl\u0131 operasyonel uygulama<\/li>\n\n\n\n<li>Operat\u00f6r sertifikas\u0131<\/li>\n<\/ul>\n\n\n\n<p>Bu <strong>drone ile temizlik e\u011fitimi<\/strong> Program, ger\u00e7ek d\u00fcnya ticari temizlik senaryolar\u0131na odaklanan 3+1 g\u00fcnl\u00fck uygulamal\u0131 bir kurs olarak yap\u0131land\u0131r\u0131lm\u0131\u015ft\u0131r.<\/p>\n<\/div><\/div>\n\n\n\n<hr class=\"wp-block-separator has-alpha-channel-opacity\"\/>\n\n\n\n<div class=\"wp-block-media-text is-stacked-on-mobile\" style=\"grid-template-columns:36% auto\"><figure class=\"wp-block-media-text__media\"><img loading=\"lazy\" decoding=\"async\" width=\"1024\" height=\"1024\" src=\"https:\/\/washerdrone.com\/wp-content\/uploads\/2025\/04\/Dozajlama-Sistemi-1024x1024.jpg\" alt=\"\" class=\"wp-image-1753 size-medium\" srcset=\"https:\/\/washerdrone.com\/wp-content\/uploads\/2025\/04\/Dozajlama-Sistemi-1024x1024.jpg 1024w, https:\/\/washerdrone.com\/wp-content\/uploads\/2025\/04\/Dozajlama-Sistemi-300x300.jpg 300w, https:\/\/washerdrone.com\/wp-content\/uploads\/2025\/04\/Dozajlama-Sistemi-100x100.jpg 100w, https:\/\/washerdrone.com\/wp-content\/uploads\/2025\/04\/Dozajlama-Sistemi-600x600.jpg 600w, https:\/\/washerdrone.com\/wp-content\/uploads\/2025\/04\/Dozajlama-Sistemi-150x150.jpg 150w, https:\/\/washerdrone.com\/wp-content\/uploads\/2025\/04\/Dozajlama-Sistemi-768x768.jpg 768w, https:\/\/washerdrone.com\/wp-content\/uploads\/2025\/04\/Dozajlama-Sistemi-1536x1536.jpg 1536w, https:\/\/washerdrone.com\/wp-content\/uploads\/2025\/04\/Dozajlama-Sistemi-12x12.jpg 12w, https:\/\/washerdrone.com\/wp-content\/uploads\/2025\/04\/Dozajlama-Sistemi.jpg 2000w\" sizes=\"auto, (max-width: 1024px) 100vw, 1024px\" \/><\/figure><div class=\"wp-block-media-text__content\">\n<div class=\"wp-block-uagb-advanced-heading uagb-block-c3a54284\"><h2 class=\"uagb-heading-text\">Bu Drone Temizlik E\u011fitimi Kimler \u0130\u00e7in?<\/h2><\/div>\n\n\n\n<p>Bu <strong>drone ile temizlik e\u011fitimi<\/strong> \u015eunlar i\u00e7in tasarlanm\u0131\u015ft\u0131r:<\/p>\n\n\n\n<ul class=\"wp-block-list\">\n<li>Drone temizlik \u015firketleri<\/li>\n\n\n\n<li>D\u0131\u015f cephe temizli\u011fi i\u015fletmeleri<\/li>\n\n\n\n<li>Cephe temizli\u011fi y\u00fcklenicileri<\/li>\n\n\n\n<li>\u00c7at\u0131 temizli\u011fi uzmanlar\u0131<\/li>\n\n\n\n<li>G\u00fcne\u015f paneli temizleme operat\u00f6rleri<\/li>\n\n\n\n<li>End\u00fcstriyel temizlik \u015firketleri<\/li>\n\n\n\n<li>Tesis bak\u0131m ekipleri<\/li>\n\n\n\n<li>Drone ile temizlik sekt\u00f6r\u00fcne giren giri\u015fimciler<\/li>\n<\/ul>\n\n\n\n<p>\u0130ster yeni bir drone ile temizlik i\u015fletmesi kuruyor olun ister mevcut operasyonlar\u0131n\u0131z\u0131 b\u00fcy\u00fct\u00fcyor olun, WasherDrone size pratik \u00e7\u00f6z\u00fcmler sunar. <strong>drone ile temizlik e\u011fitimi<\/strong> Ticari uygulamalar i\u00e7in \u00fcretilmi\u015ftir.<\/p>\n<\/div><\/div>\n\n\n\n<hr class=\"wp-block-separator has-alpha-channel-opacity\"\/>\n\n\n\n<div class=\"wp-block-media-text is-stacked-on-mobile has-white-background-color has-background\" style=\"grid-template-columns:36% auto\"><figure class=\"wp-block-media-text__media\"><img loading=\"lazy\" decoding=\"async\" width=\"1024\" height=\"1024\" src=\"https:\/\/washerdrone.com\/wp-content\/uploads\/2025\/04\/Arac-Entegrasyonu-1024x1024.jpg\" alt=\"\" class=\"wp-image-1757 size-medium\" srcset=\"https:\/\/washerdrone.com\/wp-content\/uploads\/2025\/04\/Arac-Entegrasyonu-1024x1024.jpg 1024w, https:\/\/washerdrone.com\/wp-content\/uploads\/2025\/04\/Arac-Entegrasyonu-300x300.jpg 300w, https:\/\/washerdrone.com\/wp-content\/uploads\/2025\/04\/Arac-Entegrasyonu-100x100.jpg 100w, https:\/\/washerdrone.com\/wp-content\/uploads\/2025\/04\/Arac-Entegrasyonu-600x600.jpg 600w, https:\/\/washerdrone.com\/wp-content\/uploads\/2025\/04\/Arac-Entegrasyonu-150x150.jpg 150w, https:\/\/washerdrone.com\/wp-content\/uploads\/2025\/04\/Arac-Entegrasyonu-768x768.jpg 768w, https:\/\/washerdrone.com\/wp-content\/uploads\/2025\/04\/Arac-Entegrasyonu-1536x1536.jpg 1536w, https:\/\/washerdrone.com\/wp-content\/uploads\/2025\/04\/Arac-Entegrasyonu-12x12.jpg 12w, https:\/\/washerdrone.com\/wp-content\/uploads\/2025\/04\/Arac-Entegrasyonu.jpg 2000w\" sizes=\"auto, (max-width: 1024px) 100vw, 1024px\" \/><\/figure><div class=\"wp-block-media-text__content\">\n<div class=\"wp-block-uagb-advanced-heading uagb-block-323d5d02\"><h2 class=\"uagb-heading-text\">Drone ile Temizlik Uygulamal\u0131 E\u011fitimi<\/h2><\/div>\n\n\n\n<p>Geleneksel drone e\u011fitimlerinden farkl\u0131 olarak, WasherDrone operasyonel uygulamaya odaklanmaktad\u0131r.<\/p>\n\n\n\n<p>Kat\u0131l\u0131mc\u0131lar sistemi fiziksel olarak \u00e7al\u0131\u015ft\u0131r\u0131r, hortumun davran\u0131\u015f\u0131n\u0131 y\u00f6netir, kontroll\u00fc cephe temizleme i\u015flemleri ger\u00e7ekle\u015ftirir ve ger\u00e7ek operasyonlar s\u0131ras\u0131nda bas\u0131n\u00e7 sistemlerinin drone stabilitesiyle nas\u0131l etkile\u015fimde bulundu\u011funu \u00f6\u011frenirler. \u00c7\u00fcnk\u00fc yer\u00e7ekimi her derse kat\u0131lmaya son derece isteklidir.<\/p>\n\n\n\n<p>The <strong>drone ile temizlik e\u011fitimi<\/strong> Program ayr\u0131ca \u015funlar\u0131 da kapsar:<\/p>\n\n\n\n<p>\u2013 Drone operasyonel kurulumu<br>\u2013 Drone ile bas\u0131n\u00e7l\u0131 y\u0131kama i\u015flemleri<br>\u2013 Yumu\u015fak y\u0131kama drone uygulamalar\u0131<br>\u2013 D\u0131\u015f cephe temizli\u011fi g\u00fcvenli\u011fi<br>\u2013 Y\u00fcksek binalar\u0131n cephe temizli\u011fi i\u015f ak\u0131\u015flar\u0131<br>\u2013 Ticari drone ile temizlik protokolleri<\/p>\n<\/div><\/div>\n\n\n\n<hr class=\"wp-block-separator has-alpha-channel-opacity\"\/>\n\n\n\n<div class=\"wp-block-media-text is-stacked-on-mobile\" style=\"grid-template-columns:36% auto\"><figure class=\"wp-block-media-text__media\"><img loading=\"lazy\" decoding=\"async\" width=\"1024\" height=\"1024\" src=\"https:\/\/washerdrone.com\/wp-content\/uploads\/2025\/04\/Uzaktan-Kumanda-Paneli-1024x1024.jpg\" alt=\"\" class=\"wp-image-1755 size-medium\" srcset=\"https:\/\/washerdrone.com\/wp-content\/uploads\/2025\/04\/Uzaktan-Kumanda-Paneli-1024x1024.jpg 1024w, https:\/\/washerdrone.com\/wp-content\/uploads\/2025\/04\/Uzaktan-Kumanda-Paneli-300x300.jpg 300w, https:\/\/washerdrone.com\/wp-content\/uploads\/2025\/04\/Uzaktan-Kumanda-Paneli-100x100.jpg 100w, https:\/\/washerdrone.com\/wp-content\/uploads\/2025\/04\/Uzaktan-Kumanda-Paneli-600x600.jpg 600w, https:\/\/washerdrone.com\/wp-content\/uploads\/2025\/04\/Uzaktan-Kumanda-Paneli-150x150.jpg 150w, https:\/\/washerdrone.com\/wp-content\/uploads\/2025\/04\/Uzaktan-Kumanda-Paneli-768x768.jpg 768w, https:\/\/washerdrone.com\/wp-content\/uploads\/2025\/04\/Uzaktan-Kumanda-Paneli-1536x1536.jpg 1536w, https:\/\/washerdrone.com\/wp-content\/uploads\/2025\/04\/Uzaktan-Kumanda-Paneli-12x12.jpg 12w, https:\/\/washerdrone.com\/wp-content\/uploads\/2025\/04\/Uzaktan-Kumanda-Paneli.jpg 2000w\" sizes=\"auto, (max-width: 1024px) 100vw, 1024px\" \/><\/figure><div class=\"wp-block-media-text__content\">\n<div class=\"wp-block-uagb-advanced-heading uagb-block-78d0885e\"><h2 class=\"uagb-heading-text\">Drone ile Temizlik Sertifikas\u0131<\/h2><\/div>\n\n\n\n<p>Program\u0131n sonunda ba\u015far\u0131l\u0131 olan kat\u0131l\u0131mc\u0131lar \u015funlar\u0131 al\u0131rlar:<\/p>\n\n\n\n<h3 class=\"wp-block-heading\"><strong>WasherDrone Operat\u00f6r\u00fc Sertifikas\u0131<\/strong><\/h3>\n\n\n\n<p>Bu sertifika a\u015fa\u011f\u0131daki alanlardaki yeterlili\u011fi teyit eder:<\/p>\n\n\n\n<ul class=\"wp-block-list\">\n<li>Profesyonel drone ile temizlik operasyonlar\u0131<\/li>\n\n\n\n<li>Cephe temizleme i\u015f ak\u0131\u015flar\u0131<\/li>\n\n\n\n<li>Yer sistemi y\u00f6netimi<\/li>\n\n\n\n<li>Kimyasal uygulama prosed\u00fcrleri<\/li>\n\n\n\n<li>\u0130leti\u015fim ve g\u00fcvenlik protokolleri<\/li>\n\n\n\n<li>Acil durum m\u00fcdahalesi<\/li>\n<\/ul>\n\n\n\n<p>WasherDrone sertifikasyon program\u0131, operat\u00f6rleri ger\u00e7ek ticari drone temizlik projelerine haz\u0131rlamak i\u00e7in tasarlanm\u0131\u015ft\u0131r.<\/p>\n<\/div><\/div>\n\n\n\n<hr class=\"wp-block-separator has-alpha-channel-opacity\"\/>\n\n\n\n<div class=\"wp-block-media-text is-stacked-on-mobile has-white-background-color has-background\" style=\"grid-template-columns:36% auto\"><figure class=\"wp-block-media-text__media\"><img loading=\"lazy\" decoding=\"async\" width=\"1024\" height=\"1024\" src=\"https:\/\/washerdrone.com\/wp-content\/uploads\/2025\/04\/Arac-Entegrasyonu-1024x1024.jpg\" alt=\"\" class=\"wp-image-1757 size-medium\" srcset=\"https:\/\/washerdrone.com\/wp-content\/uploads\/2025\/04\/Arac-Entegrasyonu-1024x1024.jpg 1024w, https:\/\/washerdrone.com\/wp-content\/uploads\/2025\/04\/Arac-Entegrasyonu-300x300.jpg 300w, https:\/\/washerdrone.com\/wp-content\/uploads\/2025\/04\/Arac-Entegrasyonu-100x100.jpg 100w, https:\/\/washerdrone.com\/wp-content\/uploads\/2025\/04\/Arac-Entegrasyonu-600x600.jpg 600w, https:\/\/washerdrone.com\/wp-content\/uploads\/2025\/04\/Arac-Entegrasyonu-150x150.jpg 150w, https:\/\/washerdrone.com\/wp-content\/uploads\/2025\/04\/Arac-Entegrasyonu-768x768.jpg 768w, https:\/\/washerdrone.com\/wp-content\/uploads\/2025\/04\/Arac-Entegrasyonu-1536x1536.jpg 1536w, https:\/\/washerdrone.com\/wp-content\/uploads\/2025\/04\/Arac-Entegrasyonu-12x12.jpg 12w, https:\/\/washerdrone.com\/wp-content\/uploads\/2025\/04\/Arac-Entegrasyonu.jpg 2000w\" sizes=\"auto, (max-width: 1024px) 100vw, 1024px\" \/><\/figure><div class=\"wp-block-media-text__content\">\n<div class=\"wp-block-uagb-advanced-heading uagb-block-84c9d8fd\"><h2 class=\"uagb-heading-text\">WasherDrone Drone Temizlik E\u011fitimini Neden Se\u00e7melisiniz?<\/h2><\/div>\n\n\n\n<p>Teklifimiz:<\/p>\n\n\n\n<ul class=\"wp-block-list\">\n<li>Ger\u00e7ek ticari operasyonel e\u011fitim<\/li>\n\n\n\n<li>Uygulamal\u0131 sistem deneyimi<\/li>\n\n\n\n<li>Profesyonel cephe temizli\u011fi i\u015f ak\u0131\u015flar\u0131<\/li>\n\n\n\n<li>Canl\u0131 sorun giderme senaryolar\u0131<\/li>\n\n\n\n<li>Drone ile bas\u0131n\u00e7l\u0131 y\u0131kama operasyonlar\u0131<\/li>\n\n\n\n<li>D\u0131\u015f cephe ve \u00e7at\u0131 temizli\u011fi uygulamalar\u0131<\/li>\n\n\n\n<li>Sekt\u00f6re odakl\u0131 sertifikasyon<\/li>\n\n\n\n<li>\u00d6l\u00e7eklenebilir drone temizlik i\u015fletmeleri i\u00e7in tasarlanm\u0131\u015ft\u0131r.<\/li>\n<\/ul>\n<\/div><\/div>\n\n\n\n<hr class=\"wp-block-separator has-alpha-channel-opacity\"\/>\n\n\n\n<div class=\"wp-block-media-text is-stacked-on-mobile\" style=\"grid-template-columns:36% auto\"><figure class=\"wp-block-media-text__media\"><img loading=\"lazy\" decoding=\"async\" width=\"1024\" height=\"1024\" src=\"https:\/\/washerdrone.com\/wp-content\/uploads\/2025\/04\/Uzaktan-Kumanda-Paneli-1024x1024.jpg\" alt=\"\" class=\"wp-image-1755 size-medium\" srcset=\"https:\/\/washerdrone.com\/wp-content\/uploads\/2025\/04\/Uzaktan-Kumanda-Paneli-1024x1024.jpg 1024w, https:\/\/washerdrone.com\/wp-content\/uploads\/2025\/04\/Uzaktan-Kumanda-Paneli-300x300.jpg 300w, https:\/\/washerdrone.com\/wp-content\/uploads\/2025\/04\/Uzaktan-Kumanda-Paneli-100x100.jpg 100w, https:\/\/washerdrone.com\/wp-content\/uploads\/2025\/04\/Uzaktan-Kumanda-Paneli-600x600.jpg 600w, https:\/\/washerdrone.com\/wp-content\/uploads\/2025\/04\/Uzaktan-Kumanda-Paneli-150x150.jpg 150w, https:\/\/washerdrone.com\/wp-content\/uploads\/2025\/04\/Uzaktan-Kumanda-Paneli-768x768.jpg 768w, https:\/\/washerdrone.com\/wp-content\/uploads\/2025\/04\/Uzaktan-Kumanda-Paneli-1536x1536.jpg 1536w, https:\/\/washerdrone.com\/wp-content\/uploads\/2025\/04\/Uzaktan-Kumanda-Paneli-12x12.jpg 12w, https:\/\/washerdrone.com\/wp-content\/uploads\/2025\/04\/Uzaktan-Kumanda-Paneli.jpg 2000w\" sizes=\"auto, (max-width: 1024px) 100vw, 1024px\" \/><\/figure><div class=\"wp-block-media-text__content\">\n<div class=\"wp-block-uagb-advanced-heading uagb-block-a58fa45b\"><h2 class=\"uagb-heading-text\">Profesyonel Drone Temizleme E\u011fitimine Ba\u015flay\u0131n<\/h2><\/div>\n\n\n\n<p>WasherDrone Operat\u00f6r Program\u0131na kat\u0131l\u0131n ve profesyonel drone temizleme operasyonlar\u0131, cephe temizleme sistemleri, d\u0131\u015f cephe bak\u0131m i\u015f ak\u0131\u015flar\u0131 ve ticari drone temizleme prosed\u00fcrleri konusunda pratik deneyim kazan\u0131n.<\/p>\n\n\n\n<p><strong>Ger\u00e7ek Ticari Operasyonlar \u0130\u00e7in Profesyonel Drone Temizleme E\u011fitimi.<\/strong><\/p>\n<\/div><\/div>\n\n\n\n<p><\/p>\n\n\n\n<script src=\"https:\/\/js-eu1.hsforms.net\/forms\/embed\/148472729.js\" defer><\/script>\n<div class=\"hs-form-frame\" data-region=\"eu1\" data-form-id=\"38261717-ddd0-4084-b40e-97e0b67fe0fd\" data-portal-id=\"148472729\"><\/div>\n\n\n\n<p><\/p>\n\n\n\n<p class=\"has-text-align-center has-medium-font-size\"><strong>E\u011e\u0130T\u0130M PROGRAMI<\/strong><\/p>\n\n\n\n<figure class=\"wp-block-image aligncenter size-large is-resized\"><img loading=\"lazy\" decoding=\"async\" width=\"1024\" height=\"819\" src=\"https:\/\/washerdrone.com\/wp-content\/uploads\/2026\/05\/drone-cleaning-training-2-1024x819.jpeg\" alt=\"\" class=\"wp-image-3124\" style=\"width:800px\" srcset=\"https:\/\/washerdrone.com\/wp-content\/uploads\/2026\/05\/drone-cleaning-training-2-1024x819.jpeg 1024w, https:\/\/washerdrone.com\/wp-content\/uploads\/2026\/05\/drone-cleaning-training-2-300x240.jpeg 300w, https:\/\/washerdrone.com\/wp-content\/uploads\/2026\/05\/drone-cleaning-training-2-768x615.jpeg 768w, https:\/\/washerdrone.com\/wp-content\/uploads\/2026\/05\/drone-cleaning-training-2-15x12.jpeg 15w, https:\/\/washerdrone.com\/wp-content\/uploads\/2026\/05\/drone-cleaning-training-2.jpeg 1402w\" sizes=\"auto, (max-width: 1024px) 100vw, 1024px\" \/><\/figure>","protected":false},"excerpt":{"rendered":"<p>Drone Cleaning Training Professional WasherDrone Operator Program TRAINING PROGRAM<\/p>","protected":false},"author":1,"featured_media":0,"parent":0,"menu_order":0,"comment_status":"closed","ping_status":"closed","template":"","meta":{"_uag_custom_page_level_css":"","site-sidebar-layout":"no-sidebar","site-content-layout":"","ast-site-content-layout":"normal-width-container","site-content-style":"unboxed","site-sidebar-style":"unboxed","ast-global-header-display":"","ast-banner-title-visibility":"","ast-main-header-display":"","ast-hfb-above-header-display":"","ast-hfb-below-header-display":"","ast-hfb-mobile-header-display":"","site-post-title":"disabled","ast-breadcrumbs-content":"","ast-featured-img":"","footer-sml-layout":"","theme-transparent-header-meta":"enabled","adv-header-id-meta":"","stick-header-meta":"","header-above-stick-meta":"","header-main-stick-meta":"","header-below-stick-meta":"","astra-migrate-meta-layouts":"set","ast-page-background-enabled":"default","ast-page-background-meta":{"desktop":{"background-color":"var(--ast-global-color-4)","background-image":"","background-repeat":"repeat","background-position":"center center","background-size":"auto","background-attachment":"scroll","background-type":"","background-media":"","overlay-type":"","overlay-color":"","overlay-opacity":"","overlay-gradient":""},"tablet":{"background-color":"","background-image":"","background-repeat":"repeat","background-position":"center center","background-size":"auto","background-attachment":"scroll","background-type":"","background-media":"","overlay-type":"","overlay-color":"","overlay-opacity":"","overlay-gradient":""},"mobile":{"background-color":"","background-image":"","background-repeat":"repeat","background-position":"center center","background-size":"auto","background-attachment":"scroll","background-type":"","background-media":"","overlay-type":"","overlay-color":"","overlay-opacity":"","overlay-gradient":""}},"ast-content-background-meta":{"desktop":{"background-color":"var(--ast-global-color-5)","background-image":"","background-repeat":"repeat","background-position":"center center","background-size":"auto","background-attachment":"scroll","background-type":"","background-media":"","overlay-type":"","overlay-color":"","overlay-opacity":"","overlay-gradient":""},"tablet":{"background-color":"var(--ast-global-color-5)","background-image":"","background-repeat":"repeat","background-position":"center center","background-size":"auto","background-attachment":"scroll","background-type":"","background-media":"","overlay-type":"","overlay-color":"","overlay-opacity":"","overlay-gradient":""},"mobile":{"background-color":"var(--ast-global-color-5)","background-image":"","background-repeat":"repeat","background-position":"center center","background-size":"auto","background-attachment":"scroll","background-type":"","background-media":"","overlay-type":"","overlay-color":"","overlay-opacity":"","overlay-gradient":""}},"footnotes":""},"class_list":["post-3110","page","type-page","status-publish","hentry"],"uagb_featured_image_src":{"full":false,"thumbnail":false,"medium":false,"medium_large":false,"large":false,"1536x1536":false,"2048x2048":false,"trp-custom-language-flag":false},"uagb_author_info":{"display_name":"ibrahim-mert","author_link":"https:\/\/washerdrone.com\/tr\/author\/ibrahim-mert\/"},"uagb_comment_info":0,"uagb_excerpt":"Drone Cleaning Training Professional WasherDrone Operator Program TRAINING PROGRAM","_links":{"self":[{"href":"https:\/\/washerdrone.com\/tr\/wp-json\/wp\/v2\/pages\/3110","targetHints":{"allow":["GET"]}}],"collection":[{"href":"https:\/\/washerdrone.com\/tr\/wp-json\/wp\/v2\/pages"}],"about":[{"href":"https:\/\/washerdrone.com\/tr\/wp-json\/wp\/v2\/types\/page"}],"author":[{"embeddable":true,"href":"https:\/\/washerdrone.com\/tr\/wp-json\/wp\/v2\/users\/1"}],"replies":[{"embeddable":true,"href":"https:\/\/washerdrone.com\/tr\/wp-json\/wp\/v2\/comments?post=3110"}],"version-history":[{"count":14,"href":"https:\/\/washerdrone.com\/tr\/wp-json\/wp\/v2\/pages\/3110\/revisions"}],"predecessor-version":[{"id":3139,"href":"https:\/\/washerdrone.com\/tr\/wp-json\/wp\/v2\/pages\/3110\/revisions\/3139"}],"wp:attachment":[{"href":"https:\/\/washerdrone.com\/tr\/wp-json\/wp\/v2\/media?parent=3110"}],"curies":[{"name":"wp","href":"https:\/\/api.w.org\/{rel}","templated":true}]}}