{"id":1606,"date":"2025-04-04T20:03:30","date_gmt":"2025-04-04T20:03:30","guid":{"rendered":"https:\/\/washerdrone.com\/staging\/?page_id=1606"},"modified":"2025-09-09T19:58:21","modified_gmt":"2025-09-09T19:58:21","slug":"faq-2","status":"publish","type":"page","link":"https:\/\/washerdrone.com\/tr\/faq-2\/","title":{"rendered":"SSS"},"content":{"rendered":"<div class=\"wp-block-uagb-container uagb-block-ddbe5c65 alignfull uagb-is-root-container\"><div class=\"uagb-container-inner-blocks-wrap\">\n<div class=\"wp-block-uagb-advanced-heading uagb-block-fa4e7c56\"><h1 class=\"uagb-heading-text\">S\u0131k\u00e7a Sorulan Sorular<\/h1><p class=\"uagb-desc-text\">WasherDrone ile ilgili t\u00fcm sorular\u0131n\u0131z\u0131n yan\u0131tlar\u0131<\/p><\/div>\n<\/div><\/div>\n\n\n\n<div class=\"wp-block-uagb-container uagb-layout-grid uagb-block-6cdc435e alignfull uagb-is-root-container\"><div class=\"uagb-container-inner-blocks-wrap\"><div class=\"wp-block-uagb-faq uagb-faq__outer-wrap uagb-block-7f455afd uagb-faq-icon-row uagb-faq-layout-accordion uagb-faq-expand-first-true uagb-faq-inactive-other-true uagb-faq__wrap uagb-buttons-layout-wrap uagb-faq-equal-height\" data-faqtoggle=\"true\" role=\"tablist\"><div class=\"wp-block-uagb-faq-child uagb-faq-child__outer-wrap uagb-faq-item uagb-block-2448083f\" role=\"tab\" tabindex=\"0\"><div class=\"uagb-faq-questions-button uagb-faq-questions\">\t\t\t<span class=\"uagb-icon uagb-faq-icon-wrap\">\n\t\t\t\t\t\t\t\t<svg xmlns=\"https:\/\/www.w3.org\/2000\/svg\" viewbox= \"0 0 448 512\"><path d=\"M432 256c0 17.69-14.33 32.01-32 32.01H256v144c0 17.69-14.33 31.99-32 31.99s-32-14.3-32-31.99v-144H48c-17.67 0-32-14.32-32-32.01s14.33-31.99 32-31.99H192v-144c0-17.69 14.33-32.01 32-32.01s32 14.32 32 32.01v144h144C417.7 224 432 238.3 432 256z\"><\/path><\/svg>\n\t\t\t\t\t\t\t<\/span>\n\t\t\t\t\t\t<span class=\"uagb-icon-active uagb-faq-icon-wrap\">\n\t\t\t\t\t\t\t\t<svg xmlns=\"https:\/\/www.w3.org\/2000\/svg\" viewbox= \"0 0 448 512\"><path d=\"M400 288h-352c-17.69 0-32-14.32-32-32.01s14.31-31.99 32-31.99h352c17.69 0 32 14.3 32 31.99S417.7 288 400 288z\"><\/path><\/svg>\n\t\t\t\t\t\t\t<\/span>\n\t\t\t<span class=\"uagb-question\"><strong><strong>Drone ile d\u0131\u015f cephe temizli\u011fi nas\u0131l yap\u0131l\u0131r?<\/strong><\/strong><\/span><\/div><div class=\"uagb-faq-content\"><p>Drone ile d\u0131\u015f cephe temizli\u011fi, bir operat\u00f6r taraf\u0131ndan yerdeki bir elektrik santraline ba\u011fl\u0131 bir y\u0131kama drone sisteminin uzaktan kontrol edilmesini i\u00e7erir. Su bas\u0131n\u00e7 seviyesi, temizlik sol\u00fcsyonu ve u\u00e7u\u015f s\u00fcresi, d\u0131\u015f cephenin kir, toz ve leke seviyesine g\u00f6re planlan\u0131r. Geleneksel y\u00f6ntemlere k\u0131yasla \u00e7ok daha h\u0131zl\u0131, daha g\u00fcvenilir ve daha verimli bir i\u015flem sa\u011flar.<\/p><\/div><\/div><div class=\"wp-block-uagb-faq-child uagb-faq-child__outer-wrap uagb-faq-item uagb-block-c39405d4\" role=\"tab\" tabindex=\"0\"><div class=\"uagb-faq-questions-button uagb-faq-questions\">\t\t\t<span class=\"uagb-icon uagb-faq-icon-wrap\">\n\t\t\t\t\t\t\t\t<svg xmlns=\"https:\/\/www.w3.org\/2000\/svg\" viewbox= \"0 0 448 512\"><path d=\"M432 256c0 17.69-14.33 32.01-32 32.01H256v144c0 17.69-14.33 31.99-32 31.99s-32-14.3-32-31.99v-144H48c-17.67 0-32-14.32-32-32.01s14.33-31.99 32-31.99H192v-144c0-17.69 14.33-32.01 32-32.01s32 14.32 32 32.01v144h144C417.7 224 432 238.3 432 256z\"><\/path><\/svg>\n\t\t\t\t\t\t\t<\/span>\n\t\t\t\t\t\t<span class=\"uagb-icon-active uagb-faq-icon-wrap\">\n\t\t\t\t\t\t\t\t<svg xmlns=\"https:\/\/www.w3.org\/2000\/svg\" viewbox= \"0 0 448 512\"><path d=\"M400 288h-352c-17.69 0-32-14.32-32-32.01s14.31-31.99 32-31.99h352c17.69 0 32 14.3 32 31.99S417.7 288 400 288z\"><\/path><\/svg>\n\t\t\t\t\t\t\t<\/span>\n\t\t\t<span class=\"uagb-question\"><strong><strong>Y\u0131kama dronlar\u0131 ne kadar y\u00fckse\u011fe u\u00e7abilir?<\/strong><\/strong><\/span><\/div><div class=\"uagb-faq-content\"><p>Washer Drone, yerden 200 metre y\u00fcksekli\u011fe kadar u\u00e7abilir. Y\u00fcksek binalar\u0131n, konutlar\u0131n, ofislerin, i\u015fyerlerinin, plazalar\u0131n ve 50 kata kadar apartman bloklar\u0131n\u0131n d\u0131\u015f cephe temizli\u011finde olduk\u00e7a etkilidir.<\/p><\/div><\/div><div class=\"wp-block-uagb-faq-child uagb-faq-child__outer-wrap uagb-faq-item uagb-block-83a7661c\" role=\"tab\" tabindex=\"0\"><div class=\"uagb-faq-questions-button uagb-faq-questions\">\t\t\t<span class=\"uagb-icon uagb-faq-icon-wrap\">\n\t\t\t\t\t\t\t\t<svg xmlns=\"https:\/\/www.w3.org\/2000\/svg\" viewbox= \"0 0 448 512\"><path d=\"M432 256c0 17.69-14.33 32.01-32 32.01H256v144c0 17.69-14.33 31.99-32 31.99s-32-14.3-32-31.99v-144H48c-17.67 0-32-14.32-32-32.01s14.33-31.99 32-31.99H192v-144c0-17.69 14.33-32.01 32-32.01s32 14.32 32 32.01v144h144C417.7 224 432 238.3 432 256z\"><\/path><\/svg>\n\t\t\t\t\t\t\t<\/span>\n\t\t\t\t\t\t<span class=\"uagb-icon-active uagb-faq-icon-wrap\">\n\t\t\t\t\t\t\t\t<svg xmlns=\"https:\/\/www.w3.org\/2000\/svg\" viewbox= \"0 0 448 512\"><path d=\"M400 288h-352c-17.69 0-32-14.32-32-32.01s14.31-31.99 32-31.99h352c17.69 0 32 14.3 32 31.99S417.7 288 400 288z\"><\/path><\/svg>\n\t\t\t\t\t\t\t<\/span>\n\t\t\t<span class=\"uagb-question\"><strong><strong>Y\u0131kama dronlar\u0131 ne kadar s\u00fcre havada kalabiliyor?<\/strong><\/strong><\/span><\/div><div class=\"uagb-faq-content\"><p>Washer Drone, Tethered teknolojisine dayand\u0131\u011f\u0131 i\u00e7in s\u0131n\u0131rs\u0131z u\u00e7u\u015f s\u00fcresi sa\u011flar. Yerdeki bir g\u00fc\u00e7 istasyonuna ba\u011fl\u0131 kalmak, pil veya batarya kullan\u0131m\u0131n\u0131 ortadan kald\u0131r\u0131r. U\u00e7u\u015f s\u00fcresi, d\u0131\u015f yap\u0131n\u0131n geni\u015fli\u011fine veya temizlik ihtiya\u00e7lar\u0131na g\u00f6re belirlenebilir.<\/p><\/div><\/div><div class=\"wp-block-uagb-faq-child uagb-faq-child__outer-wrap uagb-faq-item uagb-block-e135a7d2\" role=\"tab\" tabindex=\"0\"><div class=\"uagb-faq-questions-button uagb-faq-questions\">\t\t\t<span class=\"uagb-icon uagb-faq-icon-wrap\">\n\t\t\t\t\t\t\t\t<svg xmlns=\"https:\/\/www.w3.org\/2000\/svg\" viewbox= \"0 0 448 512\"><path d=\"M432 256c0 17.69-14.33 32.01-32 32.01H256v144c0 17.69-14.33 31.99-32 31.99s-32-14.3-32-31.99v-144H48c-17.67 0-32-14.32-32-32.01s14.33-31.99 32-31.99H192v-144c0-17.69 14.33-32.01 32-32.01s32 14.32 32 32.01v144h144C417.7 224 432 238.3 432 256z\"><\/path><\/svg>\n\t\t\t\t\t\t\t<\/span>\n\t\t\t\t\t\t<span class=\"uagb-icon-active uagb-faq-icon-wrap\">\n\t\t\t\t\t\t\t\t<svg xmlns=\"https:\/\/www.w3.org\/2000\/svg\" viewbox= \"0 0 448 512\"><path d=\"M400 288h-352c-17.69 0-32-14.32-32-32.01s14.31-31.99 32-31.99h352c17.69 0 32 14.3 32 31.99S417.7 288 400 288z\"><\/path><\/svg>\n\t\t\t\t\t\t\t<\/span>\n\t\t\t<span class=\"uagb-question\"><strong><strong>Y\u0131kama dronlar\u0131 nerelerde kullan\u0131l\u0131r?<\/strong><\/strong><\/span><\/div><div class=\"uagb-faq-content\"><p>Y\u0131kama dronlar\u0131 ile d\u0131\u015f cephe temizli\u011fi pek \u00e7ok farkl\u0131 alanda yayg\u0131n olarak kullan\u0131labilmektedir;<br>Y\u00fcksek binalar\u0131n pencereleri, cepheleri veya kaplamalar\u0131<br>G\u00fcne\u015f panelleri<br>R\u00fczgar t\u00fcrbinleri<br>An\u0131tlar<br>K\u00f6pr\u00fcler<br>End\u00fcstriyel tesisler<br>End\u00fcstriyel tesisler<br>Ticari ve konut binalar\u0131<br>Havaalanlar\u0131<br>Okullar<br>Hastaneler<\/p><\/div><\/div><div class=\"wp-block-uagb-faq-child uagb-faq-child__outer-wrap uagb-faq-item uagb-block-1087cf52\" role=\"tab\" tabindex=\"0\"><div class=\"uagb-faq-questions-button uagb-faq-questions\">\t\t\t<span class=\"uagb-icon uagb-faq-icon-wrap\">\n\t\t\t\t\t\t\t\t<svg xmlns=\"https:\/\/www.w3.org\/2000\/svg\" viewbox= \"0 0 448 512\"><path d=\"M432 256c0 17.69-14.33 32.01-32 32.01H256v144c0 17.69-14.33 31.99-32 31.99s-32-14.3-32-31.99v-144H48c-17.67 0-32-14.32-32-32.01s14.33-31.99 32-31.99H192v-144c0-17.69 14.33-32.01 32-32.01s32 14.32 32 32.01v144h144C417.7 224 432 238.3 432 256z\"><\/path><\/svg>\n\t\t\t\t\t\t\t<\/span>\n\t\t\t\t\t\t<span class=\"uagb-icon-active uagb-faq-icon-wrap\">\n\t\t\t\t\t\t\t\t<svg xmlns=\"https:\/\/www.w3.org\/2000\/svg\" viewbox= \"0 0 448 512\"><path d=\"M400 288h-352c-17.69 0-32-14.32-32-32.01s14.31-31.99 32-31.99h352c17.69 0 32 14.3 32 31.99S417.7 288 400 288z\"><\/path><\/svg>\n\t\t\t\t\t\t\t<\/span>\n\t\t\t<span class=\"uagb-question\"><strong><strong>Drone&#039;lar\u0131n y\u0131kanmas\u0131 bina y\u00fczeylerine zarar veriyor mu?<\/strong><\/strong><\/span><\/div><div class=\"uagb-faq-content\"><p>Hay\u0131r, y\u0131kama dronlar\u0131 bina y\u00fczeylerinin \u00f6mr\u00fcn\u00fc koruyan olduk\u00e7a etkili bir teknolojidir. Su bas\u0131n\u00e7 seviyesini yap\u0131ya g\u00f6re ayarlayan, \u00e7arp\u0131\u015fma \u00f6nleyici sens\u00f6rler ve \u00e7evre dostu temizlik \u00e7\u00f6z\u00fcmleri sa\u011fl\u0131kl\u0131 bir d\u0131\u015f cephe temizli\u011fi sa\u011flar.<\/p><\/div><\/div><div class=\"wp-block-uagb-faq-child uagb-faq-child__outer-wrap uagb-faq-item uagb-block-7e397b18\" role=\"tab\" tabindex=\"0\"><div class=\"uagb-faq-questions-button uagb-faq-questions\">\t\t\t<span class=\"uagb-icon uagb-faq-icon-wrap\">\n\t\t\t\t\t\t\t\t<svg xmlns=\"https:\/\/www.w3.org\/2000\/svg\" viewbox= \"0 0 448 512\"><path d=\"M432 256c0 17.69-14.33 32.01-32 32.01H256v144c0 17.69-14.33 31.99-32 31.99s-32-14.3-32-31.99v-144H48c-17.67 0-32-14.32-32-32.01s14.33-31.99 32-31.99H192v-144c0-17.69 14.33-32.01 32-32.01s32 14.32 32 32.01v144h144C417.7 224 432 238.3 432 256z\"><\/path><\/svg>\n\t\t\t\t\t\t\t<\/span>\n\t\t\t\t\t\t<span class=\"uagb-icon-active uagb-faq-icon-wrap\">\n\t\t\t\t\t\t\t\t<svg xmlns=\"https:\/\/www.w3.org\/2000\/svg\" viewbox= \"0 0 448 512\"><path d=\"M400 288h-352c-17.69 0-32-14.32-32-32.01s14.31-31.99 32-31.99h352c17.69 0 32 14.3 32 31.99S417.7 288 400 288z\"><\/path><\/svg>\n\t\t\t\t\t\t\t<\/span>\n\t\t\t<span class=\"uagb-question\"><strong><strong>Geleneksel d\u0131\u015f cephe temizli\u011fi ile drone d\u0131\u015f cephe temizli\u011fi aras\u0131ndaki fark nedir?<\/strong><\/strong><\/span><\/div><div class=\"uagb-faq-content\"><p>Geleneksel temizlik i\u015flemleri, y\u00fcksek ve ula\u015f\u0131lmas\u0131 zor alanlarda merdiven, iskele veya vin\u00e7 kullan\u0131m\u0131n\u0131 gerektirir; bu da insan sa\u011fl\u0131\u011f\u0131n\u0131 riske atar ve temizlik s\u00fcrecini uzat\u0131r. Drone&#039;lar sayesinde, fiziksel ekipmana ihtiya\u00e7 duymadan ve d\u0131\u015f mekan temizli\u011finde \u00e7al\u0131\u015fanlar\u0131 riske atmadan kolay, h\u0131zl\u0131 ve g\u00fcvenli bir temizlik s\u00fcreci elde edebilirsiniz.<\/p><\/div><\/div><div class=\"wp-block-uagb-faq-child uagb-faq-child__outer-wrap uagb-faq-item uagb-block-7168e183\" role=\"tab\" tabindex=\"0\"><div class=\"uagb-faq-questions-button uagb-faq-questions\">\t\t\t<span class=\"uagb-icon uagb-faq-icon-wrap\">\n\t\t\t\t\t\t\t\t<svg xmlns=\"https:\/\/www.w3.org\/2000\/svg\" viewbox= \"0 0 448 512\"><path d=\"M432 256c0 17.69-14.33 32.01-32 32.01H256v144c0 17.69-14.33 31.99-32 31.99s-32-14.3-32-31.99v-144H48c-17.67 0-32-14.32-32-32.01s14.33-31.99 32-31.99H192v-144c0-17.69 14.33-32.01 32-32.01s32 14.32 32 32.01v144h144C417.7 224 432 238.3 432 256z\"><\/path><\/svg>\n\t\t\t\t\t\t\t<\/span>\n\t\t\t\t\t\t<span class=\"uagb-icon-active uagb-faq-icon-wrap\">\n\t\t\t\t\t\t\t\t<svg xmlns=\"https:\/\/www.w3.org\/2000\/svg\" viewbox= \"0 0 448 512\"><path d=\"M400 288h-352c-17.69 0-32-14.32-32-32.01s14.31-31.99 32-31.99h352c17.69 0 32 14.3 32 31.99S417.7 288 400 288z\"><\/path><\/svg>\n\t\t\t\t\t\t\t<\/span>\n\t\t\t<span class=\"uagb-question\"><strong><strong>Drone ile d\u0131\u015f cephe temizli\u011fi g\u00fcvenli mi?<\/strong><\/strong><\/span><\/div><div class=\"uagb-faq-content\"><p>Evet, drone sistemleri geleneksel y\u00f6ntemlere g\u00f6re \u00e7ok daha g\u00fcvenilir bir s\u00fcre\u00e7 sa\u011flar. \u00d6nce g\u00fcvenlik ilkesiyle \u00e7al\u0131\u015fan deneyimli Ticari Drone Pilotlar\u0131m\u0131z, d\u00fc\u015fme, kayma ve ekipman kazalar\u0131 gibi t\u00fcm olas\u0131 riskleri ortadan kald\u0131r\u0131r. Lekesiz ve yumu\u015fak temizlik avantaj\u0131yla yap\u0131n\u0131n \u00f6mr\u00fcn\u00fc korur. Ayr\u0131ca, b\u00fcy\u00fck ve karma\u015f\u0131k yap\u0131larda \u00e7ok daha h\u0131zl\u0131 ve kolay bir temizlik s\u00fcreci sa\u011flar.<\/p><\/div><\/div><div class=\"wp-block-uagb-faq-child uagb-faq-child__outer-wrap uagb-faq-item uagb-block-7492cb67\" role=\"tab\" tabindex=\"0\"><div class=\"uagb-faq-questions-button uagb-faq-questions\">\t\t\t<span class=\"uagb-icon uagb-faq-icon-wrap\">\n\t\t\t\t\t\t\t\t<svg xmlns=\"https:\/\/www.w3.org\/2000\/svg\" viewbox= \"0 0 448 512\"><path d=\"M432 256c0 17.69-14.33 32.01-32 32.01H256v144c0 17.69-14.33 31.99-32 31.99s-32-14.3-32-31.99v-144H48c-17.67 0-32-14.32-32-32.01s14.33-31.99 32-31.99H192v-144c0-17.69 14.33-32.01 32-32.01s32 14.32 32 32.01v144h144C417.7 224 432 238.3 432 256z\"><\/path><\/svg>\n\t\t\t\t\t\t\t<\/span>\n\t\t\t\t\t\t<span class=\"uagb-icon-active uagb-faq-icon-wrap\">\n\t\t\t\t\t\t\t\t<svg xmlns=\"https:\/\/www.w3.org\/2000\/svg\" viewbox= \"0 0 448 512\"><path d=\"M400 288h-352c-17.69 0-32-14.32-32-32.01s14.31-31.99 32-31.99h352c17.69 0 32 14.3 32 31.99S417.7 288 400 288z\"><\/path><\/svg>\n\t\t\t\t\t\t\t<\/span>\n\t\t\t<span class=\"uagb-question\"><strong><strong>Drone ile d\u0131\u015f cephe temizli\u011finin maliyeti nedir?<\/strong><\/strong><\/span><\/div><div class=\"uagb-faq-content\"><p>Drone&#039;larla d\u0131\u015f cephe temizli\u011finin maliyeti, geleneksel temizlik i\u015flemlerine k\u0131yasla olduk\u00e7a d\u00fc\u015f\u00fckt\u00fcr. Geleneksel d\u0131\u015f cephe temizli\u011fi, b\u00fcy\u00fck ekipler ve vin\u00e7 gibi pahal\u0131 ekipmanlar gerektirebilir. Y\u0131kama dronlar\u0131 sayesinde, ekipman ve b\u00fcy\u00fck temizlik ekiplerine olan ihtiya\u00e7 ortadan kalkar. Uygun fiyatl\u0131, verimli ve g\u00fcvenilir bir s\u00fcre\u00e7 elde edilir.<\/p><\/div><\/div><div class=\"wp-block-uagb-faq-child uagb-faq-child__outer-wrap uagb-faq-item uagb-block-0278ba3b\" role=\"tab\" tabindex=\"0\"><div class=\"uagb-faq-questions-button uagb-faq-questions\">\t\t\t<span class=\"uagb-icon uagb-faq-icon-wrap\">\n\t\t\t\t\t\t\t\t<svg xmlns=\"https:\/\/www.w3.org\/2000\/svg\" viewbox= \"0 0 448 512\"><path d=\"M432 256c0 17.69-14.33 32.01-32 32.01H256v144c0 17.69-14.33 31.99-32 31.99s-32-14.3-32-31.99v-144H48c-17.67 0-32-14.32-32-32.01s14.33-31.99 32-31.99H192v-144c0-17.69 14.33-32.01 32-32.01s32 14.32 32 32.01v144h144C417.7 224 432 238.3 432 256z\"><\/path><\/svg>\n\t\t\t\t\t\t\t<\/span>\n\t\t\t\t\t\t<span class=\"uagb-icon-active uagb-faq-icon-wrap\">\n\t\t\t\t\t\t\t\t<svg xmlns=\"https:\/\/www.w3.org\/2000\/svg\" viewbox= \"0 0 448 512\"><path d=\"M400 288h-352c-17.69 0-32-14.32-32-32.01s14.31-31.99 32-31.99h352c17.69 0 32 14.3 32 31.99S417.7 288 400 288z\"><\/path><\/svg>\n\t\t\t\t\t\t\t<\/span>\n\t\t\t<span class=\"uagb-question\"><strong><a><strong><strong><a><strong>Drone ile cam temizli\u011fi yap\u0131labilir mi?<\/strong><\/a><\/strong><\/strong><\/a><\/strong><\/span><\/div><div class=\"uagb-faq-content\"><p>Evet, y\u00fcksek binalar da dahil olmak \u00fczere her t\u00fcrl\u00fc yap\u0131n\u0131n cam temizli\u011fi dronlarla kolay ve g\u00fcvenilir bir \u015fekilde yap\u0131labilir. Kirli y\u00fczeylerin ihtiya\u00e7lar\u0131na g\u00f6re se\u00e7ilen \u00f6zel temizlik sol\u00fcsyonlar\u0131 sayesinde camlarda su izi veya f\u0131r\u00e7a izi gibi lekeler kalmaz. Dron \u00fczerindeki kameralar, t\u00fcm y\u00fczeyin detayl\u0131 bir \u015fekilde analiz edilmesini ve temizlik plan\u0131n\u0131n uygun \u015fekilde yap\u0131lmas\u0131n\u0131 sa\u011flar.<\/p><\/div><\/div><\/div>\n\n\n<div class=\"wp-block-uagb-image uagb-block-3a66ab0e wp-block-uagb-image--layout-default wp-block-uagb-image--effect-static wp-block-uagb-image--align-none\"><figure class=\"wp-block-uagb-image__figure\"><img decoding=\"async\" srcset=\"https:\/\/washerdrone.com\/wp-content\/uploads\/2025\/02\/washer-drone-logo-mavi-1-1024x522.png ,https:\/\/washerdrone.com\/wp-content\/uploads\/2025\/02\/washer-drone-logo-mavi-1.png 780w, https:\/\/washerdrone.com\/wp-content\/uploads\/2025\/02\/washer-drone-logo-mavi-1.png 360w\" sizes=\"auto, (max-width: 480px) 150px\" src=\"https:\/\/washerdrone.com\/wp-content\/uploads\/2025\/02\/washer-drone-logo-mavi-1-1024x522.png\" alt=\"\" class=\"uag-image-1228\" width=\"1024\" height=\"522\" title=\"\u00e7ama\u015f\u0131r makinesi-drone-logosu-mavi-1\" loading=\"lazy\" role=\"img\"\/><\/figure><\/div>\n<\/div><\/div>\n\n\n\n<div class=\"wp-block-uagb-advanced-heading uagb-block-8cc9026a\"><h2 class=\"uagb-heading-text\">WasherDrone ile bir binay\u0131 nas\u0131l y\u0131kad\u0131\u011f\u0131m\u0131z\u0131 l\u00fctfen izleyin.<\/h2><\/div>\n\n\n\n<p><\/p>\n\n\n\n<figure class=\"wp-block-embed is-type-video is-provider-youtube wp-block-embed-youtube wp-embed-aspect-16-9 wp-has-aspect-ratio\"><div class=\"wp-block-embed__wrapper\">\n<div class=\"ast-oembed-container\" style=\"height: 100%;\"><iframe loading=\"lazy\" title=\"Drone ile Y\u00fcksek Katl\u0131 Bina Temizli\u011fi - WasherDrone\" width=\"500\" height=\"281\" src=\"https:\/\/www.youtube.com\/embed\/lEcjVf8K9Dw?feature=oembed\" frameborder=\"0\" allow=\"accelerometer; autoplay; clipboard-write; encrypted-media; gyroscope; picture-in-picture; web-share\" referrerpolicy=\"strict-origin-when-cross-origin\" allowfullscreen><\/iframe><\/div>\n<\/div><\/figure>\n\n\n\n<hr class=\"wp-block-separator has-alpha-channel-opacity\"\/>\n\n\n\n<div class=\"wp-block-uagb-container uagb-block-724ccc2b alignfull uagb-is-root-container\"><div class=\"uagb-container-inner-blocks-wrap\">\n<div class=\"wp-block-group is-nowrap is-layout-flex wp-container-core-group-is-layout-6c531013 wp-block-group-is-layout-flex\">\n<div class=\"wp-block-uagb-info-box uagb-block-a96fc425 uagb-infobox__content-wrap  uagb-infobox-icon-above-title uagb-infobox-image-valign-top\"><div class=\"uagb-ifb-content\"><div class=\"uagb-ifb-title-wrap\"><h2 class=\"uagb-ifb-title\">Drone y\u0131kama \u00e7\u00f6z\u00fcmlerimiz hakk\u0131nda detayl\u0131 bilgi almak i\u00e7in bize ula\u015f\u0131n.<br><a href=\"http:\/\/wd-translate.local\/en\/contact\/\" target=\"_blank\" rel=\"noopener\"><\/a><\/h2><\/div><div class=\"uagb-ifb-button-wrapper wp-block-button\"><a href=\"\/tr\/iletisim\/\" class=\"uagb-infobox-cta-link wp-block-button__link\" target=\"_self\" rel=\"noopener noreferrer\" onclick=\"return true;\"><span class=\"uagb-inline-editing\">\u0130leti\u015fim<\/span><svg xmlns=\"https:\/\/www.w3.org\/2000\/svg\" viewbox=\"0 0 448 512\"><path d=\"M438.6 278.6l-160 160C272.4 444.9 264.2 448 256 448s-16.38-3.125-22.62-9.375c-12.5-12.5-12.5-32.75 0-45.25L338.8 288H32C14.33 288 .0016 273.7 .0016 256S14.33 224 32 224h306.8l-105.4-105.4c-12.5-12.5-12.5-32.75 0-45.25s32.75-12.5 45.25 0l160 160C451.1 245.9 451.1 266.1 438.6 278.6z\"><\/path><\/svg><\/a><\/div><\/div><\/div>\n<\/div>\n<\/div><\/div>","protected":false},"excerpt":{"rendered":"<p>S\u0131k\u00e7a Sorulan Sorular WasherDrone ile ilgili t\u00fcm sorular\u0131n\u0131z\u0131n cevaplar\u0131 Bir binay\u0131 WasherDrone ile nas\u0131l y\u0131kad\u0131\u011f\u0131m\u0131z\u0131 izleyin.<\/p>","protected":false},"author":1,"featured_media":0,"parent":0,"menu_order":0,"comment_status":"closed","ping_status":"closed","template":"","meta":{"_uag_custom_page_level_css":"","site-sidebar-layout":"no-sidebar","site-content-layout":"","ast-site-content-layout":"normal-width-container","site-content-style":"unboxed","site-sidebar-style":"unboxed","ast-global-header-display":"","ast-banner-title-visibility":"","ast-main-header-display":"","ast-hfb-above-header-display":"","ast-hfb-below-header-display":"","ast-hfb-mobile-header-display":"","site-post-title":"disabled","ast-breadcrumbs-content":"","ast-featured-img":"","footer-sml-layout":"","theme-transparent-header-meta":"enabled","adv-header-id-meta":"","stick-header-meta":"","header-above-stick-meta":"","header-main-stick-meta":"","header-below-stick-meta":"","astra-migrate-meta-layouts":"set","ast-page-background-enabled":"default","ast-page-background-meta":{"desktop":{"background-color":"var(--ast-global-color-4)","background-image":"","background-repeat":"repeat","background-position":"center center","background-size":"auto","background-attachment":"scroll","background-type":"","background-media":"","overlay-type":"","overlay-color":"","overlay-opacity":"","overlay-gradient":""},"tablet":{"background-color":"","background-image":"","background-repeat":"repeat","background-position":"center center","background-size":"auto","background-attachment":"scroll","background-type":"","background-media":"","overlay-type":"","overlay-color":"","overlay-opacity":"","overlay-gradient":""},"mobile":{"background-color":"","background-image":"","background-repeat":"repeat","background-position":"center center","background-size":"auto","background-attachment":"scroll","background-type":"","background-media":"","overlay-type":"","overlay-color":"","overlay-opacity":"","overlay-gradient":""}},"ast-content-background-meta":{"desktop":{"background-color":"var(--ast-global-color-5)","background-image":"","background-repeat":"repeat","background-position":"center center","background-size":"auto","background-attachment":"scroll","background-type":"","background-media":"","overlay-type":"","overlay-color":"","overlay-opacity":"","overlay-gradient":""},"tablet":{"background-color":"var(--ast-global-color-5)","background-image":"","background-repeat":"repeat","background-position":"center center","background-size":"auto","background-attachment":"scroll","background-type":"","background-media":"","overlay-type":"","overlay-color":"","overlay-opacity":"","overlay-gradient":""},"mobile":{"background-color":"var(--ast-global-color-5)","background-image":"","background-repeat":"repeat","background-position":"center center","background-size":"auto","background-attachment":"scroll","background-type":"","background-media":"","overlay-type":"","overlay-color":"","overlay-opacity":"","overlay-gradient":""}},"footnotes":""},"class_list":["post-1606","page","type-page","status-publish","hentry"],"uagb_featured_image_src":{"full":false,"thumbnail":false,"medium":false,"medium_large":false,"large":false,"1536x1536":false,"2048x2048":false,"trp-custom-language-flag":false},"uagb_author_info":{"display_name":"ibrahim-mert","author_link":"https:\/\/washerdrone.com\/tr\/author\/ibrahim-mert\/"},"uagb_comment_info":0,"uagb_excerpt":"Frequently Asked Questions Answers to all your questions about WasherDrone Please watch how we wash a building with the WasherDrone.","_links":{"self":[{"href":"https:\/\/washerdrone.com\/tr\/wp-json\/wp\/v2\/pages\/1606","targetHints":{"allow":["GET"]}}],"collection":[{"href":"https:\/\/washerdrone.com\/tr\/wp-json\/wp\/v2\/pages"}],"about":[{"href":"https:\/\/washerdrone.com\/tr\/wp-json\/wp\/v2\/types\/page"}],"author":[{"embeddable":true,"href":"https:\/\/washerdrone.com\/tr\/wp-json\/wp\/v2\/users\/1"}],"replies":[{"embeddable":true,"href":"https:\/\/washerdrone.com\/tr\/wp-json\/wp\/v2\/comments?post=1606"}],"version-history":[{"count":12,"href":"https:\/\/washerdrone.com\/tr\/wp-json\/wp\/v2\/pages\/1606\/revisions"}],"predecessor-version":[{"id":2501,"href":"https:\/\/washerdrone.com\/tr\/wp-json\/wp\/v2\/pages\/1606\/revisions\/2501"}],"wp:attachment":[{"href":"https:\/\/washerdrone.com\/tr\/wp-json\/wp\/v2\/media?parent=1606"}],"curies":[{"name":"wp","href":"https:\/\/api.w.org\/{rel}","templated":true}]}}