{"id":360,"date":"2025-02-24T18:47:52","date_gmt":"2025-02-24T18:47:52","guid":{"rendered":"https:\/\/washerdrone.com\/staging\/about\/"},"modified":"2026-03-05T18:24:38","modified_gmt":"2026-03-05T18:24:38","slug":"about-us-2","status":"publish","type":"page","link":"https:\/\/washerdrone.com\/fr\/about-us-2\/","title":{"rendered":"\u00c0 propos de nous"},"content":{"rendered":"<div class=\"wp-block-uagb-container uagb-block-ddbe5c65 alignfull uagb-is-root-container\"><div class=\"uagb-container-inner-blocks-wrap\">\n<div class=\"wp-block-uagb-advanced-heading uagb-block-fa4e7c56\"><h1 class=\"uagb-heading-text\">Qui est WasherDrone ?<\/h1><p class=\"uagb-desc-text\">Nous sommes une entreprise technologique qui propose des solutions innovantes dans le domaine du nettoyage et de la maintenance. Notre mission est de simplifier la vie et de fournir des solutions de nettoyage respectueuses de l&#039;environnement. Dans cette optique, nous r\u00e9volutionnons les secteurs industriels et commerciaux gr\u00e2ce aux drones de nettoyage.<\/p><\/div>\n<\/div><\/div>\n\n\n\n<hr class=\"wp-block-separator has-alpha-channel-opacity\"\/>\n\n\n\n<div class=\"wp-block-media-text is-stacked-on-mobile has-white-color has-ast-global-color-0-background-color has-text-color has-background has-link-color has-medium-font-size wp-elements-35c45ab7914ea8b74c396f6be5b8f98f\" style=\"grid-template-columns:30% auto\"><figure class=\"wp-block-media-text__media\"><video controls src=\"https:\/\/washerdrone.com\/wp-content\/uploads\/2026\/03\/washerdrone-washing-drone-online-video-cutter.com-1.mp4\"><\/video><\/figure><div class=\"wp-block-media-text__content\">\n<h2 class=\"wp-block-heading has-ast-global-color-5-color has-text-color has-link-color wp-elements-578078faf3f72b339c0948ef57b3e88c\">La technologie au service de la mission<\/h2>\n\n\n\n<div class=\"wp-block-group alignfull is-layout-constrained wp-container-core-group-is-layout-23b1a4dc wp-block-group-is-layout-constrained\" style=\"padding-top:var(--wp--preset--spacing--30);padding-right:var(--wp--preset--spacing--30);padding-bottom:var(--wp--preset--spacing--30);padding-left:var(--wp--preset--spacing--30)\">\n<p>D\u00e9couvrez nos syst\u00e8mes haute pression et notre technologie de nettoyage par drones. C&#039;est la norme que nos plus de 10 partenaires internationaux utilisent pour red\u00e9finir la maintenance industrielle.<\/p>\n\n\n\n<p>&nbsp;Lancez votre propre entreprise gr\u00e2ce \u00e0 notre syst\u00e8me de lavage par drone. Contactez-nous pour conna\u00eetre les opportunit\u00e9s de partenariat\u00a0!<\/p>\n<\/div>\n\n\n\n<div class=\"wp-block-uagb-buttons uagb-buttons__outer-wrap uagb-btn__default-btn uagb-btn-tablet__default-btn uagb-btn-mobile__default-btn uagb-block-b1fedfa5\"><div class=\"uagb-buttons__wrap uagb-buttons-layout-wrap\">\n<div class=\"wp-block-uagb-buttons-child uagb-buttons__outer-wrap uagb-block-a1eecb0e wp-block-button\"><div class=\"uagb-button__wrapper\"><a class=\"uagb-buttons-repeater wp-block-button__link\" aria-label=\"\" href=\"https:\/\/washerdrone.com\/fr\/washer-drone-dealership-2\/\" rel=\"follow noopener\" target=\"_self\" role=\"button\"><div class=\"uagb-button__link\">APPLIQUER<\/div><\/a><\/div><\/div>\n<\/div><\/div>\n<\/div><\/div>\n\n\n\n<div class=\"wp-block-uagb-container uagb-layout-grid uagb-block-a4b8e402 alignfull uagb-is-root-container\"><div class=\"uagb-container-inner-blocks-wrap\">\n<div class=\"wp-block-uagb-container uagb-block-a09018fc\">\n<div class=\"wp-block-uagb-star-rating uagb-block-041baa53\"><div class=\"uag-star-rating\" title=\"5\/5\"><span class=\"uag-star\">\u2605<\/span><span class=\"uag-star\">\u2605<\/span><span class=\"uag-star\">\u2605<\/span><span class=\"uag-star\">\u2605<\/span><span class=\"uag-star\">\u2605<\/span><\/div><\/div>\n\n\n\n<div class=\"wp-block-uagb-testimonial uagb-slick-carousel uagb-tm__arrow-outside uagb-block-74873166 uagb-post__carousel_notset uagb-post__carousel_notset-tablet uagb-post__carousel_notset-mobile\"><div class=\"is-carousel uagb-tm__columns-1 uagb-tm__items\"><div class=\"uagb-testimonial__wrap  uagb-tm__imgicon-style-circle uagb-tm__image-position-bottom uagb-tm__bg-type-none\"><div class=\"uagb-tm__content\"><div class=\"uagb-tm__overlay\"><\/div><div class=\"uagb-tm__text-wrap\"><div class=\"uagb-tm__desc\">Gr\u00e2ce \u00e0 l&#039;adaptabilit\u00e9 et aux solutions innovantes des drones de haute technologie, nous proposons une solution pionni\u00e8re, s\u00fbre et efficace pour le nettoyage ext\u00e9rieur.<\/div><div class=\"uagb-tm__meta-inner\"><div class=\"uagb-tm__image-content\"><div class=\"uagb-tm__image\"><img decoding=\"async\" class=\"uagb-tm-img-src\" src=\"https:\/\/washerdrone.com\/wp-content\/uploads\/2025\/04\/sarper-150x150.png\" alt=\"\" width=\"60\" height=\"60\" loading=\"lazy\"\/><\/div><\/div><div class=\"uagb-testimonial-details\"><span class=\"uagb-tm__author-name\">Sarper S\u0131lao\u011flu<\/span><span class=\"uagb-tm__company\">Drone lave-linge<\/span><\/div><\/div><\/div><\/div><\/div><\/div><\/div>\n<\/div>\n\n\n\n<div class=\"wp-block-uagb-container uagb-block-95a7e590\">\n<div class=\"wp-block-uagb-star-rating uagb-block-16ad163e\"><div class=\"uag-star-rating\" title=\"5\/5\"><span class=\"uag-star\">\u2605<\/span><span class=\"uag-star\">\u2605<\/span><span class=\"uag-star\">\u2605<\/span><span class=\"uag-star\">\u2605<\/span><span class=\"uag-star\">\u2605<\/span><\/div><\/div>\n\n\n\n<div class=\"wp-block-uagb-testimonial uagb-slick-carousel uagb-tm__arrow-outside uagb-block-c0c9764e uagb-post__carousel_notset uagb-post__carousel_notset-tablet uagb-post__carousel_notset-mobile\"><div class=\"is-carousel uagb-tm__columns-1 uagb-tm__items\"><div class=\"uagb-testimonial__wrap  uagb-tm__imgicon-style-circle uagb-tm__image-position-bottom uagb-tm__bg-type-none\"><div class=\"uagb-tm__content\"><div class=\"uagb-tm__overlay\"><\/div><div class=\"uagb-tm__text-wrap\"><div class=\"uagb-tm__desc\">En tant que direction de l&#039;h\u00f4pital, nous sommes ravis. Bravo\u00a0! Une \u00e9quipe qui sera notre partenaire de choix. F\u00e9licitations\u00a0!.<\/div><div class=\"uagb-tm__meta-inner\"><div class=\"uagb-tm__image-content\"><div class=\"uagb-tm__image\"><img decoding=\"async\" class=\"uagb-tm-img-src\" src=\"https:\/\/washerdrone.com\/wp-content\/uploads\/2025\/04\/medikent-150x150.png\" alt=\"\" width=\"60\" height=\"60\" loading=\"lazy\"\/><\/div><\/div><div class=\"uagb-testimonial-details\"><span class=\"uagb-tm__author-name\">M\u00e9dicin<\/span><span class=\"uagb-tm__company\">M\u00e9dical Tekirda\u011f<\/span><\/div><\/div><\/div><\/div><\/div><\/div><\/div>\n<\/div>\n\n\n\n<div class=\"wp-block-uagb-container uagb-block-fc1ca3c7\">\n<div class=\"wp-block-uagb-star-rating uagb-block-15612afd\"><div class=\"uag-star-rating\" title=\"5\/5\"><span class=\"uag-star\">\u2605<\/span><span class=\"uag-star\">\u2605<\/span><span class=\"uag-star\">\u2605<\/span><span class=\"uag-star\">\u2605<\/span><span class=\"uag-star\">\u2605<\/span><\/div><\/div>\n\n\n\n<div class=\"wp-block-uagb-testimonial uagb-slick-carousel uagb-tm__arrow-outside uagb-block-8f085c73 uagb-post__carousel_notset uagb-post__carousel_notset-tablet uagb-post__carousel_notset-mobile\"><div class=\"is-carousel uagb-tm__columns-1 uagb-tm__items\"><div class=\"uagb-testimonial__wrap  uagb-tm__imgicon-style-circle uagb-tm__image-position-bottom uagb-tm__bg-type-none\"><div class=\"uagb-tm__content\"><div class=\"uagb-tm__overlay\"><\/div><div class=\"uagb-tm__text-wrap\"><div class=\"uagb-tm__desc\">La s\u00e9curit\u00e9 au travail est notre priorit\u00e9 absolue. Travailler dans une nacelle est toujours une source d&#039;inqui\u00e9tude pour nos employ\u00e9s. Washerdrone propose les solutions les plus efficaces en mati\u00e8re de s\u00e9curit\u00e9, de rapidit\u00e9 et de nettoyage.<\/div><div class=\"uagb-tm__meta-inner\"><div class=\"uagb-tm__image-content\"><div class=\"uagb-tm__image\"><img decoding=\"async\" class=\"uagb-tm-img-src\" src=\"https:\/\/washerdrone.com\/wp-content\/uploads\/2025\/04\/bilkom-150x150.png\" alt=\"\" width=\"60\" height=\"60\" loading=\"lazy\"\/><\/div><\/div><div class=\"uagb-testimonial-details\"><span class=\"uagb-tm__author-name\">Bilkom<\/span><span class=\"uagb-tm__company\">Bilkom Istanbul<\/span><\/div><\/div><\/div><\/div><\/div><\/div><\/div>\n<\/div>\n<\/div><\/div>\n\n\n\n<div class=\"wp-block-uagb-container uagb-layout-flex uagb-block-cd23d4e7 alignfull uagb-is-root-container\"><div class=\"uagb-container-inner-blocks-wrap\">\n<div class=\"wp-block-uagb-container uagb-block-38ac57af\">\n<div class=\"wp-block-uagb-advanced-heading uagb-block-ab8e889b\"><h2 class=\"uagb-heading-text\">Pourquoi WasherDrone ?<\/h2><p class=\"uagb-desc-text\">Une nouvelle dimension de propret\u00e9 dans le ciel<\/p><\/div>\n\n\n\n<div class=\"wp-block-uagb-icon-list uagb-block-e61dcdb2\"><div class=\"uagb-icon-list__wrap\">\n<div class=\"wp-block-uagb-icon-list-child uagb-block-55d1f747\"><span class=\"uagb-icon-list__source-wrap\"><svg xmlns=\"https:\/\/www.w3.org\/2000\/svg\" viewbox=\"0 0 512 512\"><path d=\"M0 256C0 114.6 114.6 0 256 0C397.4 0 512 114.6 512 256C512 397.4 397.4 512 256 512C114.6 512 0 397.4 0 256zM371.8 211.8C382.7 200.9 382.7 183.1 371.8 172.2C360.9 161.3 343.1 161.3 332.2 172.2L224 280.4L179.8 236.2C168.9 225.3 151.1 225.3 140.2 236.2C129.3 247.1 129.3 264.9 140.2 275.8L204.2 339.8C215.1 350.7 232.9 350.7 243.8 339.8L371.8 211.8z\"><\/path><\/svg><\/span><span class=\"uagb-icon-list__label\"><strong>Expertise mondiale, succ\u00e8s local<\/strong><\/span><\/div>\n\n\n\n<div class=\"wp-block-uagb-icon-list-child uagb-block-0bb7ef6d\"><span class=\"uagb-icon-list__source-wrap\"><svg xmlns=\"https:\/\/www.w3.org\/2000\/svg\" viewbox=\"0 0 512 512\"><path d=\"M0 256C0 114.6 114.6 0 256 0C397.4 0 512 114.6 512 256C512 397.4 397.4 512 256 512C114.6 512 0 397.4 0 256zM371.8 211.8C382.7 200.9 382.7 183.1 371.8 172.2C360.9 161.3 343.1 161.3 332.2 172.2L224 280.4L179.8 236.2C168.9 225.3 151.1 225.3 140.2 236.2C129.3 247.1 129.3 264.9 140.2 275.8L204.2 339.8C215.1 350.7 232.9 350.7 243.8 339.8L371.8 211.8z\"><\/path><\/svg><\/span><span class=\"uagb-icon-list__label\"><strong>Des normes de s\u00e9curit\u00e9 in\u00e9gal\u00e9es<\/strong><\/span><\/div>\n\n\n\n<div class=\"wp-block-uagb-icon-list-child uagb-block-685a5aa8\"><span class=\"uagb-icon-list__source-wrap\"><svg xmlns=\"https:\/\/www.w3.org\/2000\/svg\" viewbox=\"0 0 512 512\"><path d=\"M0 256C0 114.6 114.6 0 256 0C397.4 0 512 114.6 512 256C512 397.4 397.4 512 256 512C114.6 512 0 397.4 0 256zM371.8 211.8C382.7 200.9 382.7 183.1 371.8 172.2C360.9 161.3 343.1 161.3 332.2 172.2L224 280.4L179.8 236.2C168.9 225.3 151.1 225.3 140.2 236.2C129.3 247.1 129.3 264.9 140.2 275.8L204.2 339.8C215.1 350.7 232.9 350.7 243.8 339.8L371.8 211.8z\"><\/path><\/svg><\/span><span class=\"uagb-icon-list__label\"><strong>Retour sur investissement \u00e0 haute performance<\/strong><\/span><\/div>\n\n\n\n<div class=\"wp-block-uagb-icon-list-child uagb-block-6b0a0d04\"><span class=\"uagb-icon-list__source-wrap\"><svg xmlns=\"https:\/\/www.w3.org\/2000\/svg\" viewbox=\"0 0 512 512\"><path d=\"M0 256C0 114.6 114.6 0 256 0C397.4 0 512 114.6 512 256C512 397.4 397.4 512 256 512C114.6 512 0 397.4 0 256zM371.8 211.8C382.7 200.9 382.7 183.1 371.8 172.2C360.9 161.3 343.1 161.3 332.2 172.2L224 280.4L179.8 236.2C168.9 225.3 151.1 225.3 140.2 236.2C129.3 247.1 129.3 264.9 140.2 275.8L204.2 339.8C215.1 350.7 232.9 350.7 243.8 339.8L371.8 211.8z\"><\/path><\/svg><\/span><span class=\"uagb-icon-list__label\"><strong>Innovation \u00e9cologique<\/strong><\/span><\/div>\n\n\n\n<div class=\"wp-block-uagb-icon-list-child uagb-block-41c6ad22\"><span class=\"uagb-icon-list__source-wrap\"><svg xmlns=\"https:\/\/www.w3.org\/2000\/svg\" viewbox=\"0 0 512 512\"><path d=\"M0 256C0 114.6 114.6 0 256 0C397.4 0 512 114.6 512 256C512 397.4 397.4 512 256 512C114.6 512 0 397.4 0 256zM371.8 211.8C382.7 200.9 382.7 183.1 371.8 172.2C360.9 161.3 343.1 161.3 332.2 172.2L224 280.4L179.8 236.2C168.9 225.3 151.1 225.3 140.2 236.2C129.3 247.1 129.3 264.9 140.2 275.8L204.2 339.8C215.1 350.7 232.9 350.7 243.8 339.8L371.8 211.8z\"><\/path><\/svg><\/span><span class=\"uagb-icon-list__label\"><strong>Assistance technique avanc\u00e9e<\/strong><\/span><\/div>\n<\/div><\/div>\n<\/div>\n\n\n\n<div class=\"wp-block-uagb-image alignright uagb-block-1bba2fd8 wp-block-uagb-image--layout-default wp-block-uagb-image--effect-static wp-block-uagb-image--align-right\"><figure class=\"wp-block-uagb-image__figure\"><img decoding=\"async\" srcset=\"https:\/\/washerdrone.com\/wp-content\/uploads\/2025\/05\/washerdrone-bayilik.png ,https:\/\/washerdrone.com\/wp-content\/uploads\/2025\/05\/washerdrone-bayilik.png 780w, https:\/\/washerdrone.com\/wp-content\/uploads\/2025\/05\/washerdrone-bayilik.png 360w\" sizes=\"auto, (max-width: 480px) 150px\" src=\"https:\/\/washerdrone.com\/wp-content\/uploads\/2025\/05\/washerdrone-bayilik.png\" alt=\"Nettoyage par drone de l&#039;ext\u00e9rieur d&#039;un b\u00e2timent vitr\u00e9\" class=\"uag-image-1950\" width=\"560\" height=\"448\" title=\"laveuse-drone bayilik\" loading=\"lazy\" role=\"img\"\/><\/figure><\/div>\n<\/div><\/div>\n\n\n\n<hr class=\"wp-block-separator has-alpha-channel-opacity\"\/>","protected":false},"excerpt":{"rendered":"<p>Who is WasherDrone? We are a technology company that offers innovative solutions in the field of cleaning and maintenance. Our mission is to make human life easier and to provide environmentally friendly cleaning solutions. In line with this vision, we are revolutionizing industrial and commercial areas using cleaning drones. Why WasherDrone? A New Dimension of [&hellip;]<\/p>\n","protected":false},"author":1,"featured_media":0,"parent":0,"menu_order":0,"comment_status":"closed","ping_status":"closed","template":"","meta":{"_uag_custom_page_level_css":"","site-sidebar-layout":"no-sidebar","site-content-layout":"plain-container","ast-site-content-layout":"normal-width-container","site-content-style":"unboxed","site-sidebar-style":"unboxed","ast-global-header-display":"","ast-banner-title-visibility":"","ast-main-header-display":"","ast-hfb-above-header-display":"","ast-hfb-below-header-display":"","ast-hfb-mobile-header-display":"","site-post-title":"disabled","ast-breadcrumbs-content":"","ast-featured-img":"","footer-sml-layout":"","theme-transparent-header-meta":"enabled","adv-header-id-meta":"","stick-header-meta":"","header-above-stick-meta":"","header-main-stick-meta":"","header-below-stick-meta":"","astra-migrate-meta-layouts":"set","ast-page-background-enabled":"default","ast-page-background-meta":{"desktop":{"background-color":"var(--ast-global-color-4)","background-image":"","background-repeat":"repeat","background-position":"center center","background-size":"auto","background-attachment":"scroll","background-type":"","background-media":"","overlay-type":"","overlay-color":"","overlay-opacity":"","overlay-gradient":""},"tablet":{"background-color":"","background-image":"","background-repeat":"repeat","background-position":"center center","background-size":"auto","background-attachment":"scroll","background-type":"","background-media":"","overlay-type":"","overlay-color":"","overlay-opacity":"","overlay-gradient":""},"mobile":{"background-color":"","background-image":"","background-repeat":"repeat","background-position":"center center","background-size":"auto","background-attachment":"scroll","background-type":"","background-media":"","overlay-type":"","overlay-color":"","overlay-opacity":"","overlay-gradient":""}},"ast-content-background-meta":{"desktop":{"background-color":"var(--ast-global-color-5)","background-image":"","background-repeat":"repeat","background-position":"center center","background-size":"auto","background-attachment":"scroll","background-type":"","background-media":"","overlay-type":"","overlay-color":"","overlay-opacity":"","overlay-gradient":""},"tablet":{"background-color":"var(--ast-global-color-5)","background-image":"","background-repeat":"repeat","background-position":"center center","background-size":"auto","background-attachment":"scroll","background-type":"","background-media":"","overlay-type":"","overlay-color":"","overlay-opacity":"","overlay-gradient":""},"mobile":{"background-color":"var(--ast-global-color-5)","background-image":"","background-repeat":"repeat","background-position":"center center","background-size":"auto","background-attachment":"scroll","background-type":"","background-media":"","overlay-type":"","overlay-color":"","overlay-opacity":"","overlay-gradient":""}},"footnotes":""},"class_list":["post-360","page","type-page","status-publish","hentry"],"uagb_featured_image_src":{"full":false,"thumbnail":false,"medium":false,"medium_large":false,"large":false,"1536x1536":false,"2048x2048":false,"trp-custom-language-flag":false},"uagb_author_info":{"display_name":"ibrahim-mert","author_link":"https:\/\/washerdrone.com\/fr\/author\/ibrahim-mert\/"},"uagb_comment_info":0,"uagb_excerpt":"Who is WasherDrone? We are a technology company that offers innovative solutions in the field of cleaning and maintenance. Our mission is to make human life easier and to provide environmentally friendly cleaning solutions. In line with this vision, we are revolutionizing industrial and commercial areas using cleaning drones. Why WasherDrone? A New Dimension of\u2026","_links":{"self":[{"href":"https:\/\/washerdrone.com\/fr\/wp-json\/wp\/v2\/pages\/360","targetHints":{"allow":["GET"]}}],"collection":[{"href":"https:\/\/washerdrone.com\/fr\/wp-json\/wp\/v2\/pages"}],"about":[{"href":"https:\/\/washerdrone.com\/fr\/wp-json\/wp\/v2\/types\/page"}],"author":[{"embeddable":true,"href":"https:\/\/washerdrone.com\/fr\/wp-json\/wp\/v2\/users\/1"}],"replies":[{"embeddable":true,"href":"https:\/\/washerdrone.com\/fr\/wp-json\/wp\/v2\/comments?post=360"}],"version-history":[{"count":39,"href":"https:\/\/washerdrone.com\/fr\/wp-json\/wp\/v2\/pages\/360\/revisions"}],"predecessor-version":[{"id":3057,"href":"https:\/\/washerdrone.com\/fr\/wp-json\/wp\/v2\/pages\/360\/revisions\/3057"}],"wp:attachment":[{"href":"https:\/\/washerdrone.com\/fr\/wp-json\/wp\/v2\/media?parent=360"}],"curies":[{"name":"wp","href":"https:\/\/api.w.org\/{rel}","templated":true}]}}