{"id":3110,"date":"2026-05-14T13:38:01","date_gmt":"2026-05-14T13:38:01","guid":{"rendered":"https:\/\/washerdrone.com\/?page_id=3110"},"modified":"2026-05-14T15:45:59","modified_gmt":"2026-05-14T15:45:59","slug":"drone-cleaning-training","status":"publish","type":"page","link":"https:\/\/washerdrone.com\/fr\/drone-cleaning-training\/","title":{"rendered":"Formation au nettoyage par drone"},"content":{"rendered":"<div class=\"wp-block-uagb-container uagb-block-ddbe5c65 alignfull uagb-is-root-container\"><div class=\"uagb-container-inner-blocks-wrap\">\n<div class=\"wp-block-uagb-advanced-heading uagb-block-fa4e7c56\"><h1 class=\"uagb-heading-text\">Formation au nettoyage par drone<\/h1><p class=\"uagb-desc-text\"><strong>Programme professionnel pour op\u00e9rateurs de laveuses-drones<\/strong><\/p><\/div>\n<\/div><\/div>\n\n\n\n<hr class=\"wp-block-separator has-alpha-channel-opacity\"\/>\n\n\n\n<div class=\"wp-block-media-text is-stacked-on-mobile\" style=\"grid-template-columns:36% auto\"><figure class=\"wp-block-media-text__media\"><img loading=\"lazy\" decoding=\"async\" width=\"1024\" height=\"1024\" src=\"https:\/\/washerdrone.com\/wp-content\/uploads\/2025\/04\/WasherDrone-Platformu-1024x1024.jpg\" alt=\"\" class=\"wp-image-1751 size-medium\" srcset=\"https:\/\/washerdrone.com\/wp-content\/uploads\/2025\/04\/WasherDrone-Platformu-1024x1024.jpg 1024w, https:\/\/washerdrone.com\/wp-content\/uploads\/2025\/04\/WasherDrone-Platformu-300x300.jpg 300w, https:\/\/washerdrone.com\/wp-content\/uploads\/2025\/04\/WasherDrone-Platformu-100x100.jpg 100w, https:\/\/washerdrone.com\/wp-content\/uploads\/2025\/04\/WasherDrone-Platformu-600x600.jpg 600w, https:\/\/washerdrone.com\/wp-content\/uploads\/2025\/04\/WasherDrone-Platformu-150x150.jpg 150w, https:\/\/washerdrone.com\/wp-content\/uploads\/2025\/04\/WasherDrone-Platformu-768x768.jpg 768w, https:\/\/washerdrone.com\/wp-content\/uploads\/2025\/04\/WasherDrone-Platformu-1536x1536.jpg 1536w, https:\/\/washerdrone.com\/wp-content\/uploads\/2025\/04\/WasherDrone-Platformu-12x12.jpg 12w, https:\/\/washerdrone.com\/wp-content\/uploads\/2025\/04\/WasherDrone-Platformu.jpg 2000w\" sizes=\"auto, (max-width: 1024px) 100vw, 1024px\" \/><\/figure><div class=\"wp-block-media-text__content\">\n<div class=\"wp-block-uagb-advanced-heading uagb-block-244e7185\"><h2 class=\"uagb-heading-text\">Programme professionnel pour op\u00e9rateurs de laveuses-drones<\/h2><\/div>\n\n\n\n<p>Une formation professionnelle au nettoyage par drone est essentielle pour les entreprises qui se lancent dans le nettoyage de fa\u00e7ades et d&#039;ext\u00e9rieurs commerciaux. L&#039;utilisation d&#039;un syst\u00e8me de nettoyage par drone exige bien plus que le simple pilotage. Les syst\u00e8mes de pression, la gestion des tuyaux, l&#039;application de produits chimiques, les conditions de vent et la s\u00e9curit\u00e9 op\u00e9rationnelle influent directement sur les performances de nettoyage et la stabilit\u00e9 du vol.<br><br><a href=\"https:\/\/washerdrone.com\/fr\/\">Drone lave-linge<\/a> Le programme pour op\u00e9rateurs est con\u00e7u pour offrir une formation pratique au nettoyage par drone pour les op\u00e9rations professionnelles de nettoyage de fa\u00e7ades, de toitures, de panneaux solaires et d&#039;entretien ext\u00e9rieur.<br><br>Con\u00e7u selon des conditions r\u00e9elles d&#039;utilisation sur le terrain, ce programme de formation au nettoyage par drone combine th\u00e9orie, d\u00e9monstrations en direct, s\u00e9curit\u00e9 op\u00e9rationnelle, protocoles de communication, d\u00e9pannage et ex\u00e9cution pratique des vols.<\/p>\n<\/div><\/div>\n\n\n\n<hr class=\"wp-block-separator has-alpha-channel-opacity\"\/>\n\n\n\n<div class=\"wp-block-media-text is-stacked-on-mobile has-white-background-color has-background\" style=\"grid-template-columns:36% auto\"><figure class=\"wp-block-media-text__media\"><img loading=\"lazy\" decoding=\"async\" width=\"1024\" height=\"1024\" src=\"https:\/\/washerdrone.com\/wp-content\/uploads\/2025\/04\/Basinc-Uretim-Unitesi-1024x1024.jpg\" alt=\"\" class=\"wp-image-1752 size-medium\" srcset=\"https:\/\/washerdrone.com\/wp-content\/uploads\/2025\/04\/Basinc-Uretim-Unitesi-1024x1024.jpg 1024w, https:\/\/washerdrone.com\/wp-content\/uploads\/2025\/04\/Basinc-Uretim-Unitesi-300x300.jpg 300w, https:\/\/washerdrone.com\/wp-content\/uploads\/2025\/04\/Basinc-Uretim-Unitesi-100x100.jpg 100w, https:\/\/washerdrone.com\/wp-content\/uploads\/2025\/04\/Basinc-Uretim-Unitesi-600x600.jpg 600w, https:\/\/washerdrone.com\/wp-content\/uploads\/2025\/04\/Basinc-Uretim-Unitesi-150x150.jpg 150w, https:\/\/washerdrone.com\/wp-content\/uploads\/2025\/04\/Basinc-Uretim-Unitesi-768x768.jpg 768w, https:\/\/washerdrone.com\/wp-content\/uploads\/2025\/04\/Basinc-Uretim-Unitesi-1536x1536.jpg 1536w, https:\/\/washerdrone.com\/wp-content\/uploads\/2025\/04\/Basinc-Uretim-Unitesi-12x12.jpg 12w, https:\/\/washerdrone.com\/wp-content\/uploads\/2025\/04\/Basinc-Uretim-Unitesi.jpg 2000w\" sizes=\"auto, (max-width: 1024px) 100vw, 1024px\" \/><\/figure><div class=\"wp-block-media-text__content\">\n<div class=\"wp-block-uagb-advanced-heading uagb-block-4a29dc2f\"><h2 class=\"uagb-heading-text\">Que comprend le programme de formation au nettoyage par drone\u00a0?<\/h2><\/div>\n\n\n\n<p>Notre \u00e9quipe professionnelle <strong>formation au nettoyage par drone<\/strong> comprend :<\/p>\n\n\n\n<ul class=\"wp-block-list\">\n<li>Exploitation du syst\u00e8me au sol<\/li>\n\n\n\n<li>Configuration et s\u00e9curit\u00e9 des drones<\/li>\n\n\n\n<li>proc\u00e9dures de nettoyage de fa\u00e7ade<\/li>\n\n\n\n<li>Gestion de la pression et des tuyaux<\/li>\n\n\n\n<li>Protocoles d&#039;application chimique<\/li>\n\n\n\n<li>formation en communication<\/li>\n\n\n\n<li>proc\u00e9dures d&#039;intervention d&#039;urgence<\/li>\n\n\n\n<li>Exercices de d\u00e9pannage<\/li>\n\n\n\n<li>pratique op\u00e9rationnelle en direct<\/li>\n\n\n\n<li>Certification d&#039;op\u00e9rateur<\/li>\n<\/ul>\n\n\n\n<p>Ce <strong>formation au nettoyage par drone<\/strong> Le programme est structur\u00e9 comme un cours op\u00e9rationnel de 3+1 jours ax\u00e9 sur des sc\u00e9narios de nettoyage commercial r\u00e9els.<\/p>\n<\/div><\/div>\n\n\n\n<hr class=\"wp-block-separator has-alpha-channel-opacity\"\/>\n\n\n\n<div class=\"wp-block-media-text is-stacked-on-mobile\" style=\"grid-template-columns:36% auto\"><figure class=\"wp-block-media-text__media\"><img loading=\"lazy\" decoding=\"async\" width=\"1024\" height=\"1024\" src=\"https:\/\/washerdrone.com\/wp-content\/uploads\/2025\/04\/Dozajlama-Sistemi-1024x1024.jpg\" alt=\"\" class=\"wp-image-1753 size-medium\" srcset=\"https:\/\/washerdrone.com\/wp-content\/uploads\/2025\/04\/Dozajlama-Sistemi-1024x1024.jpg 1024w, https:\/\/washerdrone.com\/wp-content\/uploads\/2025\/04\/Dozajlama-Sistemi-300x300.jpg 300w, https:\/\/washerdrone.com\/wp-content\/uploads\/2025\/04\/Dozajlama-Sistemi-100x100.jpg 100w, https:\/\/washerdrone.com\/wp-content\/uploads\/2025\/04\/Dozajlama-Sistemi-600x600.jpg 600w, https:\/\/washerdrone.com\/wp-content\/uploads\/2025\/04\/Dozajlama-Sistemi-150x150.jpg 150w, https:\/\/washerdrone.com\/wp-content\/uploads\/2025\/04\/Dozajlama-Sistemi-768x768.jpg 768w, https:\/\/washerdrone.com\/wp-content\/uploads\/2025\/04\/Dozajlama-Sistemi-1536x1536.jpg 1536w, https:\/\/washerdrone.com\/wp-content\/uploads\/2025\/04\/Dozajlama-Sistemi-12x12.jpg 12w, https:\/\/washerdrone.com\/wp-content\/uploads\/2025\/04\/Dozajlama-Sistemi.jpg 2000w\" sizes=\"auto, (max-width: 1024px) 100vw, 1024px\" \/><\/figure><div class=\"wp-block-media-text__content\">\n<div class=\"wp-block-uagb-advanced-heading uagb-block-c3a54284\"><h2 class=\"uagb-heading-text\">\u00c0 qui s&#039;adresse cette formation au nettoyage par drone\u00a0?<\/h2><\/div>\n\n\n\n<p>Ce <strong>formation au nettoyage par drone<\/strong> est con\u00e7u pour :<\/p>\n\n\n\n<ul class=\"wp-block-list\">\n<li>entreprises de nettoyage par drones<\/li>\n\n\n\n<li>entreprises de nettoyage ext\u00e9rieur<\/li>\n\n\n\n<li>Entreprises de nettoyage de fa\u00e7ades<\/li>\n\n\n\n<li>professionnels du nettoyage de toitures<\/li>\n\n\n\n<li>op\u00e9rateurs de nettoyage de panneaux solaires<\/li>\n\n\n\n<li>entreprises de nettoyage industriel<\/li>\n\n\n\n<li>\u00e9quipes d&#039;entretien des installations<\/li>\n\n\n\n<li>Les entrepreneurs qui se lancent dans le secteur du nettoyage par drones<\/li>\n<\/ul>\n\n\n\n<p>Que vous lanciez une nouvelle entreprise de nettoyage par drone ou que vous d\u00e9veloppiez vos activit\u00e9s existantes, WasherDrone vous offre des solutions pratiques <strong>formation au nettoyage par drone<\/strong> Con\u00e7u pour des applications commerciales.<\/p>\n<\/div><\/div>\n\n\n\n<hr class=\"wp-block-separator has-alpha-channel-opacity\"\/>\n\n\n\n<div class=\"wp-block-media-text is-stacked-on-mobile has-white-background-color has-background\" style=\"grid-template-columns:36% auto\"><figure class=\"wp-block-media-text__media\"><img loading=\"lazy\" decoding=\"async\" width=\"1024\" height=\"1024\" src=\"https:\/\/washerdrone.com\/wp-content\/uploads\/2025\/04\/Arac-Entegrasyonu-1024x1024.jpg\" alt=\"\" class=\"wp-image-1757 size-medium\" srcset=\"https:\/\/washerdrone.com\/wp-content\/uploads\/2025\/04\/Arac-Entegrasyonu-1024x1024.jpg 1024w, https:\/\/washerdrone.com\/wp-content\/uploads\/2025\/04\/Arac-Entegrasyonu-300x300.jpg 300w, https:\/\/washerdrone.com\/wp-content\/uploads\/2025\/04\/Arac-Entegrasyonu-100x100.jpg 100w, https:\/\/washerdrone.com\/wp-content\/uploads\/2025\/04\/Arac-Entegrasyonu-600x600.jpg 600w, https:\/\/washerdrone.com\/wp-content\/uploads\/2025\/04\/Arac-Entegrasyonu-150x150.jpg 150w, https:\/\/washerdrone.com\/wp-content\/uploads\/2025\/04\/Arac-Entegrasyonu-768x768.jpg 768w, https:\/\/washerdrone.com\/wp-content\/uploads\/2025\/04\/Arac-Entegrasyonu-1536x1536.jpg 1536w, https:\/\/washerdrone.com\/wp-content\/uploads\/2025\/04\/Arac-Entegrasyonu-12x12.jpg 12w, https:\/\/washerdrone.com\/wp-content\/uploads\/2025\/04\/Arac-Entegrasyonu.jpg 2000w\" sizes=\"auto, (max-width: 1024px) 100vw, 1024px\" \/><\/figure><div class=\"wp-block-media-text__content\">\n<div class=\"wp-block-uagb-advanced-heading uagb-block-323d5d02\"><h2 class=\"uagb-heading-text\">Formation pratique au nettoyage par drone<\/h2><\/div>\n\n\n\n<p>Contrairement aux formations traditionnelles sur drones, WasherDrone se concentre sur l&#039;ex\u00e9cution op\u00e9rationnelle.<\/p>\n\n\n\n<p>Les participants manipulent physiquement le syst\u00e8me, g\u00e8rent le comportement des tuyaux, effectuent des passages de nettoyage de fa\u00e7ade contr\u00f4l\u00e9s et d\u00e9couvrent comment les syst\u00e8mes de pression interagissent avec la stabilit\u00e9 du drone lors d&#039;op\u00e9rations r\u00e9elles. Car la gravit\u00e9 est un \u00e9l\u00e9ment essentiel de chaque le\u00e7on.<\/p>\n\n\n\n<p>Le <strong>formation au nettoyage par drone<\/strong> Le programme couvre \u00e9galement\u00a0:<\/p>\n\n\n\n<p>\u2013 Configuration op\u00e9rationnelle du drone<br>\u2013 Proc\u00e9dures de nettoyage \u00e0 haute pression par drone<br>\u2013 Applications de drones pour le lavage \u00e0 basse pression<br>\u2013 S\u00e9curit\u00e9 du nettoyage ext\u00e9rieur<br>\u2013 Processus de nettoyage des fa\u00e7ades d&#039;immeubles de grande hauteur<br>\u2013 Protocoles de nettoyage par drones commerciaux<\/p>\n<\/div><\/div>\n\n\n\n<hr class=\"wp-block-separator has-alpha-channel-opacity\"\/>\n\n\n\n<div class=\"wp-block-media-text is-stacked-on-mobile\" style=\"grid-template-columns:36% auto\"><figure class=\"wp-block-media-text__media\"><img loading=\"lazy\" decoding=\"async\" width=\"1024\" height=\"1024\" src=\"https:\/\/washerdrone.com\/wp-content\/uploads\/2025\/04\/Uzaktan-Kumanda-Paneli-1024x1024.jpg\" alt=\"\" class=\"wp-image-1755 size-medium\" srcset=\"https:\/\/washerdrone.com\/wp-content\/uploads\/2025\/04\/Uzaktan-Kumanda-Paneli-1024x1024.jpg 1024w, https:\/\/washerdrone.com\/wp-content\/uploads\/2025\/04\/Uzaktan-Kumanda-Paneli-300x300.jpg 300w, https:\/\/washerdrone.com\/wp-content\/uploads\/2025\/04\/Uzaktan-Kumanda-Paneli-100x100.jpg 100w, https:\/\/washerdrone.com\/wp-content\/uploads\/2025\/04\/Uzaktan-Kumanda-Paneli-600x600.jpg 600w, https:\/\/washerdrone.com\/wp-content\/uploads\/2025\/04\/Uzaktan-Kumanda-Paneli-150x150.jpg 150w, https:\/\/washerdrone.com\/wp-content\/uploads\/2025\/04\/Uzaktan-Kumanda-Paneli-768x768.jpg 768w, https:\/\/washerdrone.com\/wp-content\/uploads\/2025\/04\/Uzaktan-Kumanda-Paneli-1536x1536.jpg 1536w, https:\/\/washerdrone.com\/wp-content\/uploads\/2025\/04\/Uzaktan-Kumanda-Paneli-12x12.jpg 12w, https:\/\/washerdrone.com\/wp-content\/uploads\/2025\/04\/Uzaktan-Kumanda-Paneli.jpg 2000w\" sizes=\"auto, (max-width: 1024px) 100vw, 1024px\" \/><\/figure><div class=\"wp-block-media-text__content\">\n<div class=\"wp-block-uagb-advanced-heading uagb-block-78d0885e\"><h2 class=\"uagb-heading-text\">Certification de nettoyage par drone<\/h2><\/div>\n\n\n\n<p>\u00c0 la fin du programme, les participants ayant r\u00e9ussi re\u00e7oivent\u00a0:<\/p>\n\n\n\n<h3 class=\"wp-block-heading\"><strong>Certificat d&#039;op\u00e9rateur de WasherDrone<\/strong><\/h3>\n\n\n\n<p>Cette certification atteste des comp\u00e9tences en :<\/p>\n\n\n\n<ul class=\"wp-block-list\">\n<li>op\u00e9rations de nettoyage par drone professionnelles<\/li>\n\n\n\n<li>Processus de nettoyage des fa\u00e7ades<\/li>\n\n\n\n<li>Gestion du syst\u00e8me au sol<\/li>\n\n\n\n<li>proc\u00e9dures d&#039;application de produits chimiques<\/li>\n\n\n\n<li>Protocoles de communication et de s\u00e9curit\u00e9<\/li>\n\n\n\n<li>Gestion des interventions d&#039;urgence<\/li>\n<\/ul>\n\n\n\n<p>Le programme de certification WasherDrone est con\u00e7u pour pr\u00e9parer les op\u00e9rateurs \u00e0 de v\u00e9ritables projets commerciaux de nettoyage par drone.<\/p>\n<\/div><\/div>\n\n\n\n<hr class=\"wp-block-separator has-alpha-channel-opacity\"\/>\n\n\n\n<div class=\"wp-block-media-text is-stacked-on-mobile has-white-background-color has-background\" style=\"grid-template-columns:36% auto\"><figure class=\"wp-block-media-text__media\"><img loading=\"lazy\" decoding=\"async\" width=\"1024\" height=\"1024\" src=\"https:\/\/washerdrone.com\/wp-content\/uploads\/2025\/04\/Arac-Entegrasyonu-1024x1024.jpg\" alt=\"\" class=\"wp-image-1757 size-medium\" srcset=\"https:\/\/washerdrone.com\/wp-content\/uploads\/2025\/04\/Arac-Entegrasyonu-1024x1024.jpg 1024w, https:\/\/washerdrone.com\/wp-content\/uploads\/2025\/04\/Arac-Entegrasyonu-300x300.jpg 300w, https:\/\/washerdrone.com\/wp-content\/uploads\/2025\/04\/Arac-Entegrasyonu-100x100.jpg 100w, https:\/\/washerdrone.com\/wp-content\/uploads\/2025\/04\/Arac-Entegrasyonu-600x600.jpg 600w, https:\/\/washerdrone.com\/wp-content\/uploads\/2025\/04\/Arac-Entegrasyonu-150x150.jpg 150w, https:\/\/washerdrone.com\/wp-content\/uploads\/2025\/04\/Arac-Entegrasyonu-768x768.jpg 768w, https:\/\/washerdrone.com\/wp-content\/uploads\/2025\/04\/Arac-Entegrasyonu-1536x1536.jpg 1536w, https:\/\/washerdrone.com\/wp-content\/uploads\/2025\/04\/Arac-Entegrasyonu-12x12.jpg 12w, https:\/\/washerdrone.com\/wp-content\/uploads\/2025\/04\/Arac-Entegrasyonu.jpg 2000w\" sizes=\"auto, (max-width: 1024px) 100vw, 1024px\" \/><\/figure><div class=\"wp-block-media-text__content\">\n<div class=\"wp-block-uagb-advanced-heading uagb-block-84c9d8fd\"><h2 class=\"uagb-heading-text\">Pourquoi choisir la formation au nettoyage par drone WasherDrone\u00a0?<\/h2><\/div>\n\n\n\n<p>Notre offre :<\/p>\n\n\n\n<ul class=\"wp-block-list\">\n<li>Formation op\u00e9rationnelle commerciale r\u00e9elle<\/li>\n\n\n\n<li>Exp\u00e9rience pratique du syst\u00e8me<\/li>\n\n\n\n<li>Processus de nettoyage de fa\u00e7ades professionnels<\/li>\n\n\n\n<li>Sc\u00e9narios de d\u00e9pannage en direct<\/li>\n\n\n\n<li>op\u00e9rations de nettoyage \u00e0 haute pression par drone<\/li>\n\n\n\n<li>applications de nettoyage ext\u00e9rieur et de toiture<\/li>\n\n\n\n<li>Certification ax\u00e9e sur l&#039;industrie<\/li>\n\n\n\n<li>Con\u00e7u pour les entreprises de nettoyage par drones \u00e0 croissance \u00e9volutive<\/li>\n<\/ul>\n<\/div><\/div>\n\n\n\n<hr class=\"wp-block-separator has-alpha-channel-opacity\"\/>\n\n\n\n<div class=\"wp-block-media-text is-stacked-on-mobile\" style=\"grid-template-columns:36% auto\"><figure class=\"wp-block-media-text__media\"><img loading=\"lazy\" decoding=\"async\" width=\"1024\" height=\"1024\" src=\"https:\/\/washerdrone.com\/wp-content\/uploads\/2025\/04\/Uzaktan-Kumanda-Paneli-1024x1024.jpg\" alt=\"\" class=\"wp-image-1755 size-medium\" srcset=\"https:\/\/washerdrone.com\/wp-content\/uploads\/2025\/04\/Uzaktan-Kumanda-Paneli-1024x1024.jpg 1024w, https:\/\/washerdrone.com\/wp-content\/uploads\/2025\/04\/Uzaktan-Kumanda-Paneli-300x300.jpg 300w, https:\/\/washerdrone.com\/wp-content\/uploads\/2025\/04\/Uzaktan-Kumanda-Paneli-100x100.jpg 100w, https:\/\/washerdrone.com\/wp-content\/uploads\/2025\/04\/Uzaktan-Kumanda-Paneli-600x600.jpg 600w, https:\/\/washerdrone.com\/wp-content\/uploads\/2025\/04\/Uzaktan-Kumanda-Paneli-150x150.jpg 150w, https:\/\/washerdrone.com\/wp-content\/uploads\/2025\/04\/Uzaktan-Kumanda-Paneli-768x768.jpg 768w, https:\/\/washerdrone.com\/wp-content\/uploads\/2025\/04\/Uzaktan-Kumanda-Paneli-1536x1536.jpg 1536w, https:\/\/washerdrone.com\/wp-content\/uploads\/2025\/04\/Uzaktan-Kumanda-Paneli-12x12.jpg 12w, https:\/\/washerdrone.com\/wp-content\/uploads\/2025\/04\/Uzaktan-Kumanda-Paneli.jpg 2000w\" sizes=\"auto, (max-width: 1024px) 100vw, 1024px\" \/><\/figure><div class=\"wp-block-media-text__content\">\n<div class=\"wp-block-uagb-advanced-heading uagb-block-a58fa45b\"><h2 class=\"uagb-heading-text\">D\u00e9buter une formation professionnelle au nettoyage par drone<\/h2><\/div>\n\n\n\n<p>Rejoignez le programme WasherDrone Operator et acqu\u00e9rez une exp\u00e9rience pratique dans les op\u00e9rations de nettoyage par drone professionnelles, les syst\u00e8mes de nettoyage de fa\u00e7ades, les flux de travail d&#039;entretien ext\u00e9rieur et les proc\u00e9dures de nettoyage par drone commerciales.<\/p>\n\n\n\n<p><strong>Formation professionnelle au nettoyage par drone pour les op\u00e9rations commerciales r\u00e9elles.<\/strong><\/p>\n<\/div><\/div>\n\n\n\n<p><\/p>\n\n\n\n<script src=\"https:\/\/js-eu1.hsforms.net\/forms\/embed\/148472729.js\" defer><\/script>\n<div class=\"hs-form-frame\" data-region=\"eu1\" data-form-id=\"38261717-ddd0-4084-b40e-97e0b67fe0fd\" data-portal-id=\"148472729\"><\/div>\n\n\n\n<p><\/p>\n\n\n\n<p class=\"has-text-align-center has-medium-font-size\"><strong>PROGRAMME DE FORMATION<\/strong><\/p>\n\n\n\n<figure class=\"wp-block-image aligncenter size-large is-resized\"><img loading=\"lazy\" decoding=\"async\" width=\"1024\" height=\"819\" src=\"https:\/\/washerdrone.com\/wp-content\/uploads\/2026\/05\/drone-cleaning-training-2-1024x819.jpeg\" alt=\"\" class=\"wp-image-3124\" style=\"width:800px\" srcset=\"https:\/\/washerdrone.com\/wp-content\/uploads\/2026\/05\/drone-cleaning-training-2-1024x819.jpeg 1024w, https:\/\/washerdrone.com\/wp-content\/uploads\/2026\/05\/drone-cleaning-training-2-300x240.jpeg 300w, https:\/\/washerdrone.com\/wp-content\/uploads\/2026\/05\/drone-cleaning-training-2-768x615.jpeg 768w, https:\/\/washerdrone.com\/wp-content\/uploads\/2026\/05\/drone-cleaning-training-2-15x12.jpeg 15w, https:\/\/washerdrone.com\/wp-content\/uploads\/2026\/05\/drone-cleaning-training-2.jpeg 1402w\" sizes=\"auto, (max-width: 1024px) 100vw, 1024px\" \/><\/figure>","protected":false},"excerpt":{"rendered":"<p>Drone Cleaning Training Professional WasherDrone Operator Program TRAINING PROGRAM<\/p>","protected":false},"author":1,"featured_media":0,"parent":0,"menu_order":0,"comment_status":"closed","ping_status":"closed","template":"","meta":{"_uag_custom_page_level_css":"","site-sidebar-layout":"no-sidebar","site-content-layout":"","ast-site-content-layout":"normal-width-container","site-content-style":"unboxed","site-sidebar-style":"unboxed","ast-global-header-display":"","ast-banner-title-visibility":"","ast-main-header-display":"","ast-hfb-above-header-display":"","ast-hfb-below-header-display":"","ast-hfb-mobile-header-display":"","site-post-title":"disabled","ast-breadcrumbs-content":"","ast-featured-img":"","footer-sml-layout":"","theme-transparent-header-meta":"enabled","adv-header-id-meta":"","stick-header-meta":"","header-above-stick-meta":"","header-main-stick-meta":"","header-below-stick-meta":"","astra-migrate-meta-layouts":"set","ast-page-background-enabled":"default","ast-page-background-meta":{"desktop":{"background-color":"var(--ast-global-color-4)","background-image":"","background-repeat":"repeat","background-position":"center center","background-size":"auto","background-attachment":"scroll","background-type":"","background-media":"","overlay-type":"","overlay-color":"","overlay-opacity":"","overlay-gradient":""},"tablet":{"background-color":"","background-image":"","background-repeat":"repeat","background-position":"center center","background-size":"auto","background-attachment":"scroll","background-type":"","background-media":"","overlay-type":"","overlay-color":"","overlay-opacity":"","overlay-gradient":""},"mobile":{"background-color":"","background-image":"","background-repeat":"repeat","background-position":"center center","background-size":"auto","background-attachment":"scroll","background-type":"","background-media":"","overlay-type":"","overlay-color":"","overlay-opacity":"","overlay-gradient":""}},"ast-content-background-meta":{"desktop":{"background-color":"var(--ast-global-color-5)","background-image":"","background-repeat":"repeat","background-position":"center center","background-size":"auto","background-attachment":"scroll","background-type":"","background-media":"","overlay-type":"","overlay-color":"","overlay-opacity":"","overlay-gradient":""},"tablet":{"background-color":"var(--ast-global-color-5)","background-image":"","background-repeat":"repeat","background-position":"center center","background-size":"auto","background-attachment":"scroll","background-type":"","background-media":"","overlay-type":"","overlay-color":"","overlay-opacity":"","overlay-gradient":""},"mobile":{"background-color":"var(--ast-global-color-5)","background-image":"","background-repeat":"repeat","background-position":"center center","background-size":"auto","background-attachment":"scroll","background-type":"","background-media":"","overlay-type":"","overlay-color":"","overlay-opacity":"","overlay-gradient":""}},"footnotes":""},"class_list":["post-3110","page","type-page","status-publish","hentry"],"uagb_featured_image_src":{"full":false,"thumbnail":false,"medium":false,"medium_large":false,"large":false,"1536x1536":false,"2048x2048":false,"trp-custom-language-flag":false},"uagb_author_info":{"display_name":"ibrahim-mert","author_link":"https:\/\/washerdrone.com\/fr\/author\/ibrahim-mert\/"},"uagb_comment_info":0,"uagb_excerpt":"Drone Cleaning Training Professional WasherDrone Operator Program TRAINING PROGRAM","_links":{"self":[{"href":"https:\/\/washerdrone.com\/fr\/wp-json\/wp\/v2\/pages\/3110","targetHints":{"allow":["GET"]}}],"collection":[{"href":"https:\/\/washerdrone.com\/fr\/wp-json\/wp\/v2\/pages"}],"about":[{"href":"https:\/\/washerdrone.com\/fr\/wp-json\/wp\/v2\/types\/page"}],"author":[{"embeddable":true,"href":"https:\/\/washerdrone.com\/fr\/wp-json\/wp\/v2\/users\/1"}],"replies":[{"embeddable":true,"href":"https:\/\/washerdrone.com\/fr\/wp-json\/wp\/v2\/comments?post=3110"}],"version-history":[{"count":14,"href":"https:\/\/washerdrone.com\/fr\/wp-json\/wp\/v2\/pages\/3110\/revisions"}],"predecessor-version":[{"id":3139,"href":"https:\/\/washerdrone.com\/fr\/wp-json\/wp\/v2\/pages\/3110\/revisions\/3139"}],"wp:attachment":[{"href":"https:\/\/washerdrone.com\/fr\/wp-json\/wp\/v2\/media?parent=3110"}],"curies":[{"name":"wp","href":"https:\/\/api.w.org\/{rel}","templated":true}]}}