{"id":1679,"date":"2025-04-14T12:04:57","date_gmt":"2025-04-14T12:04:57","guid":{"rendered":"https:\/\/washerdrone.com\/?page_id=1679"},"modified":"2026-03-12T08:47:23","modified_gmt":"2026-03-12T08:47:23","slug":"products-2","status":"publish","type":"page","link":"https:\/\/washerdrone.com\/fr\/products-2\/","title":{"rendered":"Produits"},"content":{"rendered":"<div class=\"wp-block-uagb-container uagb-block-ddbe5c65 alignfull uagb-is-root-container\"><div class=\"uagb-container-inner-blocks-wrap\">\n<div class=\"wp-block-uagb-advanced-heading uagb-block-fa4e7c56\"><h1 class=\"uagb-heading-text\">Catalogue de produits WasherDrone<\/h1><p class=\"uagb-desc-text\">Technologie de nettoyage venue du ciel<\/p><\/div>\n\n\n\n<div class=\"wp-block-buttons is-layout-flex wp-block-buttons-is-layout-flex\">\n<div class=\"wp-block-button is-style-fill\"><a class=\"wp-block-button__link has-ast-global-color-0-color has-white-background-color has-text-color has-background has-link-color wp-element-button\" href=\"https:\/\/shop.washerdrone.com\/\">Boutique en ligne WD<\/a><\/div>\n<\/div>\n<\/div><\/div>\n\n\n\n<hr class=\"wp-block-separator has-alpha-channel-opacity\"\/>\n\n\n\n<div class=\"wp-block-media-text is-stacked-on-mobile\" style=\"grid-template-columns:36% auto\"><figure class=\"wp-block-media-text__media\"><img loading=\"lazy\" decoding=\"async\" width=\"1024\" height=\"1024\" src=\"https:\/\/washerdrone.com\/wp-content\/uploads\/2025\/04\/WasherDrone-Platformu-1024x1024.jpg\" alt=\"\" class=\"wp-image-1751 size-medium\" srcset=\"https:\/\/washerdrone.com\/wp-content\/uploads\/2025\/04\/WasherDrone-Platformu-1024x1024.jpg 1024w, https:\/\/washerdrone.com\/wp-content\/uploads\/2025\/04\/WasherDrone-Platformu-300x300.jpg 300w, https:\/\/washerdrone.com\/wp-content\/uploads\/2025\/04\/WasherDrone-Platformu-100x100.jpg 100w, https:\/\/washerdrone.com\/wp-content\/uploads\/2025\/04\/WasherDrone-Platformu-600x600.jpg 600w, https:\/\/washerdrone.com\/wp-content\/uploads\/2025\/04\/WasherDrone-Platformu-150x150.jpg 150w, https:\/\/washerdrone.com\/wp-content\/uploads\/2025\/04\/WasherDrone-Platformu-768x768.jpg 768w, https:\/\/washerdrone.com\/wp-content\/uploads\/2025\/04\/WasherDrone-Platformu-1536x1536.jpg 1536w, https:\/\/washerdrone.com\/wp-content\/uploads\/2025\/04\/WasherDrone-Platformu-12x12.jpg 12w, https:\/\/washerdrone.com\/wp-content\/uploads\/2025\/04\/WasherDrone-Platformu.jpg 2000w\" sizes=\"auto, (max-width: 1024px) 100vw, 1024px\" \/><\/figure><div class=\"wp-block-media-text__content\">\n<div class=\"wp-block-uagb-advanced-heading uagb-block-244e7185\"><h2 class=\"uagb-heading-text\">Syst\u00e8mes d&#039;air \u2013<br>Solutions de nettoyage volantes<\/h2><\/div>\n\n\n\n<p>Le syst\u00e8me de drone assure un nettoyage sans contact, s\u00fbr et rapide des fa\u00e7ades d&#039;immeubles de grande hauteur. Mont\u00e9 sur une plateforme de drone, ce syst\u00e8me utilise des \u00e9quipements de pulv\u00e9risation et de transport adapt\u00e9s \u00e0 diff\u00e9rents types de surfaces. Gr\u00e2ce \u00e0 sa batterie haute capacit\u00e9 et \u00e0 ses \u00e9quipements modulaires, il constitue une solution id\u00e9ale pour les op\u00e9rations de nettoyage professionnelles. Sa r\u00e9sistance au vent, ses technologies de capteurs avanc\u00e9es et sa stabilit\u00e9 de vol lui permettent d&#039;obtenir des r\u00e9sultats performants m\u00eame sur des b\u00e2timents \u00e0 l&#039;architecture complexe.<br><br>\u2013&nbsp;<strong>Plateforme de drones :<\/strong>&nbsp;Comprend le bo\u00eetier du DJI M400, une batterie intelligente, une t\u00e9l\u00e9commande, une station de charge et un jeu d&#039;h\u00e9lices de rechange.<br><strong>\u2013 Protection de l&#039;h\u00e9lice\u00a0:&nbsp;<\/strong>Le syst\u00e8me de protection robuste et r\u00e9sistant aux chocs prot\u00e8ge les quatre h\u00e9lices et assure la s\u00e9curit\u00e9 en cas de contact avec un mur ou le sol.<br><strong>\u2013 Module de pulv\u00e9risation\u00a0:<\/strong>&nbsp;Comprend un jeu de buses et des adaptateurs de pulv\u00e9risation adapt\u00e9s aux surfaces horizontales et verticales.<\/p>\n<\/div><\/div>\n\n\n\n<hr class=\"wp-block-separator has-alpha-channel-opacity\"\/>\n\n\n\n<div class=\"wp-block-media-text is-stacked-on-mobile has-white-background-color has-background\" style=\"grid-template-columns:36% auto\"><figure class=\"wp-block-media-text__media\"><img loading=\"lazy\" decoding=\"async\" width=\"1024\" height=\"1024\" src=\"https:\/\/washerdrone.com\/wp-content\/uploads\/2025\/04\/Basinc-Uretim-Unitesi-1024x1024.jpg\" alt=\"\" class=\"wp-image-1752 size-medium\" srcset=\"https:\/\/washerdrone.com\/wp-content\/uploads\/2025\/04\/Basinc-Uretim-Unitesi-1024x1024.jpg 1024w, https:\/\/washerdrone.com\/wp-content\/uploads\/2025\/04\/Basinc-Uretim-Unitesi-300x300.jpg 300w, https:\/\/washerdrone.com\/wp-content\/uploads\/2025\/04\/Basinc-Uretim-Unitesi-100x100.jpg 100w, https:\/\/washerdrone.com\/wp-content\/uploads\/2025\/04\/Basinc-Uretim-Unitesi-600x600.jpg 600w, https:\/\/washerdrone.com\/wp-content\/uploads\/2025\/04\/Basinc-Uretim-Unitesi-150x150.jpg 150w, https:\/\/washerdrone.com\/wp-content\/uploads\/2025\/04\/Basinc-Uretim-Unitesi-768x768.jpg 768w, https:\/\/washerdrone.com\/wp-content\/uploads\/2025\/04\/Basinc-Uretim-Unitesi-1536x1536.jpg 1536w, https:\/\/washerdrone.com\/wp-content\/uploads\/2025\/04\/Basinc-Uretim-Unitesi-12x12.jpg 12w, https:\/\/washerdrone.com\/wp-content\/uploads\/2025\/04\/Basinc-Uretim-Unitesi.jpg 2000w\" sizes=\"auto, (max-width: 1024px) 100vw, 1024px\" \/><\/figure><div class=\"wp-block-media-text__content\">\n<div class=\"wp-block-uagb-advanced-heading uagb-block-4a29dc2f\"><h2 class=\"uagb-heading-text\">Syst\u00e8mes au sol \u2013<br>Unit\u00e9s mobiles et embarqu\u00e9es<\/h2><\/div>\n\n\n\n<p>Le syst\u00e8me embarqu\u00e9 fournit l&#039;infrastructure n\u00e9cessaire en eau (pression, production d&#039;eau chaude et approvisionnement en eau pure) pour les op\u00e9rations de nettoyage par drone. Con\u00e7u pour une utilisation mobile, ce syst\u00e8me offre une autonomie compl\u00e8te sur le terrain gr\u00e2ce \u00e0 son moteur, sa chaudi\u00e8re et ses unit\u00e9s de purification int\u00e9gr\u00e9s. Fonctionnant sans raccordement au r\u00e9seau \u00e9lectrique, il garantit une efficacit\u00e9 \u00e9lev\u00e9e en zones urbaines et industrielles gr\u00e2ce \u00e0 sa rapidit\u00e9 d&#039;installation et sa portabilit\u00e9.<br><br>\u2013&nbsp;<strong>Unit\u00e9 de g\u00e9n\u00e9ration de pression :&nbsp;<\/strong>Pompe haute pression 220 bars, moteur \u00e0 essence et module de commande \u00e0 distance.<br>\u2013&nbsp;<strong>Chauffe-eau :&nbsp;<\/strong>Ce syst\u00e8me fonctionnant au diesel dissout les salet\u00e9s tenaces en produisant de l&#039;eau chaude jusqu&#039;\u00e0 90 \u00b0C.<br><strong>\u2013 Unit\u00e9 d&#039;osmose inverse\u00a0:&nbsp;<\/strong>Elle purifie l&#039;eau du robinet et assure un nettoyage sans traces sur le verre et les surfaces brillantes.<br><strong>\u2013 Tuyau haute performance\u00a0:<\/strong>&nbsp;Tuyau compatible avec les drones, l\u00e9ger, rev\u00eatu de t\u00e9flon et r\u00e9sistant aux hautes pressions.<\/p>\n<\/div><\/div>\n\n\n\n<hr class=\"wp-block-separator has-alpha-channel-opacity\"\/>\n\n\n\n<div class=\"wp-block-media-text is-stacked-on-mobile\" style=\"grid-template-columns:36% auto\"><figure class=\"wp-block-media-text__media\"><img loading=\"lazy\" decoding=\"async\" width=\"1024\" height=\"1024\" src=\"https:\/\/washerdrone.com\/wp-content\/uploads\/2025\/04\/Dozajlama-Sistemi-1024x1024.jpg\" alt=\"\" class=\"wp-image-1753 size-medium\" srcset=\"https:\/\/washerdrone.com\/wp-content\/uploads\/2025\/04\/Dozajlama-Sistemi-1024x1024.jpg 1024w, https:\/\/washerdrone.com\/wp-content\/uploads\/2025\/04\/Dozajlama-Sistemi-300x300.jpg 300w, https:\/\/washerdrone.com\/wp-content\/uploads\/2025\/04\/Dozajlama-Sistemi-100x100.jpg 100w, https:\/\/washerdrone.com\/wp-content\/uploads\/2025\/04\/Dozajlama-Sistemi-600x600.jpg 600w, https:\/\/washerdrone.com\/wp-content\/uploads\/2025\/04\/Dozajlama-Sistemi-150x150.jpg 150w, https:\/\/washerdrone.com\/wp-content\/uploads\/2025\/04\/Dozajlama-Sistemi-768x768.jpg 768w, https:\/\/washerdrone.com\/wp-content\/uploads\/2025\/04\/Dozajlama-Sistemi-1536x1536.jpg 1536w, https:\/\/washerdrone.com\/wp-content\/uploads\/2025\/04\/Dozajlama-Sistemi-12x12.jpg 12w, https:\/\/washerdrone.com\/wp-content\/uploads\/2025\/04\/Dozajlama-Sistemi.jpg 2000w\" sizes=\"auto, (max-width: 1024px) 100vw, 1024px\" \/><\/figure><div class=\"wp-block-media-text__content\">\n<div class=\"wp-block-uagb-advanced-heading uagb-block-c3a54284\"><h2 class=\"uagb-heading-text\">Syst\u00e8mes de dosage \u2013<br>Dilution et distribution de la solution<\/h2><\/div>\n\n\n\n<p>Le syst\u00e8me Solution System assure l&#039;application contr\u00f4l\u00e9e de solvants chimiques et biologiques sp\u00e9cialement con\u00e7us pour diff\u00e9rents types de surfaces. Le dosage automatique minimise les erreurs d&#039;utilisation et garantit une qualit\u00e9 de nettoyage standardis\u00e9e. Ce syst\u00e8me est con\u00e7u pour fonctionner avec des produits respectueux de l&#039;environnement et des surfaces. Il s&#039;int\u00e8gre aux syst\u00e8mes terrestres et aux drones, offrant un contr\u00f4le du d\u00e9bit en temps r\u00e9el et des options de dilution multi-\u00e9tapes.<br><br><strong>\u2013 Syst\u00e8me de dosage automatique\u00a0:<\/strong>&nbsp;Il conserve l&#039;eau chimique et l&#039;eau pure dans des r\u00e9servoirs s\u00e9par\u00e9s et les m\u00e9lange automatiquement.<br><strong>\u2013 Dosage de la solution chimique\u00a0:&nbsp;<\/strong>Solvants sp\u00e9cialement con\u00e7us pour les surfaces en verre et composites.<br><strong>\u2013 Dosage des enzymes biologiques\u00a0:&nbsp;<\/strong>Assure le nettoyage biotechnologique de surfaces telles que la pierre, le marbre et la c\u00e9ramique<\/p>\n<\/div><\/div>\n\n\n\n<hr class=\"wp-block-separator has-alpha-channel-opacity\"\/>\n\n\n\n<div class=\"wp-block-media-text is-stacked-on-mobile has-white-background-color has-background\" style=\"grid-template-columns:36% auto\"><figure class=\"wp-block-media-text__media\"><img loading=\"lazy\" decoding=\"async\" width=\"1024\" height=\"1024\" src=\"https:\/\/washerdrone.com\/wp-content\/uploads\/2025\/04\/Arac-Entegrasyonu-1024x1024.jpg\" alt=\"\" class=\"wp-image-1757 size-medium\" srcset=\"https:\/\/washerdrone.com\/wp-content\/uploads\/2025\/04\/Arac-Entegrasyonu-1024x1024.jpg 1024w, https:\/\/washerdrone.com\/wp-content\/uploads\/2025\/04\/Arac-Entegrasyonu-300x300.jpg 300w, https:\/\/washerdrone.com\/wp-content\/uploads\/2025\/04\/Arac-Entegrasyonu-100x100.jpg 100w, https:\/\/washerdrone.com\/wp-content\/uploads\/2025\/04\/Arac-Entegrasyonu-600x600.jpg 600w, https:\/\/washerdrone.com\/wp-content\/uploads\/2025\/04\/Arac-Entegrasyonu-150x150.jpg 150w, https:\/\/washerdrone.com\/wp-content\/uploads\/2025\/04\/Arac-Entegrasyonu-768x768.jpg 768w, https:\/\/washerdrone.com\/wp-content\/uploads\/2025\/04\/Arac-Entegrasyonu-1536x1536.jpg 1536w, https:\/\/washerdrone.com\/wp-content\/uploads\/2025\/04\/Arac-Entegrasyonu-12x12.jpg 12w, https:\/\/washerdrone.com\/wp-content\/uploads\/2025\/04\/Arac-Entegrasyonu.jpg 2000w\" sizes=\"auto, (max-width: 1024px) 100vw, 1024px\" \/><\/figure><div class=\"wp-block-media-text__content\">\n<div class=\"wp-block-uagb-advanced-heading uagb-block-323d5d02\"><h2 class=\"uagb-heading-text\">Pack de d\u00e9marrage professionnel \u2013<br>Assistance, formation, installation<\/h2><\/div>\n\n\n\n<p>Le pack de d\u00e9marrage comprend tout le n\u00e9cessaire pour d\u00e9ployer un syst\u00e8me de purification d&#039;air complet. Il inclut l&#039;assistance \u00e0 l&#039;installation sur site, le calibrage du syst\u00e8me et une formation pratique pour les pilotes, les op\u00e9rateurs et le personnel technique. Le contenu de la formation couvre des aspects essentiels tels que les protocoles de s\u00e9curit\u00e9, les processus op\u00e9rationnels, les proc\u00e9dures de maintenance et la communication avec les clients. Le programme de formation certifi\u00e9 de WasherDrone pr\u00e9pare les \u00e9quipes \u00e0 la fois \u00e0 l&#039;expertise technique et \u00e0 la satisfaction client, permettant une mise sur le march\u00e9 rapide et une mont\u00e9e en charge efficace du service.<br><br>\u2013&nbsp;<strong>Int\u00e9gration embarqu\u00e9e\u00a0:&nbsp;<\/strong>Il permet de s&#039;assurer que tout l&#039;\u00e9quipement est plac\u00e9 de mani\u00e8re ergonomique et stable dans le v\u00e9hicule.<br>\u2013&nbsp;<strong>Syst\u00e8me d&#039;\u00e9tag\u00e8res en acier inoxydable :&nbsp;<\/strong>\u00c9tag\u00e8res de transport en acier inoxydable permettant un transport ordonn\u00e9 \u00e0 l&#039;int\u00e9rieur du v\u00e9hicule.<br>\u2013&nbsp;<strong>Formation \u00e0 l&#039;application\u00a0:<\/strong>&nbsp;Formation compl\u00e8te sur l&#039;utilisation des drones et les protocoles op\u00e9rationnels sur le terrain.<br><strong>\u2013 Conseil et d\u00e9veloppement commercial :<\/strong>&nbsp;Assistance sur le terrain dans les domaines des ventes, des op\u00e9rations et de la gestion de la client\u00e8le.<\/p>\n<\/div><\/div>\n\n\n\n<hr class=\"wp-block-separator has-alpha-channel-opacity\"\/>\n\n\n\n<div class=\"wp-block-media-text is-stacked-on-mobile\" style=\"grid-template-columns:36% auto\"><figure class=\"wp-block-media-text__media\"><img loading=\"lazy\" decoding=\"async\" width=\"1024\" height=\"1024\" src=\"https:\/\/washerdrone.com\/wp-content\/uploads\/2025\/04\/Uzaktan-Kumanda-Paneli-1024x1024.jpg\" alt=\"\" class=\"wp-image-1755 size-medium\" srcset=\"https:\/\/washerdrone.com\/wp-content\/uploads\/2025\/04\/Uzaktan-Kumanda-Paneli-1024x1024.jpg 1024w, https:\/\/washerdrone.com\/wp-content\/uploads\/2025\/04\/Uzaktan-Kumanda-Paneli-300x300.jpg 300w, https:\/\/washerdrone.com\/wp-content\/uploads\/2025\/04\/Uzaktan-Kumanda-Paneli-100x100.jpg 100w, https:\/\/washerdrone.com\/wp-content\/uploads\/2025\/04\/Uzaktan-Kumanda-Paneli-600x600.jpg 600w, https:\/\/washerdrone.com\/wp-content\/uploads\/2025\/04\/Uzaktan-Kumanda-Paneli-150x150.jpg 150w, https:\/\/washerdrone.com\/wp-content\/uploads\/2025\/04\/Uzaktan-Kumanda-Paneli-768x768.jpg 768w, https:\/\/washerdrone.com\/wp-content\/uploads\/2025\/04\/Uzaktan-Kumanda-Paneli-1536x1536.jpg 1536w, https:\/\/washerdrone.com\/wp-content\/uploads\/2025\/04\/Uzaktan-Kumanda-Paneli-12x12.jpg 12w, https:\/\/washerdrone.com\/wp-content\/uploads\/2025\/04\/Uzaktan-Kumanda-Paneli.jpg 2000w\" sizes=\"auto, (max-width: 1024px) 100vw, 1024px\" \/><\/figure><div class=\"wp-block-media-text__content\">\n<div class=\"wp-block-uagb-advanced-heading uagb-block-78d0885e\"><h2 class=\"uagb-heading-text\">Syst\u00e8mes de s\u00e9curit\u00e9 et de surveillance \u2013<br>Contr\u00f4le op\u00e9rationnel et gestion des risques<\/h2><\/div>\n\n\n\n<p>Le syst\u00e8me d&#039;automatisation assure le contr\u00f4le s\u00e9curis\u00e9 et \u00e0 distance de tous les \u00e9quipements. Il permet de basculer entre les modes manuel et automatique et g\u00e9n\u00e8re des alertes automatiques via des capteurs de s\u00e9curit\u00e9 en cas de p\u00e9nurie de mat\u00e9riel ou de situation \u00e0 risque. Le syst\u00e8me int\u00e8gre le g\u00e9orep\u00e9rage, l&#039;\u00e9vitement des collisions, les protocoles d&#039;arr\u00eat d&#039;urgence et des fonctions de diagnostic t\u00e9l\u00e9m\u00e9triques pour le drone. Il offre \u00e9galement une surveillance via le cloud pour le suivi des performances et la maintenance \u00e0 distance.<br><br><strong>\u2013 Panneau de commande \u00e0 distance\u00a0:&nbsp;<\/strong>Le drone d\u00e9marre et arr\u00eate \u00e0 distance le syst\u00e8me de pompe et de pulv\u00e9risation.<br><strong>\u2013 Commutateur de mode automatique\/manuel\u00a0:&nbsp;<\/strong>Permet de basculer entre le contr\u00f4le manuel et automatique selon les besoins.<br><strong>\u2013 Capteurs d&#039;avertissement et de s\u00e9curit\u00e9\u00a0:&nbsp;<\/strong>Il \u00e9met des alertes sonores et visuelles en cas de p\u00e9nurie de consommables, par exemple.<\/p>\n<\/div><\/div>","protected":false},"excerpt":{"rendered":"<p>WasherDrone Product Catalog Cleaning Technology from the Sky<\/p>","protected":false},"author":1,"featured_media":0,"parent":0,"menu_order":0,"comment_status":"closed","ping_status":"closed","template":"","meta":{"_uag_custom_page_level_css":"","site-sidebar-layout":"no-sidebar","site-content-layout":"","ast-site-content-layout":"normal-width-container","site-content-style":"unboxed","site-sidebar-style":"unboxed","ast-global-header-display":"","ast-banner-title-visibility":"","ast-main-header-display":"","ast-hfb-above-header-display":"","ast-hfb-below-header-display":"","ast-hfb-mobile-header-display":"","site-post-title":"disabled","ast-breadcrumbs-content":"","ast-featured-img":"","footer-sml-layout":"","theme-transparent-header-meta":"enabled","adv-header-id-meta":"","stick-header-meta":"","header-above-stick-meta":"","header-main-stick-meta":"","header-below-stick-meta":"","astra-migrate-meta-layouts":"set","ast-page-background-enabled":"default","ast-page-background-meta":{"desktop":{"background-color":"var(--ast-global-color-4)","background-image":"","background-repeat":"repeat","background-position":"center center","background-size":"auto","background-attachment":"scroll","background-type":"","background-media":"","overlay-type":"","overlay-color":"","overlay-opacity":"","overlay-gradient":""},"tablet":{"background-color":"","background-image":"","background-repeat":"repeat","background-position":"center center","background-size":"auto","background-attachment":"scroll","background-type":"","background-media":"","overlay-type":"","overlay-color":"","overlay-opacity":"","overlay-gradient":""},"mobile":{"background-color":"","background-image":"","background-repeat":"repeat","background-position":"center center","background-size":"auto","background-attachment":"scroll","background-type":"","background-media":"","overlay-type":"","overlay-color":"","overlay-opacity":"","overlay-gradient":""}},"ast-content-background-meta":{"desktop":{"background-color":"var(--ast-global-color-5)","background-image":"","background-repeat":"repeat","background-position":"center center","background-size":"auto","background-attachment":"scroll","background-type":"","background-media":"","overlay-type":"","overlay-color":"","overlay-opacity":"","overlay-gradient":""},"tablet":{"background-color":"var(--ast-global-color-5)","background-image":"","background-repeat":"repeat","background-position":"center center","background-size":"auto","background-attachment":"scroll","background-type":"","background-media":"","overlay-type":"","overlay-color":"","overlay-opacity":"","overlay-gradient":""},"mobile":{"background-color":"var(--ast-global-color-5)","background-image":"","background-repeat":"repeat","background-position":"center center","background-size":"auto","background-attachment":"scroll","background-type":"","background-media":"","overlay-type":"","overlay-color":"","overlay-opacity":"","overlay-gradient":""}},"footnotes":""},"class_list":["post-1679","page","type-page","status-publish","hentry"],"uagb_featured_image_src":{"full":false,"thumbnail":false,"medium":false,"medium_large":false,"large":false,"1536x1536":false,"2048x2048":false,"trp-custom-language-flag":false},"uagb_author_info":{"display_name":"ibrahim-mert","author_link":"https:\/\/washerdrone.com\/fr\/author\/ibrahim-mert\/"},"uagb_comment_info":0,"uagb_excerpt":"WasherDrone Product Catalog Cleaning Technology from the Sky","_links":{"self":[{"href":"https:\/\/washerdrone.com\/fr\/wp-json\/wp\/v2\/pages\/1679","targetHints":{"allow":["GET"]}}],"collection":[{"href":"https:\/\/washerdrone.com\/fr\/wp-json\/wp\/v2\/pages"}],"about":[{"href":"https:\/\/washerdrone.com\/fr\/wp-json\/wp\/v2\/types\/page"}],"author":[{"embeddable":true,"href":"https:\/\/washerdrone.com\/fr\/wp-json\/wp\/v2\/users\/1"}],"replies":[{"embeddable":true,"href":"https:\/\/washerdrone.com\/fr\/wp-json\/wp\/v2\/comments?post=1679"}],"version-history":[{"count":39,"href":"https:\/\/washerdrone.com\/fr\/wp-json\/wp\/v2\/pages\/1679\/revisions"}],"predecessor-version":[{"id":3067,"href":"https:\/\/washerdrone.com\/fr\/wp-json\/wp\/v2\/pages\/1679\/revisions\/3067"}],"wp:attachment":[{"href":"https:\/\/washerdrone.com\/fr\/wp-json\/wp\/v2\/media?parent=1679"}],"curies":[{"name":"wp","href":"https:\/\/api.w.org\/{rel}","templated":true}]}}