{"id":3110,"date":"2026-05-14T13:38:01","date_gmt":"2026-05-14T13:38:01","guid":{"rendered":"https:\/\/washerdrone.com\/?page_id=3110"},"modified":"2026-05-14T15:45:59","modified_gmt":"2026-05-14T15:45:59","slug":"drone-cleaning-training","status":"publish","type":"page","link":"https:\/\/washerdrone.com\/es\/drone-cleaning-training\/","title":{"rendered":"Formaci\u00f3n en limpieza con drones"},"content":{"rendered":"<div class=\"wp-block-uagb-container uagb-block-ddbe5c65 alignfull uagb-is-root-container\"><div class=\"uagb-container-inner-blocks-wrap\">\n<div class=\"wp-block-uagb-advanced-heading uagb-block-fa4e7c56\"><h1 class=\"uagb-heading-text\">Formaci\u00f3n en limpieza con drones<\/h1><p class=\"uagb-desc-text\"><strong>Programa de operador profesional de lavadoras-drones<\/strong><\/p><\/div>\n<\/div><\/div>\n\n\n\n<hr class=\"wp-block-separator has-alpha-channel-opacity\"\/>\n\n\n\n<div class=\"wp-block-media-text is-stacked-on-mobile\" style=\"grid-template-columns:36% auto\"><figure class=\"wp-block-media-text__media\"><img loading=\"lazy\" decoding=\"async\" width=\"1024\" height=\"1024\" src=\"https:\/\/washerdrone.com\/wp-content\/uploads\/2025\/04\/WasherDrone-Platformu-1024x1024.jpg\" alt=\"\" class=\"wp-image-1751 size-medium\" srcset=\"https:\/\/washerdrone.com\/wp-content\/uploads\/2025\/04\/WasherDrone-Platformu-1024x1024.jpg 1024w, https:\/\/washerdrone.com\/wp-content\/uploads\/2025\/04\/WasherDrone-Platformu-300x300.jpg 300w, https:\/\/washerdrone.com\/wp-content\/uploads\/2025\/04\/WasherDrone-Platformu-100x100.jpg 100w, https:\/\/washerdrone.com\/wp-content\/uploads\/2025\/04\/WasherDrone-Platformu-600x600.jpg 600w, https:\/\/washerdrone.com\/wp-content\/uploads\/2025\/04\/WasherDrone-Platformu-150x150.jpg 150w, https:\/\/washerdrone.com\/wp-content\/uploads\/2025\/04\/WasherDrone-Platformu-768x768.jpg 768w, https:\/\/washerdrone.com\/wp-content\/uploads\/2025\/04\/WasherDrone-Platformu-1536x1536.jpg 1536w, https:\/\/washerdrone.com\/wp-content\/uploads\/2025\/04\/WasherDrone-Platformu-12x12.jpg 12w, https:\/\/washerdrone.com\/wp-content\/uploads\/2025\/04\/WasherDrone-Platformu.jpg 2000w\" sizes=\"auto, (max-width: 1024px) 100vw, 1024px\" \/><\/figure><div class=\"wp-block-media-text__content\">\n<div class=\"wp-block-uagb-advanced-heading uagb-block-244e7185\"><h2 class=\"uagb-heading-text\">Programa de operador profesional de lavadoras-drones<\/h2><\/div>\n\n\n\n<p>La formaci\u00f3n profesional en limpieza con drones es fundamental para las empresas que se inician en el sector de la limpieza de fachadas y exteriores comerciales. Operar un sistema de limpieza con drones requiere mucho m\u00e1s que el pilotaje b\u00e1sico. Los sistemas de presi\u00f3n, la gesti\u00f3n de las mangueras, la aplicaci\u00f3n de productos qu\u00edmicos, las condiciones del viento y la seguridad operativa influyen directamente en el rendimiento de la limpieza y la estabilidad del vuelo.<br><br><a href=\"https:\/\/washerdrone.com\/es\/\">Lavadora-dron<\/a> El programa para operadores est\u00e1 dise\u00f1ado para proporcionar capacitaci\u00f3n pr\u00e1ctica en limpieza con drones para operaciones profesionales de limpieza de fachadas, limpieza de techos, limpieza de paneles solares y mantenimiento exterior.<br><br>Este programa de capacitaci\u00f3n en limpieza con drones, dise\u00f1ado en torno a condiciones reales de trabajo comerciales, combina teor\u00eda, demostraciones en vivo, seguridad operativa, protocolos de comunicaci\u00f3n, resoluci\u00f3n de problemas y ejecuci\u00f3n pr\u00e1ctica de vuelos.<\/p>\n<\/div><\/div>\n\n\n\n<hr class=\"wp-block-separator has-alpha-channel-opacity\"\/>\n\n\n\n<div class=\"wp-block-media-text is-stacked-on-mobile has-white-background-color has-background\" style=\"grid-template-columns:36% auto\"><figure class=\"wp-block-media-text__media\"><img loading=\"lazy\" decoding=\"async\" width=\"1024\" height=\"1024\" src=\"https:\/\/washerdrone.com\/wp-content\/uploads\/2025\/04\/Basinc-Uretim-Unitesi-1024x1024.jpg\" alt=\"\" class=\"wp-image-1752 size-medium\" srcset=\"https:\/\/washerdrone.com\/wp-content\/uploads\/2025\/04\/Basinc-Uretim-Unitesi-1024x1024.jpg 1024w, https:\/\/washerdrone.com\/wp-content\/uploads\/2025\/04\/Basinc-Uretim-Unitesi-300x300.jpg 300w, https:\/\/washerdrone.com\/wp-content\/uploads\/2025\/04\/Basinc-Uretim-Unitesi-100x100.jpg 100w, https:\/\/washerdrone.com\/wp-content\/uploads\/2025\/04\/Basinc-Uretim-Unitesi-600x600.jpg 600w, https:\/\/washerdrone.com\/wp-content\/uploads\/2025\/04\/Basinc-Uretim-Unitesi-150x150.jpg 150w, https:\/\/washerdrone.com\/wp-content\/uploads\/2025\/04\/Basinc-Uretim-Unitesi-768x768.jpg 768w, https:\/\/washerdrone.com\/wp-content\/uploads\/2025\/04\/Basinc-Uretim-Unitesi-1536x1536.jpg 1536w, https:\/\/washerdrone.com\/wp-content\/uploads\/2025\/04\/Basinc-Uretim-Unitesi-12x12.jpg 12w, https:\/\/washerdrone.com\/wp-content\/uploads\/2025\/04\/Basinc-Uretim-Unitesi.jpg 2000w\" sizes=\"auto, (max-width: 1024px) 100vw, 1024px\" \/><\/figure><div class=\"wp-block-media-text__content\">\n<div class=\"wp-block-uagb-advanced-heading uagb-block-4a29dc2f\"><h2 class=\"uagb-heading-text\">\u00bfQu\u00e9 incluye el programa de capacitaci\u00f3n en limpieza con drones?<\/h2><\/div>\n\n\n\n<p>Nuestro profesional <strong>formaci\u00f3n en limpieza con drones<\/strong> incluye:<\/p>\n\n\n\n<ul class=\"wp-block-list\">\n<li>Operaci\u00f3n del sistema terrestre<\/li>\n\n\n\n<li>Configuraci\u00f3n y seguridad de los drones<\/li>\n\n\n\n<li>Procedimientos de limpieza de fachadas<\/li>\n\n\n\n<li>Gesti\u00f3n de presi\u00f3n y mangueras<\/li>\n\n\n\n<li>protocolos de aplicaci\u00f3n qu\u00edmica<\/li>\n\n\n\n<li>Formaci\u00f3n en comunicaci\u00f3n<\/li>\n\n\n\n<li>Procedimientos de respuesta ante emergencias<\/li>\n\n\n\n<li>Ejercicios de resoluci\u00f3n de problemas<\/li>\n\n\n\n<li>Pr\u00e1ctica operativa en vivo<\/li>\n\n\n\n<li>Certificaci\u00f3n de operador<\/li>\n<\/ul>\n\n\n\n<p>Este <strong>formaci\u00f3n en limpieza con drones<\/strong> El programa est\u00e1 estructurado como un curso operativo de 3+1 d\u00edas centrado en escenarios reales de limpieza comercial.<\/p>\n<\/div><\/div>\n\n\n\n<hr class=\"wp-block-separator has-alpha-channel-opacity\"\/>\n\n\n\n<div class=\"wp-block-media-text is-stacked-on-mobile\" style=\"grid-template-columns:36% auto\"><figure class=\"wp-block-media-text__media\"><img loading=\"lazy\" decoding=\"async\" width=\"1024\" height=\"1024\" src=\"https:\/\/washerdrone.com\/wp-content\/uploads\/2025\/04\/Dozajlama-Sistemi-1024x1024.jpg\" alt=\"\" class=\"wp-image-1753 size-medium\" srcset=\"https:\/\/washerdrone.com\/wp-content\/uploads\/2025\/04\/Dozajlama-Sistemi-1024x1024.jpg 1024w, https:\/\/washerdrone.com\/wp-content\/uploads\/2025\/04\/Dozajlama-Sistemi-300x300.jpg 300w, https:\/\/washerdrone.com\/wp-content\/uploads\/2025\/04\/Dozajlama-Sistemi-100x100.jpg 100w, https:\/\/washerdrone.com\/wp-content\/uploads\/2025\/04\/Dozajlama-Sistemi-600x600.jpg 600w, https:\/\/washerdrone.com\/wp-content\/uploads\/2025\/04\/Dozajlama-Sistemi-150x150.jpg 150w, https:\/\/washerdrone.com\/wp-content\/uploads\/2025\/04\/Dozajlama-Sistemi-768x768.jpg 768w, https:\/\/washerdrone.com\/wp-content\/uploads\/2025\/04\/Dozajlama-Sistemi-1536x1536.jpg 1536w, https:\/\/washerdrone.com\/wp-content\/uploads\/2025\/04\/Dozajlama-Sistemi-12x12.jpg 12w, https:\/\/washerdrone.com\/wp-content\/uploads\/2025\/04\/Dozajlama-Sistemi.jpg 2000w\" sizes=\"auto, (max-width: 1024px) 100vw, 1024px\" \/><\/figure><div class=\"wp-block-media-text__content\">\n<div class=\"wp-block-uagb-advanced-heading uagb-block-c3a54284\"><h2 class=\"uagb-heading-text\">\u00bfA qui\u00e9n va dirigida esta formaci\u00f3n en limpieza con drones?<\/h2><\/div>\n\n\n\n<p>Este <strong>formaci\u00f3n en limpieza con drones<\/strong> Est\u00e1 dise\u00f1ado para:<\/p>\n\n\n\n<ul class=\"wp-block-list\">\n<li>Empresas de limpieza con drones<\/li>\n\n\n\n<li>Empresas de limpieza exterior<\/li>\n\n\n\n<li>Contratistas de limpieza de fachadas<\/li>\n\n\n\n<li>Profesionales de la limpieza de techos<\/li>\n\n\n\n<li>Operadores de limpieza de paneles solares<\/li>\n\n\n\n<li>Empresas de limpieza industrial<\/li>\n\n\n\n<li>Equipos de mantenimiento de instalaciones<\/li>\n\n\n\n<li>Emprendedores que se incorporan al sector de la limpieza con drones<\/li>\n<\/ul>\n\n\n\n<p>Ya sea que est\u00e9 lanzando un nuevo negocio de limpieza con drones o ampliando las operaciones existentes, WasherDrone ofrece soluciones pr\u00e1cticas. <strong>formaci\u00f3n en limpieza con drones<\/strong> Dise\u00f1ado para aplicaciones comerciales.<\/p>\n<\/div><\/div>\n\n\n\n<hr class=\"wp-block-separator has-alpha-channel-opacity\"\/>\n\n\n\n<div class=\"wp-block-media-text is-stacked-on-mobile has-white-background-color has-background\" style=\"grid-template-columns:36% auto\"><figure class=\"wp-block-media-text__media\"><img loading=\"lazy\" decoding=\"async\" width=\"1024\" height=\"1024\" src=\"https:\/\/washerdrone.com\/wp-content\/uploads\/2025\/04\/Arac-Entegrasyonu-1024x1024.jpg\" alt=\"\" class=\"wp-image-1757 size-medium\" srcset=\"https:\/\/washerdrone.com\/wp-content\/uploads\/2025\/04\/Arac-Entegrasyonu-1024x1024.jpg 1024w, https:\/\/washerdrone.com\/wp-content\/uploads\/2025\/04\/Arac-Entegrasyonu-300x300.jpg 300w, https:\/\/washerdrone.com\/wp-content\/uploads\/2025\/04\/Arac-Entegrasyonu-100x100.jpg 100w, https:\/\/washerdrone.com\/wp-content\/uploads\/2025\/04\/Arac-Entegrasyonu-600x600.jpg 600w, https:\/\/washerdrone.com\/wp-content\/uploads\/2025\/04\/Arac-Entegrasyonu-150x150.jpg 150w, https:\/\/washerdrone.com\/wp-content\/uploads\/2025\/04\/Arac-Entegrasyonu-768x768.jpg 768w, https:\/\/washerdrone.com\/wp-content\/uploads\/2025\/04\/Arac-Entegrasyonu-1536x1536.jpg 1536w, https:\/\/washerdrone.com\/wp-content\/uploads\/2025\/04\/Arac-Entegrasyonu-12x12.jpg 12w, https:\/\/washerdrone.com\/wp-content\/uploads\/2025\/04\/Arac-Entegrasyonu.jpg 2000w\" sizes=\"auto, (max-width: 1024px) 100vw, 1024px\" \/><\/figure><div class=\"wp-block-media-text__content\">\n<div class=\"wp-block-uagb-advanced-heading uagb-block-323d5d02\"><h2 class=\"uagb-heading-text\">Capacitaci\u00f3n pr\u00e1ctica en limpieza de drones<\/h2><\/div>\n\n\n\n<p>A diferencia de los cursos tradicionales sobre drones, WasherDrone se centra en la ejecuci\u00f3n operativa.<\/p>\n\n\n\n<p>Los participantes operan f\u00edsicamente el sistema, controlan el comportamiento de las mangueras, realizan pasadas controladas de limpieza de fachadas y aprenden c\u00f3mo interact\u00faan los sistemas de presi\u00f3n con la estabilidad del dron durante operaciones reales. Porque la gravedad sigue estando muy comprometida con la participaci\u00f3n en cada lecci\u00f3n.<\/p>\n\n\n\n<p>El <strong>formaci\u00f3n en limpieza con drones<\/strong> El programa tambi\u00e9n abarca:<\/p>\n\n\n\n<p>\u2013 Configuraci\u00f3n operativa del dron<br>\u2013 Procedimientos de lavado a presi\u00f3n con drones<br>\u2013 Aplicaciones de drones para lavado suave<br>\u2013 Seguridad en la limpieza exterior<br>\u2013 Flujos de trabajo para la limpieza de fachadas de edificios de gran altura<br>\u2013 Protocolos de limpieza con drones comerciales<\/p>\n<\/div><\/div>\n\n\n\n<hr class=\"wp-block-separator has-alpha-channel-opacity\"\/>\n\n\n\n<div class=\"wp-block-media-text is-stacked-on-mobile\" style=\"grid-template-columns:36% auto\"><figure class=\"wp-block-media-text__media\"><img loading=\"lazy\" decoding=\"async\" width=\"1024\" height=\"1024\" src=\"https:\/\/washerdrone.com\/wp-content\/uploads\/2025\/04\/Uzaktan-Kumanda-Paneli-1024x1024.jpg\" alt=\"\" class=\"wp-image-1755 size-medium\" srcset=\"https:\/\/washerdrone.com\/wp-content\/uploads\/2025\/04\/Uzaktan-Kumanda-Paneli-1024x1024.jpg 1024w, https:\/\/washerdrone.com\/wp-content\/uploads\/2025\/04\/Uzaktan-Kumanda-Paneli-300x300.jpg 300w, https:\/\/washerdrone.com\/wp-content\/uploads\/2025\/04\/Uzaktan-Kumanda-Paneli-100x100.jpg 100w, https:\/\/washerdrone.com\/wp-content\/uploads\/2025\/04\/Uzaktan-Kumanda-Paneli-600x600.jpg 600w, https:\/\/washerdrone.com\/wp-content\/uploads\/2025\/04\/Uzaktan-Kumanda-Paneli-150x150.jpg 150w, https:\/\/washerdrone.com\/wp-content\/uploads\/2025\/04\/Uzaktan-Kumanda-Paneli-768x768.jpg 768w, https:\/\/washerdrone.com\/wp-content\/uploads\/2025\/04\/Uzaktan-Kumanda-Paneli-1536x1536.jpg 1536w, https:\/\/washerdrone.com\/wp-content\/uploads\/2025\/04\/Uzaktan-Kumanda-Paneli-12x12.jpg 12w, https:\/\/washerdrone.com\/wp-content\/uploads\/2025\/04\/Uzaktan-Kumanda-Paneli.jpg 2000w\" sizes=\"auto, (max-width: 1024px) 100vw, 1024px\" \/><\/figure><div class=\"wp-block-media-text__content\">\n<div class=\"wp-block-uagb-advanced-heading uagb-block-78d0885e\"><h2 class=\"uagb-heading-text\">Certificaci\u00f3n de limpieza con drones<\/h2><\/div>\n\n\n\n<p>Al finalizar el programa, los participantes que lo completen con \u00e9xito recibir\u00e1n:<\/p>\n\n\n\n<h3 class=\"wp-block-heading\"><strong>Certificado de operador de lavadora-dron<\/strong><\/h3>\n\n\n\n<p>Esta certificaci\u00f3n confirma la competencia en:<\/p>\n\n\n\n<ul class=\"wp-block-list\">\n<li>Operaciones profesionales de limpieza con drones<\/li>\n\n\n\n<li>Flujos de trabajo para la limpieza de fachadas<\/li>\n\n\n\n<li>Gesti\u00f3n del sistema terrestre<\/li>\n\n\n\n<li>Procedimientos de aplicaci\u00f3n qu\u00edmica<\/li>\n\n\n\n<li>Protocolos de comunicaci\u00f3n y seguridad<\/li>\n\n\n\n<li>manejo de respuesta a emergencias<\/li>\n<\/ul>\n\n\n\n<p>El programa de certificaci\u00f3n WasherDrone est\u00e1 dise\u00f1ado para preparar a los operadores para proyectos reales de limpieza comercial con drones.<\/p>\n<\/div><\/div>\n\n\n\n<hr class=\"wp-block-separator has-alpha-channel-opacity\"\/>\n\n\n\n<div class=\"wp-block-media-text is-stacked-on-mobile has-white-background-color has-background\" style=\"grid-template-columns:36% auto\"><figure class=\"wp-block-media-text__media\"><img loading=\"lazy\" decoding=\"async\" width=\"1024\" height=\"1024\" src=\"https:\/\/washerdrone.com\/wp-content\/uploads\/2025\/04\/Arac-Entegrasyonu-1024x1024.jpg\" alt=\"\" class=\"wp-image-1757 size-medium\" srcset=\"https:\/\/washerdrone.com\/wp-content\/uploads\/2025\/04\/Arac-Entegrasyonu-1024x1024.jpg 1024w, https:\/\/washerdrone.com\/wp-content\/uploads\/2025\/04\/Arac-Entegrasyonu-300x300.jpg 300w, https:\/\/washerdrone.com\/wp-content\/uploads\/2025\/04\/Arac-Entegrasyonu-100x100.jpg 100w, https:\/\/washerdrone.com\/wp-content\/uploads\/2025\/04\/Arac-Entegrasyonu-600x600.jpg 600w, https:\/\/washerdrone.com\/wp-content\/uploads\/2025\/04\/Arac-Entegrasyonu-150x150.jpg 150w, https:\/\/washerdrone.com\/wp-content\/uploads\/2025\/04\/Arac-Entegrasyonu-768x768.jpg 768w, https:\/\/washerdrone.com\/wp-content\/uploads\/2025\/04\/Arac-Entegrasyonu-1536x1536.jpg 1536w, https:\/\/washerdrone.com\/wp-content\/uploads\/2025\/04\/Arac-Entegrasyonu-12x12.jpg 12w, https:\/\/washerdrone.com\/wp-content\/uploads\/2025\/04\/Arac-Entegrasyonu.jpg 2000w\" sizes=\"auto, (max-width: 1024px) 100vw, 1024px\" \/><\/figure><div class=\"wp-block-media-text__content\">\n<div class=\"wp-block-uagb-advanced-heading uagb-block-84c9d8fd\"><h2 class=\"uagb-heading-text\">\u00bfPor qu\u00e9 elegir la formaci\u00f3n en limpieza con drones de WasherDrone?<\/h2><\/div>\n\n\n\n<p>Nuestra oferta:<\/p>\n\n\n\n<ul class=\"wp-block-list\">\n<li>Formaci\u00f3n operativa comercial real<\/li>\n\n\n\n<li>Experiencia pr\u00e1ctica con el sistema<\/li>\n\n\n\n<li>Flujos de trabajo profesionales para la limpieza de fachadas<\/li>\n\n\n\n<li>Escenarios de resoluci\u00f3n de problemas en tiempo real<\/li>\n\n\n\n<li>Operaciones de lavado a presi\u00f3n con drones<\/li>\n\n\n\n<li>Aplicaciones de limpieza de exteriores y techos<\/li>\n\n\n\n<li>Certificaci\u00f3n orientada a la industria<\/li>\n\n\n\n<li>Dise\u00f1ado para empresas de limpieza con drones escalables.<\/li>\n<\/ul>\n<\/div><\/div>\n\n\n\n<hr class=\"wp-block-separator has-alpha-channel-opacity\"\/>\n\n\n\n<div class=\"wp-block-media-text is-stacked-on-mobile\" style=\"grid-template-columns:36% auto\"><figure class=\"wp-block-media-text__media\"><img loading=\"lazy\" decoding=\"async\" width=\"1024\" height=\"1024\" src=\"https:\/\/washerdrone.com\/wp-content\/uploads\/2025\/04\/Uzaktan-Kumanda-Paneli-1024x1024.jpg\" alt=\"\" class=\"wp-image-1755 size-medium\" srcset=\"https:\/\/washerdrone.com\/wp-content\/uploads\/2025\/04\/Uzaktan-Kumanda-Paneli-1024x1024.jpg 1024w, https:\/\/washerdrone.com\/wp-content\/uploads\/2025\/04\/Uzaktan-Kumanda-Paneli-300x300.jpg 300w, https:\/\/washerdrone.com\/wp-content\/uploads\/2025\/04\/Uzaktan-Kumanda-Paneli-100x100.jpg 100w, https:\/\/washerdrone.com\/wp-content\/uploads\/2025\/04\/Uzaktan-Kumanda-Paneli-600x600.jpg 600w, https:\/\/washerdrone.com\/wp-content\/uploads\/2025\/04\/Uzaktan-Kumanda-Paneli-150x150.jpg 150w, https:\/\/washerdrone.com\/wp-content\/uploads\/2025\/04\/Uzaktan-Kumanda-Paneli-768x768.jpg 768w, https:\/\/washerdrone.com\/wp-content\/uploads\/2025\/04\/Uzaktan-Kumanda-Paneli-1536x1536.jpg 1536w, https:\/\/washerdrone.com\/wp-content\/uploads\/2025\/04\/Uzaktan-Kumanda-Paneli-12x12.jpg 12w, https:\/\/washerdrone.com\/wp-content\/uploads\/2025\/04\/Uzaktan-Kumanda-Paneli.jpg 2000w\" sizes=\"auto, (max-width: 1024px) 100vw, 1024px\" \/><\/figure><div class=\"wp-block-media-text__content\">\n<div class=\"wp-block-uagb-advanced-heading uagb-block-a58fa45b\"><h2 class=\"uagb-heading-text\">Comienza tu formaci\u00f3n profesional en limpieza con drones.<\/h2><\/div>\n\n\n\n<p>\u00danete al programa de operadores de WasherDrone y adquiere experiencia pr\u00e1ctica en operaciones profesionales de limpieza con drones, sistemas de limpieza de fachadas, flujos de trabajo de mantenimiento exterior y procedimientos comerciales de limpieza con drones.<\/p>\n\n\n\n<p><strong>Formaci\u00f3n profesional en limpieza con drones para operaciones comerciales reales.<\/strong><\/p>\n<\/div><\/div>\n\n\n\n<p><\/p>\n\n\n\n<script src=\"https:\/\/js-eu1.hsforms.net\/forms\/embed\/148472729.js\" defer><\/script>\n<div class=\"hs-form-frame\" data-region=\"eu1\" data-form-id=\"38261717-ddd0-4084-b40e-97e0b67fe0fd\" data-portal-id=\"148472729\"><\/div>\n\n\n\n<p><\/p>\n\n\n\n<p class=\"has-text-align-center has-medium-font-size\"><strong>PROGRAMA DE FORMACI\u00d3N<\/strong><\/p>\n\n\n\n<figure class=\"wp-block-image aligncenter size-large is-resized\"><img loading=\"lazy\" decoding=\"async\" width=\"1024\" height=\"819\" src=\"https:\/\/washerdrone.com\/wp-content\/uploads\/2026\/05\/drone-cleaning-training-2-1024x819.jpeg\" alt=\"\" class=\"wp-image-3124\" style=\"width:800px\" srcset=\"https:\/\/washerdrone.com\/wp-content\/uploads\/2026\/05\/drone-cleaning-training-2-1024x819.jpeg 1024w, https:\/\/washerdrone.com\/wp-content\/uploads\/2026\/05\/drone-cleaning-training-2-300x240.jpeg 300w, https:\/\/washerdrone.com\/wp-content\/uploads\/2026\/05\/drone-cleaning-training-2-768x615.jpeg 768w, https:\/\/washerdrone.com\/wp-content\/uploads\/2026\/05\/drone-cleaning-training-2-15x12.jpeg 15w, https:\/\/washerdrone.com\/wp-content\/uploads\/2026\/05\/drone-cleaning-training-2.jpeg 1402w\" sizes=\"auto, (max-width: 1024px) 100vw, 1024px\" \/><\/figure>","protected":false},"excerpt":{"rendered":"<p>Drone Cleaning Training Professional WasherDrone Operator Program TRAINING PROGRAM<\/p>","protected":false},"author":1,"featured_media":0,"parent":0,"menu_order":0,"comment_status":"closed","ping_status":"closed","template":"","meta":{"_uag_custom_page_level_css":"","site-sidebar-layout":"no-sidebar","site-content-layout":"","ast-site-content-layout":"normal-width-container","site-content-style":"unboxed","site-sidebar-style":"unboxed","ast-global-header-display":"","ast-banner-title-visibility":"","ast-main-header-display":"","ast-hfb-above-header-display":"","ast-hfb-below-header-display":"","ast-hfb-mobile-header-display":"","site-post-title":"disabled","ast-breadcrumbs-content":"","ast-featured-img":"","footer-sml-layout":"","theme-transparent-header-meta":"enabled","adv-header-id-meta":"","stick-header-meta":"","header-above-stick-meta":"","header-main-stick-meta":"","header-below-stick-meta":"","astra-migrate-meta-layouts":"set","ast-page-background-enabled":"default","ast-page-background-meta":{"desktop":{"background-color":"var(--ast-global-color-4)","background-image":"","background-repeat":"repeat","background-position":"center center","background-size":"auto","background-attachment":"scroll","background-type":"","background-media":"","overlay-type":"","overlay-color":"","overlay-opacity":"","overlay-gradient":""},"tablet":{"background-color":"","background-image":"","background-repeat":"repeat","background-position":"center center","background-size":"auto","background-attachment":"scroll","background-type":"","background-media":"","overlay-type":"","overlay-color":"","overlay-opacity":"","overlay-gradient":""},"mobile":{"background-color":"","background-image":"","background-repeat":"repeat","background-position":"center center","background-size":"auto","background-attachment":"scroll","background-type":"","background-media":"","overlay-type":"","overlay-color":"","overlay-opacity":"","overlay-gradient":""}},"ast-content-background-meta":{"desktop":{"background-color":"var(--ast-global-color-5)","background-image":"","background-repeat":"repeat","background-position":"center center","background-size":"auto","background-attachment":"scroll","background-type":"","background-media":"","overlay-type":"","overlay-color":"","overlay-opacity":"","overlay-gradient":""},"tablet":{"background-color":"var(--ast-global-color-5)","background-image":"","background-repeat":"repeat","background-position":"center center","background-size":"auto","background-attachment":"scroll","background-type":"","background-media":"","overlay-type":"","overlay-color":"","overlay-opacity":"","overlay-gradient":""},"mobile":{"background-color":"var(--ast-global-color-5)","background-image":"","background-repeat":"repeat","background-position":"center center","background-size":"auto","background-attachment":"scroll","background-type":"","background-media":"","overlay-type":"","overlay-color":"","overlay-opacity":"","overlay-gradient":""}},"footnotes":""},"class_list":["post-3110","page","type-page","status-publish","hentry"],"uagb_featured_image_src":{"full":false,"thumbnail":false,"medium":false,"medium_large":false,"large":false,"1536x1536":false,"2048x2048":false,"trp-custom-language-flag":false},"uagb_author_info":{"display_name":"ibrahim-mert","author_link":"https:\/\/washerdrone.com\/es\/author\/ibrahim-mert\/"},"uagb_comment_info":0,"uagb_excerpt":"Drone Cleaning Training Professional WasherDrone Operator Program TRAINING PROGRAM","_links":{"self":[{"href":"https:\/\/washerdrone.com\/es\/wp-json\/wp\/v2\/pages\/3110","targetHints":{"allow":["GET"]}}],"collection":[{"href":"https:\/\/washerdrone.com\/es\/wp-json\/wp\/v2\/pages"}],"about":[{"href":"https:\/\/washerdrone.com\/es\/wp-json\/wp\/v2\/types\/page"}],"author":[{"embeddable":true,"href":"https:\/\/washerdrone.com\/es\/wp-json\/wp\/v2\/users\/1"}],"replies":[{"embeddable":true,"href":"https:\/\/washerdrone.com\/es\/wp-json\/wp\/v2\/comments?post=3110"}],"version-history":[{"count":14,"href":"https:\/\/washerdrone.com\/es\/wp-json\/wp\/v2\/pages\/3110\/revisions"}],"predecessor-version":[{"id":3139,"href":"https:\/\/washerdrone.com\/es\/wp-json\/wp\/v2\/pages\/3110\/revisions\/3139"}],"wp:attachment":[{"href":"https:\/\/washerdrone.com\/es\/wp-json\/wp\/v2\/media?parent=3110"}],"curies":[{"name":"wp","href":"https:\/\/api.w.org\/{rel}","templated":true}]}}