{"id":361,"date":"2025-02-24T18:47:52","date_gmt":"2025-02-24T18:47:52","guid":{"rendered":"https:\/\/washerdrone.com\/staging\/services\/"},"modified":"2026-02-20T16:50:46","modified_gmt":"2026-02-20T16:50:46","slug":"solutions-2","status":"publish","type":"page","link":"https:\/\/washerdrone.com\/de\/solutions-2\/","title":{"rendered":"L\u00f6sungen"},"content":{"rendered":"<div class=\"wp-block-uagb-container uagb-block-ddbe5c65 alignfull uagb-is-root-container\"><div class=\"uagb-container-inner-blocks-wrap\">\n<div class=\"wp-block-uagb-advanced-heading uagb-block-fa4e7c56\"><h1 class=\"uagb-heading-text\">WasherDrone-L\u00f6sungen, die Ihren Bed\u00fcrfnissen entsprechen<\/h1><p class=\"uagb-desc-text\">Die Au\u00dfenreinigung mit Drohnen ist deutlich sicherer und schneller als herk\u00f6mmliche Reinigungsverfahren. Reinigungsdrohnen gew\u00e4hrleisten eine optimale Reinigung auch an schwer zug\u00e4nglichen Stellen wie Hochh\u00e4usern, Solaranlagen, Wassert\u00fcrmen und Br\u00fccken.<\/p><\/div>\n<\/div><\/div>\n\n\n\n<div class=\"wp-block-uagb-container uagb-block-769b6847 alignfull uagb-is-root-container\"><div class=\"uagb-container-inner-blocks-wrap\">\n<div class=\"wp-block-uagb-advanced-heading uagb-block-49143d4d\"><h2 class=\"uagb-heading-text\">Wie k\u00f6nnen wir Ihnen helfen?<\/h2><\/div>\n\n\n\n<div class=\"wp-block-uagb-container uagb-layout-grid uagb-block-132ede22\">\n<div class=\"wp-block-uagb-info-box uagb-block-0669c3ff uagb-infobox__content-wrap  uagb-infobox-icon-above-title uagb-infobox-image-valign-top\"><div class=\"uagb-ifb-content\"><div class=\"uagb-ifb-image-content\"><img decoding=\"async\" src=\"https:\/\/washerdrone.com\/wp-content\/uploads\/2025\/03\/washerdorne-hastane-okul-yikama.jpg\" alt=\"\" width=\"700\" height=\"500\" loading=\"lazy\"\/><\/div><div class=\"uagb-ifb-title-wrap\"><h4 class=\"uagb-ifb-title\">Krankenh\u00e4user und Schulen<\/h4><\/div><p class=\"uagb-ifb-desc\">Die WasherDrone-Technologie bietet Ihnen eine schnelle L\u00f6sung f\u00fcr die Au\u00dfenbereiche von Geb\u00e4uden wie Krankenh\u00e4usern, Schulen und Pl\u00e4tzen, wo die Reinigung von gro\u00dfer Bedeutung ist.<\/p><\/div><\/div>\n\n\n\n<div class=\"wp-block-uagb-info-box uagb-block-9a931b37 uagb-infobox__content-wrap  uagb-infobox-icon-above-title uagb-infobox-image-valign-top\"><div class=\"uagb-ifb-content\"><div class=\"uagb-ifb-image-content\"><img decoding=\"async\" src=\"https:\/\/washerdrone.com\/wp-content\/uploads\/2025\/03\/Yuksek-Bina-Yikama-Dronu.jpg\" alt=\"Yuksek-Bina-Yikama-Dronu\" width=\"700\" height=\"500\" loading=\"lazy\"\/><\/div><div class=\"uagb-ifb-title-wrap\"><h4 class=\"uagb-ifb-title\">Ausstellungsr\u00e4ume, Hotels und Flugh\u00e4fen<\/h4><\/div><p class=\"uagb-ifb-desc\">Kontaktieren Sie uns f\u00fcr die WasherDrone-Technologie, die innovativste L\u00f6sung f\u00fcr die Reinigung von Hochh\u00e4usern mit gro\u00dfen Glasfl\u00e4chen im Dienstleistungssektor.<\/p><\/div><\/div>\n\n\n\n<div class=\"wp-block-uagb-info-box uagb-block-15659dce uagb-infobox__content-wrap  uagb-infobox-icon-above-title uagb-infobox-image-valign-top\"><div class=\"uagb-ifb-content\"><div class=\"uagb-ifb-image-content\"><img decoding=\"async\" src=\"https:\/\/washerdrone.com\/wp-content\/uploads\/2025\/03\/Drone-ile-gunes-paneli-temizligi-washerdrone.jpg\" alt=\"\" width=\"700\" height=\"500\" loading=\"lazy\"\/><\/div><div class=\"uagb-ifb-title-wrap\"><h4 class=\"uagb-ifb-title\">Windkraftanlagen und Solarpaneele<\/h4><\/div><p class=\"uagb-ifb-desc\">Wer Wert auf die Sauberkeit umweltfreundlicher Energiequellen legt, um seine effiziente Produktion fortzusetzen, sollte WasherDrone jetzt kennenlernen.<br><a href=\"https:\/\/washerdrone.com\/de\/\"><\/a><\/p><\/div><\/div>\n\n\n\n<div class=\"wp-block-uagb-info-box uagb-block-1855b6b9 uagb-infobox__content-wrap  uagb-infobox-icon-above-title uagb-infobox-image-valign-top\"><div class=\"uagb-ifb-content\"><div class=\"uagb-ifb-image-content\"><img decoding=\"async\" src=\"https:\/\/washerdrone.com\/wp-content\/uploads\/2025\/03\/enustriyel-tesis-yikama-dronu.jpg\" alt=\"\" width=\"700\" height=\"500\" loading=\"lazy\"\/><\/div><div class=\"uagb-ifb-title-wrap\"><h4 class=\"uagb-ifb-title\">Bauindustrie<\/h4><\/div><p class=\"uagb-ifb-desc\">Die Au\u00dfenreinigung von Hochh\u00e4usern kann aufgrund von Sicherheitsrisiken und dem erforderlichen Equipment recht komplex sein. Fenster von Mittel- und Hochh\u00e4usern, komplexe Fassaden und schwer zug\u00e4ngliche Bereiche werden aufgrund der Grenzen herk\u00f6mmlicher Reinigungsmethoden oft vernachl\u00e4ssigt. Zudem ist der Aufbau von Reinigungsger\u00fcsten zeitaufw\u00e4ndig und nicht f\u00fcr jedes Geb\u00e4ude geeignet.<\/p><\/div><\/div>\n\n\n\n<div class=\"wp-block-uagb-info-box uagb-block-9f7240ab uagb-infobox__content-wrap  uagb-infobox-icon-above-title uagb-infobox-image-valign-top\"><div class=\"uagb-ifb-content\"><div class=\"uagb-ifb-image-content\"><img decoding=\"async\" src=\"https:\/\/washerdrone.com\/wp-content\/uploads\/2025\/03\/washer-drone-heykel-temizleme.jpg\" alt=\"\" width=\"700\" height=\"500\" loading=\"lazy\"\/><\/div><div class=\"uagb-ifb-title-wrap\"><h4 class=\"uagb-ifb-title\">Reinigung von Statuen und Denkm\u00e4lern<\/h4><\/div><p class=\"uagb-ifb-desc\">Historische Bauwerke, Statuen und Denkm\u00e4ler lassen sich aufgrund ihrer Form nicht mit Ger\u00fcsten reinigen. Insbesondere herk\u00f6mmliche Methoden und Reinigungssysteme mit Aufz\u00fcgen k\u00f6nnen diese Strukturen besch\u00e4digen. Dank der WasherDrone-Reinigungsdrohnen werden historische Bauwerke, Statuen und Denkm\u00e4ler durch das Verspr\u00fchen von reinem Wasser und, falls erforderlich, unsch\u00e4dlichen Reinigungsmitteln gereinigt. Kontaktieren Sie uns f\u00fcr weitere Informationen.<\/p><\/div><\/div>\n\n\n\n<div class=\"wp-block-uagb-info-box uagb-block-5681adcd uagb-infobox__content-wrap  uagb-infobox-icon-above-title uagb-infobox-image-valign-top\"><div class=\"uagb-ifb-content\"><div class=\"uagb-ifb-image-content\"><img decoding=\"async\" src=\"https:\/\/washerdrone.com\/wp-content\/uploads\/2025\/03\/Yangin-Sondurme-Dronu-Nedir.jpg\" alt=\"\" width=\"700\" height=\"500\" loading=\"lazy\"\/><\/div><div class=\"uagb-ifb-title-wrap\"><h4 class=\"uagb-ifb-title\">Feuerl\u00f6schdrohne<\/h4><\/div><p class=\"uagb-ifb-desc\">Unbemannte Luftfahrzeuge (UAVs), die sich insbesondere als L\u00f6schdrohnen auszeichnen, k\u00f6nnen spezielle Kapseln mit L\u00f6schmitteln in schwer zug\u00e4nglichen Gebieten abwerfen, Daten in Echtzeit \u00fcbertragen und Feuerwehren ein strategisches Eingreifen bei Br\u00e4nden erm\u00f6glichen. Die von uns entwickelte L\u00f6schdrohne ist darauf vorbereitet, in vielen verschiedenen Bereichen \u2013 von Waldbr\u00e4nden \u00fcber Geb\u00e4udebr\u00e4nde bis hin zu Br\u00e4nden von Elektrofahrzeugen \u2013 aktiv eingesetzt zu werden.<br><a href=\"http:\/\/wd-translate.local\/en\/contact\/\" target=\"_blank\" rel=\"noopener\"><\/a><\/p><\/div><\/div>\n<\/div>\n\n\n\n<div class=\"wp-block-uagb-buttons uagb-buttons__outer-wrap uagb-btn__default-btn uagb-btn-tablet__default-btn uagb-btn-mobile__default-btn uagb-block-c8b8590c\"><div class=\"uagb-buttons__wrap uagb-buttons-layout-wrap\">\n<div class=\"wp-block-uagb-buttons-child uagb-buttons__outer-wrap uagb-block-182585fe wp-block-button\"><div class=\"uagb-button__wrapper\"><a class=\"uagb-buttons-repeater wp-block-button__link\" aria-label=\"\" href=\"https:\/\/washerdrone.com\/de\/contact-2\/\" rel=\"follow noopener\" target=\"_self\" role=\"button\"><div class=\"uagb-button__link\">Kontaktieren Sie uns<\/div><span class=\"uagb-button__icon uagb-button__icon-position-after\"><svg xmlns=\"https:\/\/www.w3.org\/2000\/svg\" viewbox=\"0 0 448 512\" aria-hidden=\"true\" focussable=\"false\"><path d=\"M438.6 278.6l-160 160C272.4 444.9 264.2 448 256 448s-16.38-3.125-22.62-9.375c-12.5-12.5-12.5-32.75 0-45.25L338.8 288H32C14.33 288 .0016 273.7 .0016 256S14.33 224 32 224h306.8l-105.4-105.4c-12.5-12.5-12.5-32.75 0-45.25s32.75-12.5 45.25 0l160 160C451.1 245.9 451.1 266.1 438.6 278.6z\"><\/path><\/svg><\/span><\/a><\/div><\/div>\n<\/div><\/div>\n<\/div><\/div>\n\n\n\n<div class=\"wp-block-uagb-container uagb-block-3c795e40 alignfull uagb-is-root-container\"><div class=\"uagb-container-inner-blocks-wrap\">\n<div class=\"wp-block-uagb-image uagb-block-90ee0f2e wp-block-uagb-image--layout-default wp-block-uagb-image--effect-static wp-block-uagb-image--align-none\"><figure class=\"wp-block-uagb-image__figure\"><img decoding=\"async\" srcset=\"https:\/\/washerdrone.com\/wp-content\/uploads\/2025\/04\/washer-drone-kontak.jpg ,https:\/\/washerdrone.com\/wp-content\/uploads\/2025\/04\/washer-drone-kontak.jpg 780w, https:\/\/washerdrone.com\/wp-content\/uploads\/2025\/04\/washer-drone-kontak.jpg 360w\" sizes=\"auto, (max-width: 480px) 150px\" src=\"https:\/\/washerdrone.com\/wp-content\/uploads\/2025\/04\/washer-drone-kontak.jpg\" alt=\"\" class=\"uag-image-1646\" width=\"500\" height=\"500\" title=\"Waschmaschinen-Drohnen-Iletismus\" loading=\"lazy\" role=\"img\"\/><\/figure><\/div>\n\n\n\n<div class=\"wp-block-uagb-container uagb-block-2628b513\">\n<div class=\"wp-block-uagb-info-box uagb-block-cbe4f093 uagb-infobox__content-wrap  uagb-infobox-icon-above-title uagb-infobox-image-valign-top\"><div class=\"uagb-ifb-content\"><div class=\"uagb-ifb-title-wrap\"><h2 class=\"uagb-ifb-title\">Werden Sie WasherDrone-H\u00e4ndler!<\/h2><\/div><p class=\"uagb-ifb-desc\">M\u00f6chten Sie WasherDrone-Produkte in Ihrem Land vertreiben? Dann kontaktieren Sie uns bitte.<\/p><div class=\"uagb-ifb-button-wrapper wp-block-button\"><a href=\"tel:+905309143060\" class=\"uagb-infobox-cta-link wp-block-button__link\" target=\"_self\" rel=\"noopener noreferrer\" onclick=\"return true;\"><svg xmlns=\"https:\/\/www.w3.org\/2000\/svg\" viewbox=\"0 0 512 512\"><path d=\"M511.2 387l-23.25 100.8c-3.266 14.25-15.79 24.22-30.46 24.22C205.2 512 0 306.8 0 54.5c0-14.66 9.969-27.2 24.22-30.45l100.8-23.25C139.7-2.602 154.7 5.018 160.8 18.92l46.52 108.5c5.438 12.78 1.77 27.67-8.98 36.45L144.5 207.1c33.98 69.22 90.26 125.5 159.5 159.5l44.08-53.8c8.688-10.78 23.69-14.51 36.47-8.975l108.5 46.51C506.1 357.2 514.6 372.4 511.2 387z\"><\/path><\/svg><span class=\"uagb-inline-editing\">+905309143060<\/span><\/a><\/div><\/div><\/div>\n<\/div>\n<\/div><\/div>\n\n\n\n<hr class=\"wp-block-separator has-alpha-channel-opacity\"\/>\n\n\n\n<p class=\"has-ast-global-color-0-color has-text-color has-link-color wp-elements-f08177ade1662d224bd07918ccf2291c\"><strong>Bitte f\u00fcllen Sie das Formular aus, um mit uns Kontakt aufzunehmen.<\/strong><\/p>\n\n\n<script charset=\"utf-8\" type=\"text\/javascript\" src=\"\/\/js-eu1.hsforms.net\/forms\/embed\/v2.js\"><\/script>\r\n<script>\r\n  hbspt.forms.create({\r\n    region: \"eu1\",\r\n    portalId: \"148472729\",\r\n    formId: \"38261717-ddd0-4084-b40e-97e0b67fe0fd\"\r\n  });\r\n<\/script>","protected":false},"excerpt":{"rendered":"<p>WasherDrone solutions to suit your needs Exterior cleaning with drones is a much safer and faster method than traditional cleaning processes. Washing drones provide the most appropriate level of cleaning in hard-to-reach areas such as tall buildings, solar panels, water towers and bridges. How can we help you? Please fill the form to contact us.<\/p>","protected":false},"author":1,"featured_media":0,"parent":0,"menu_order":0,"comment_status":"closed","ping_status":"closed","template":"","meta":{"_uag_custom_page_level_css":"","site-sidebar-layout":"no-sidebar","site-content-layout":"plain-container","ast-site-content-layout":"normal-width-container","site-content-style":"unboxed","site-sidebar-style":"unboxed","ast-global-header-display":"","ast-banner-title-visibility":"","ast-main-header-display":"","ast-hfb-above-header-display":"","ast-hfb-below-header-display":"","ast-hfb-mobile-header-display":"","site-post-title":"disabled","ast-breadcrumbs-content":"","ast-featured-img":"","footer-sml-layout":"","theme-transparent-header-meta":"enabled","adv-header-id-meta":"","stick-header-meta":"","header-above-stick-meta":"","header-main-stick-meta":"","header-below-stick-meta":"","astra-migrate-meta-layouts":"set","ast-page-background-enabled":"default","ast-page-background-meta":{"desktop":{"background-color":"var(--ast-global-color-4)","background-image":"","background-repeat":"repeat","background-position":"center center","background-size":"auto","background-attachment":"scroll","background-type":"","background-media":"","overlay-type":"","overlay-color":"","overlay-opacity":"","overlay-gradient":""},"tablet":{"background-color":"","background-image":"","background-repeat":"repeat","background-position":"center center","background-size":"auto","background-attachment":"scroll","background-type":"","background-media":"","overlay-type":"","overlay-color":"","overlay-opacity":"","overlay-gradient":""},"mobile":{"background-color":"","background-image":"","background-repeat":"repeat","background-position":"center center","background-size":"auto","background-attachment":"scroll","background-type":"","background-media":"","overlay-type":"","overlay-color":"","overlay-opacity":"","overlay-gradient":""}},"ast-content-background-meta":{"desktop":{"background-color":"var(--ast-global-color-5)","background-image":"","background-repeat":"repeat","background-position":"center center","background-size":"auto","background-attachment":"scroll","background-type":"","background-media":"","overlay-type":"","overlay-color":"","overlay-opacity":"","overlay-gradient":""},"tablet":{"background-color":"var(--ast-global-color-5)","background-image":"","background-repeat":"repeat","background-position":"center center","background-size":"auto","background-attachment":"scroll","background-type":"","background-media":"","overlay-type":"","overlay-color":"","overlay-opacity":"","overlay-gradient":""},"mobile":{"background-color":"var(--ast-global-color-5)","background-image":"","background-repeat":"repeat","background-position":"center center","background-size":"auto","background-attachment":"scroll","background-type":"","background-media":"","overlay-type":"","overlay-color":"","overlay-opacity":"","overlay-gradient":""}},"footnotes":""},"class_list":["post-361","page","type-page","status-publish","hentry"],"uagb_featured_image_src":{"full":false,"thumbnail":false,"medium":false,"medium_large":false,"large":false,"1536x1536":false,"2048x2048":false,"trp-custom-language-flag":false},"uagb_author_info":{"display_name":"ibrahim-mert","author_link":"https:\/\/washerdrone.com\/de\/author\/ibrahim-mert\/"},"uagb_comment_info":0,"uagb_excerpt":"WasherDrone solutions to suit your needs Exterior cleaning with drones is a much safer and faster method than traditional cleaning processes. Washing drones provide the most appropriate level of cleaning in hard-to-reach areas such as tall buildings, solar panels, water towers and bridges. How can we help you? Please fill the form to contact us.","_links":{"self":[{"href":"https:\/\/washerdrone.com\/de\/wp-json\/wp\/v2\/pages\/361","targetHints":{"allow":["GET"]}}],"collection":[{"href":"https:\/\/washerdrone.com\/de\/wp-json\/wp\/v2\/pages"}],"about":[{"href":"https:\/\/washerdrone.com\/de\/wp-json\/wp\/v2\/types\/page"}],"author":[{"embeddable":true,"href":"https:\/\/washerdrone.com\/de\/wp-json\/wp\/v2\/users\/1"}],"replies":[{"embeddable":true,"href":"https:\/\/washerdrone.com\/de\/wp-json\/wp\/v2\/comments?post=361"}],"version-history":[{"count":19,"href":"https:\/\/washerdrone.com\/de\/wp-json\/wp\/v2\/pages\/361\/revisions"}],"predecessor-version":[{"id":2906,"href":"https:\/\/washerdrone.com\/de\/wp-json\/wp\/v2\/pages\/361\/revisions\/2906"}],"wp:attachment":[{"href":"https:\/\/washerdrone.com\/de\/wp-json\/wp\/v2\/media?parent=361"}],"curies":[{"name":"wp","href":"https:\/\/api.w.org\/{rel}","templated":true}]}}