{"id":3110,"date":"2026-05-14T13:38:01","date_gmt":"2026-05-14T13:38:01","guid":{"rendered":"https:\/\/washerdrone.com\/?page_id=3110"},"modified":"2026-05-14T15:45:59","modified_gmt":"2026-05-14T15:45:59","slug":"drone-cleaning-training","status":"publish","type":"page","link":"https:\/\/washerdrone.com\/de\/drone-cleaning-training\/","title":{"rendered":"Drohnenreinigungstraining"},"content":{"rendered":"<div class=\"wp-block-uagb-container uagb-block-ddbe5c65 alignfull uagb-is-root-container\"><div class=\"uagb-container-inner-blocks-wrap\">\n<div class=\"wp-block-uagb-advanced-heading uagb-block-fa4e7c56\"><h1 class=\"uagb-heading-text\">Drohnenreinigungstraining<\/h1><p class=\"uagb-desc-text\"><strong>Professionelles WasherDrone-Bedienerprogramm<\/strong><\/p><\/div>\n<\/div><\/div>\n\n\n\n<hr class=\"wp-block-separator has-alpha-channel-opacity\"\/>\n\n\n\n<div class=\"wp-block-media-text is-stacked-on-mobile\" style=\"grid-template-columns:36% auto\"><figure class=\"wp-block-media-text__media\"><img loading=\"lazy\" decoding=\"async\" width=\"1024\" height=\"1024\" src=\"https:\/\/washerdrone.com\/wp-content\/uploads\/2025\/04\/WasherDrone-Platformu-1024x1024.jpg\" alt=\"\" class=\"wp-image-1751 size-medium\" srcset=\"https:\/\/washerdrone.com\/wp-content\/uploads\/2025\/04\/WasherDrone-Platformu-1024x1024.jpg 1024w, https:\/\/washerdrone.com\/wp-content\/uploads\/2025\/04\/WasherDrone-Platformu-300x300.jpg 300w, https:\/\/washerdrone.com\/wp-content\/uploads\/2025\/04\/WasherDrone-Platformu-100x100.jpg 100w, https:\/\/washerdrone.com\/wp-content\/uploads\/2025\/04\/WasherDrone-Platformu-600x600.jpg 600w, https:\/\/washerdrone.com\/wp-content\/uploads\/2025\/04\/WasherDrone-Platformu-150x150.jpg 150w, https:\/\/washerdrone.com\/wp-content\/uploads\/2025\/04\/WasherDrone-Platformu-768x768.jpg 768w, https:\/\/washerdrone.com\/wp-content\/uploads\/2025\/04\/WasherDrone-Platformu-1536x1536.jpg 1536w, https:\/\/washerdrone.com\/wp-content\/uploads\/2025\/04\/WasherDrone-Platformu-12x12.jpg 12w, https:\/\/washerdrone.com\/wp-content\/uploads\/2025\/04\/WasherDrone-Platformu.jpg 2000w\" sizes=\"auto, (max-width: 1024px) 100vw, 1024px\" \/><\/figure><div class=\"wp-block-media-text__content\">\n<div class=\"wp-block-uagb-advanced-heading uagb-block-244e7185\"><h2 class=\"uagb-heading-text\">Professionelles WasherDrone-Bedienerprogramm<\/h2><\/div>\n\n\n\n<p>Professionelle Drohnenreinigungsschulungen sind f\u00fcr Unternehmen, die in die Fassaden- und Au\u00dfenreinigungsbranche einsteigen, unerl\u00e4sslich. Der Betrieb eines Drohnenreinigungssystems erfordert weit mehr als nur grundlegende Flugkenntnisse. Drucksysteme, Schlauchf\u00fchrung, Chemikalienapplikation, Windverh\u00e4ltnisse und Betriebssicherheit beeinflussen Reinigungsleistung und Flugstabilit\u00e4t ma\u00dfgeblich.<br><br><a href=\"https:\/\/washerdrone.com\/de\/\">WasherDrone<\/a> Das Operatorprogramm ist darauf ausgelegt, praktische Drohnenreinigungsschulungen f\u00fcr die professionelle Fassadenreinigung, Dachreinigung, Solarpanelreinigung und Au\u00dfeninstandhaltungsarbeiten anzubieten.<br><br>Dieses Drohnenreinigungs-Schulungsprogramm ist an realen kommerziellen Feldbedingungen orientiert und kombiniert Theorie, Live-Demonstrationen, Betriebssicherheit, Kommunikationsprotokolle, Fehlerbehebung und praktische Flugdurchf\u00fchrung.<\/p>\n<\/div><\/div>\n\n\n\n<hr class=\"wp-block-separator has-alpha-channel-opacity\"\/>\n\n\n\n<div class=\"wp-block-media-text is-stacked-on-mobile has-white-background-color has-background\" style=\"grid-template-columns:36% auto\"><figure class=\"wp-block-media-text__media\"><img loading=\"lazy\" decoding=\"async\" width=\"1024\" height=\"1024\" src=\"https:\/\/washerdrone.com\/wp-content\/uploads\/2025\/04\/Basinc-Uretim-Unitesi-1024x1024.jpg\" alt=\"\" class=\"wp-image-1752 size-medium\" srcset=\"https:\/\/washerdrone.com\/wp-content\/uploads\/2025\/04\/Basinc-Uretim-Unitesi-1024x1024.jpg 1024w, https:\/\/washerdrone.com\/wp-content\/uploads\/2025\/04\/Basinc-Uretim-Unitesi-300x300.jpg 300w, https:\/\/washerdrone.com\/wp-content\/uploads\/2025\/04\/Basinc-Uretim-Unitesi-100x100.jpg 100w, https:\/\/washerdrone.com\/wp-content\/uploads\/2025\/04\/Basinc-Uretim-Unitesi-600x600.jpg 600w, https:\/\/washerdrone.com\/wp-content\/uploads\/2025\/04\/Basinc-Uretim-Unitesi-150x150.jpg 150w, https:\/\/washerdrone.com\/wp-content\/uploads\/2025\/04\/Basinc-Uretim-Unitesi-768x768.jpg 768w, https:\/\/washerdrone.com\/wp-content\/uploads\/2025\/04\/Basinc-Uretim-Unitesi-1536x1536.jpg 1536w, https:\/\/washerdrone.com\/wp-content\/uploads\/2025\/04\/Basinc-Uretim-Unitesi-12x12.jpg 12w, https:\/\/washerdrone.com\/wp-content\/uploads\/2025\/04\/Basinc-Uretim-Unitesi.jpg 2000w\" sizes=\"auto, (max-width: 1024px) 100vw, 1024px\" \/><\/figure><div class=\"wp-block-media-text__content\">\n<div class=\"wp-block-uagb-advanced-heading uagb-block-4a29dc2f\"><h2 class=\"uagb-heading-text\">Was beinhaltet das Schulungsprogramm f\u00fcr Drohnenreinigung?<\/h2><\/div>\n\n\n\n<p>Unser professionelles <strong>Drohnenreinigungstraining<\/strong> beinhaltet:<\/p>\n\n\n\n<ul class=\"wp-block-list\">\n<li>Betrieb des Bodensystems<\/li>\n\n\n\n<li>Drohnenkonfiguration und -sicherheit<\/li>\n\n\n\n<li>Fassadenreinigungsverfahren<\/li>\n\n\n\n<li>Druck- und Schlauchmanagement<\/li>\n\n\n\n<li>Protokolle f\u00fcr die chemische Applikation<\/li>\n\n\n\n<li>Kommunikationstraining<\/li>\n\n\n\n<li>Notfallma\u00dfnahmen<\/li>\n\n\n\n<li>Fehlerbehebungs\u00fcbungen<\/li>\n\n\n\n<li>Live-Betriebspraxis<\/li>\n\n\n\n<li>Bedienerzertifizierung<\/li>\n<\/ul>\n\n\n\n<p>Das <strong>Drohnenreinigungstraining<\/strong> Das Programm ist als 3+1-t\u00e4giger Praxiskurs konzipiert, der sich auf reale gewerbliche Reinigungsszenarien konzentriert.<\/p>\n<\/div><\/div>\n\n\n\n<hr class=\"wp-block-separator has-alpha-channel-opacity\"\/>\n\n\n\n<div class=\"wp-block-media-text is-stacked-on-mobile\" style=\"grid-template-columns:36% auto\"><figure class=\"wp-block-media-text__media\"><img loading=\"lazy\" decoding=\"async\" width=\"1024\" height=\"1024\" src=\"https:\/\/washerdrone.com\/wp-content\/uploads\/2025\/04\/Dozajlama-Sistemi-1024x1024.jpg\" alt=\"\" class=\"wp-image-1753 size-medium\" srcset=\"https:\/\/washerdrone.com\/wp-content\/uploads\/2025\/04\/Dozajlama-Sistemi-1024x1024.jpg 1024w, https:\/\/washerdrone.com\/wp-content\/uploads\/2025\/04\/Dozajlama-Sistemi-300x300.jpg 300w, https:\/\/washerdrone.com\/wp-content\/uploads\/2025\/04\/Dozajlama-Sistemi-100x100.jpg 100w, https:\/\/washerdrone.com\/wp-content\/uploads\/2025\/04\/Dozajlama-Sistemi-600x600.jpg 600w, https:\/\/washerdrone.com\/wp-content\/uploads\/2025\/04\/Dozajlama-Sistemi-150x150.jpg 150w, https:\/\/washerdrone.com\/wp-content\/uploads\/2025\/04\/Dozajlama-Sistemi-768x768.jpg 768w, https:\/\/washerdrone.com\/wp-content\/uploads\/2025\/04\/Dozajlama-Sistemi-1536x1536.jpg 1536w, https:\/\/washerdrone.com\/wp-content\/uploads\/2025\/04\/Dozajlama-Sistemi-12x12.jpg 12w, https:\/\/washerdrone.com\/wp-content\/uploads\/2025\/04\/Dozajlama-Sistemi.jpg 2000w\" sizes=\"auto, (max-width: 1024px) 100vw, 1024px\" \/><\/figure><div class=\"wp-block-media-text__content\">\n<div class=\"wp-block-uagb-advanced-heading uagb-block-c3a54284\"><h2 class=\"uagb-heading-text\">F\u00fcr wen ist diese Drohnenreinigungsschulung geeignet?<\/h2><\/div>\n\n\n\n<p>Das <strong>Drohnenreinigungstraining<\/strong> ist konzipiert f\u00fcr:<\/p>\n\n\n\n<ul class=\"wp-block-list\">\n<li>Drohnenreinigungsunternehmen<\/li>\n\n\n\n<li>Au\u00dfenreinigungsunternehmen<\/li>\n\n\n\n<li>Fassadenreinigungsunternehmen<\/li>\n\n\n\n<li>Dachreinigungsprofis<\/li>\n\n\n\n<li>Solarpanel-Reinigungskr\u00e4fte<\/li>\n\n\n\n<li>Industriereinigungsunternehmen<\/li>\n\n\n\n<li>Instandhaltungsteams f\u00fcr Anlagen<\/li>\n\n\n\n<li>Unternehmer, die in die Drohnenreinigungsbranche einsteigen<\/li>\n<\/ul>\n\n\n\n<p>Egal ob Sie ein neues Drohnenreinigungsunternehmen gr\u00fcnden oder bestehende Betriebe erweitern m\u00f6chten, WasherDrone bietet praktische L\u00f6sungen. <strong>Drohnenreinigungstraining<\/strong> F\u00fcr kommerzielle Anwendungen entwickelt.<\/p>\n<\/div><\/div>\n\n\n\n<hr class=\"wp-block-separator has-alpha-channel-opacity\"\/>\n\n\n\n<div class=\"wp-block-media-text is-stacked-on-mobile has-white-background-color has-background\" style=\"grid-template-columns:36% auto\"><figure class=\"wp-block-media-text__media\"><img loading=\"lazy\" decoding=\"async\" width=\"1024\" height=\"1024\" src=\"https:\/\/washerdrone.com\/wp-content\/uploads\/2025\/04\/Arac-Entegrasyonu-1024x1024.jpg\" alt=\"\" class=\"wp-image-1757 size-medium\" srcset=\"https:\/\/washerdrone.com\/wp-content\/uploads\/2025\/04\/Arac-Entegrasyonu-1024x1024.jpg 1024w, https:\/\/washerdrone.com\/wp-content\/uploads\/2025\/04\/Arac-Entegrasyonu-300x300.jpg 300w, https:\/\/washerdrone.com\/wp-content\/uploads\/2025\/04\/Arac-Entegrasyonu-100x100.jpg 100w, https:\/\/washerdrone.com\/wp-content\/uploads\/2025\/04\/Arac-Entegrasyonu-600x600.jpg 600w, https:\/\/washerdrone.com\/wp-content\/uploads\/2025\/04\/Arac-Entegrasyonu-150x150.jpg 150w, https:\/\/washerdrone.com\/wp-content\/uploads\/2025\/04\/Arac-Entegrasyonu-768x768.jpg 768w, https:\/\/washerdrone.com\/wp-content\/uploads\/2025\/04\/Arac-Entegrasyonu-1536x1536.jpg 1536w, https:\/\/washerdrone.com\/wp-content\/uploads\/2025\/04\/Arac-Entegrasyonu-12x12.jpg 12w, https:\/\/washerdrone.com\/wp-content\/uploads\/2025\/04\/Arac-Entegrasyonu.jpg 2000w\" sizes=\"auto, (max-width: 1024px) 100vw, 1024px\" \/><\/figure><div class=\"wp-block-media-text__content\">\n<div class=\"wp-block-uagb-advanced-heading uagb-block-323d5d02\"><h2 class=\"uagb-heading-text\">Praxisorientierte Drohnenreinigungsschulung<\/h2><\/div>\n\n\n\n<p>Im Gegensatz zu herk\u00f6mmlichen Drohnenkursen konzentriert sich WasherDrone auf die operative Umsetzung.<\/p>\n\n\n\n<p>Die Teilnehmer bedienen das System selbst, steuern das Schlauchverhalten, f\u00fchren kontrollierte Fassadenreinigungsdurchg\u00e4nge durch und lernen, wie Drucksysteme die Stabilit\u00e4t von Drohnen im realen Einsatz beeinflussen. Denn die Schwerkraft spielt bei jeder Lektion eine entscheidende Rolle.<\/p>\n\n\n\n<p>Der <strong>Drohnenreinigungstraining<\/strong> Das Programm umfasst au\u00dferdem:<\/p>\n\n\n\n<p>\u2013 Drohnenbetriebseinrichtung<br>\u2013 Drohnen-Hochdruckreinigungsverfahren<br>\u2013 Softwash-Drohnenanwendungen<br>\u2013 Sicherheit bei der Au\u00dfenreinigung<br>\u2013 Arbeitsabl\u00e4ufe f\u00fcr die Fassadenreinigung von Hochh\u00e4usern<br>\u2013 Protokolle f\u00fcr die kommerzielle Drohnenreinigung<\/p>\n<\/div><\/div>\n\n\n\n<hr class=\"wp-block-separator has-alpha-channel-opacity\"\/>\n\n\n\n<div class=\"wp-block-media-text is-stacked-on-mobile\" style=\"grid-template-columns:36% auto\"><figure class=\"wp-block-media-text__media\"><img loading=\"lazy\" decoding=\"async\" width=\"1024\" height=\"1024\" src=\"https:\/\/washerdrone.com\/wp-content\/uploads\/2025\/04\/Uzaktan-Kumanda-Paneli-1024x1024.jpg\" alt=\"\" class=\"wp-image-1755 size-medium\" srcset=\"https:\/\/washerdrone.com\/wp-content\/uploads\/2025\/04\/Uzaktan-Kumanda-Paneli-1024x1024.jpg 1024w, https:\/\/washerdrone.com\/wp-content\/uploads\/2025\/04\/Uzaktan-Kumanda-Paneli-300x300.jpg 300w, https:\/\/washerdrone.com\/wp-content\/uploads\/2025\/04\/Uzaktan-Kumanda-Paneli-100x100.jpg 100w, https:\/\/washerdrone.com\/wp-content\/uploads\/2025\/04\/Uzaktan-Kumanda-Paneli-600x600.jpg 600w, https:\/\/washerdrone.com\/wp-content\/uploads\/2025\/04\/Uzaktan-Kumanda-Paneli-150x150.jpg 150w, https:\/\/washerdrone.com\/wp-content\/uploads\/2025\/04\/Uzaktan-Kumanda-Paneli-768x768.jpg 768w, https:\/\/washerdrone.com\/wp-content\/uploads\/2025\/04\/Uzaktan-Kumanda-Paneli-1536x1536.jpg 1536w, https:\/\/washerdrone.com\/wp-content\/uploads\/2025\/04\/Uzaktan-Kumanda-Paneli-12x12.jpg 12w, https:\/\/washerdrone.com\/wp-content\/uploads\/2025\/04\/Uzaktan-Kumanda-Paneli.jpg 2000w\" sizes=\"auto, (max-width: 1024px) 100vw, 1024px\" \/><\/figure><div class=\"wp-block-media-text__content\">\n<div class=\"wp-block-uagb-advanced-heading uagb-block-78d0885e\"><h2 class=\"uagb-heading-text\">Drohnenreinigungszertifizierung<\/h2><\/div>\n\n\n\n<p>Am Ende des Programms erhalten erfolgreiche Teilnehmer:<\/p>\n\n\n\n<h3 class=\"wp-block-heading\"><strong>WasherDrone-Bedienungszertifikat<\/strong><\/h3>\n\n\n\n<p>Diese Zertifizierung best\u00e4tigt die Kompetenz in folgenden Bereichen:<\/p>\n\n\n\n<ul class=\"wp-block-list\">\n<li>Professionelle Drohnenreinigungsdienste<\/li>\n\n\n\n<li>Arbeitsabl\u00e4ufe f\u00fcr die Fassadenreinigung<\/li>\n\n\n\n<li>Bodensystemmanagement<\/li>\n\n\n\n<li>Chemische Anwendungsverfahren<\/li>\n\n\n\n<li>Kommunikations- und Sicherheitsprotokolle<\/li>\n\n\n\n<li>Notfallma\u00dfnahmen<\/li>\n<\/ul>\n\n\n\n<p>Das WasherDrone-Zertifizierungsprogramm bereitet Drohnenpiloten auf reale kommerzielle Drohnenreinigungsprojekte vor.<\/p>\n<\/div><\/div>\n\n\n\n<hr class=\"wp-block-separator has-alpha-channel-opacity\"\/>\n\n\n\n<div class=\"wp-block-media-text is-stacked-on-mobile has-white-background-color has-background\" style=\"grid-template-columns:36% auto\"><figure class=\"wp-block-media-text__media\"><img loading=\"lazy\" decoding=\"async\" width=\"1024\" height=\"1024\" src=\"https:\/\/washerdrone.com\/wp-content\/uploads\/2025\/04\/Arac-Entegrasyonu-1024x1024.jpg\" alt=\"\" class=\"wp-image-1757 size-medium\" srcset=\"https:\/\/washerdrone.com\/wp-content\/uploads\/2025\/04\/Arac-Entegrasyonu-1024x1024.jpg 1024w, https:\/\/washerdrone.com\/wp-content\/uploads\/2025\/04\/Arac-Entegrasyonu-300x300.jpg 300w, https:\/\/washerdrone.com\/wp-content\/uploads\/2025\/04\/Arac-Entegrasyonu-100x100.jpg 100w, https:\/\/washerdrone.com\/wp-content\/uploads\/2025\/04\/Arac-Entegrasyonu-600x600.jpg 600w, https:\/\/washerdrone.com\/wp-content\/uploads\/2025\/04\/Arac-Entegrasyonu-150x150.jpg 150w, https:\/\/washerdrone.com\/wp-content\/uploads\/2025\/04\/Arac-Entegrasyonu-768x768.jpg 768w, https:\/\/washerdrone.com\/wp-content\/uploads\/2025\/04\/Arac-Entegrasyonu-1536x1536.jpg 1536w, https:\/\/washerdrone.com\/wp-content\/uploads\/2025\/04\/Arac-Entegrasyonu-12x12.jpg 12w, https:\/\/washerdrone.com\/wp-content\/uploads\/2025\/04\/Arac-Entegrasyonu.jpg 2000w\" sizes=\"auto, (max-width: 1024px) 100vw, 1024px\" \/><\/figure><div class=\"wp-block-media-text__content\">\n<div class=\"wp-block-uagb-advanced-heading uagb-block-84c9d8fd\"><h2 class=\"uagb-heading-text\">Warum sollten Sie sich f\u00fcr das WasherDrone-Drohnenreinigungstraining entscheiden?<\/h2><\/div>\n\n\n\n<p>Unser Angebot:<\/p>\n\n\n\n<ul class=\"wp-block-list\">\n<li>Reale kommerzielle operative Ausbildung<\/li>\n\n\n\n<li>Praktische Systemerfahrung<\/li>\n\n\n\n<li>Professionelle Arbeitsabl\u00e4ufe f\u00fcr die Fassadenreinigung<\/li>\n\n\n\n<li>Live-Fehlerbehebungsszenarien<\/li>\n\n\n\n<li>Hochdruckreinigungsdrohneneins\u00e4tze<\/li>\n\n\n\n<li>Anwendungen f\u00fcr die Au\u00dfen- und Dachreinigung<\/li>\n\n\n\n<li>Branchenorientierte Zertifizierung<\/li>\n\n\n\n<li>Entwickelt f\u00fcr skalierbare Drohnenreinigungsunternehmen<\/li>\n<\/ul>\n<\/div><\/div>\n\n\n\n<hr class=\"wp-block-separator has-alpha-channel-opacity\"\/>\n\n\n\n<div class=\"wp-block-media-text is-stacked-on-mobile\" style=\"grid-template-columns:36% auto\"><figure class=\"wp-block-media-text__media\"><img loading=\"lazy\" decoding=\"async\" width=\"1024\" height=\"1024\" src=\"https:\/\/washerdrone.com\/wp-content\/uploads\/2025\/04\/Uzaktan-Kumanda-Paneli-1024x1024.jpg\" alt=\"\" class=\"wp-image-1755 size-medium\" srcset=\"https:\/\/washerdrone.com\/wp-content\/uploads\/2025\/04\/Uzaktan-Kumanda-Paneli-1024x1024.jpg 1024w, https:\/\/washerdrone.com\/wp-content\/uploads\/2025\/04\/Uzaktan-Kumanda-Paneli-300x300.jpg 300w, https:\/\/washerdrone.com\/wp-content\/uploads\/2025\/04\/Uzaktan-Kumanda-Paneli-100x100.jpg 100w, https:\/\/washerdrone.com\/wp-content\/uploads\/2025\/04\/Uzaktan-Kumanda-Paneli-600x600.jpg 600w, https:\/\/washerdrone.com\/wp-content\/uploads\/2025\/04\/Uzaktan-Kumanda-Paneli-150x150.jpg 150w, https:\/\/washerdrone.com\/wp-content\/uploads\/2025\/04\/Uzaktan-Kumanda-Paneli-768x768.jpg 768w, https:\/\/washerdrone.com\/wp-content\/uploads\/2025\/04\/Uzaktan-Kumanda-Paneli-1536x1536.jpg 1536w, https:\/\/washerdrone.com\/wp-content\/uploads\/2025\/04\/Uzaktan-Kumanda-Paneli-12x12.jpg 12w, https:\/\/washerdrone.com\/wp-content\/uploads\/2025\/04\/Uzaktan-Kumanda-Paneli.jpg 2000w\" sizes=\"auto, (max-width: 1024px) 100vw, 1024px\" \/><\/figure><div class=\"wp-block-media-text__content\">\n<div class=\"wp-block-uagb-advanced-heading uagb-block-a58fa45b\"><h2 class=\"uagb-heading-text\">Starten Sie mit dem professionellen Drohnenreinigungstraining<\/h2><\/div>\n\n\n\n<p>Nehmen Sie am WasherDrone Operator Program teil und sammeln Sie praktische Erfahrungen in professionellen Drohnenreinigungsoperationen, Fassadenreinigungssystemen, Arbeitsabl\u00e4ufen f\u00fcr die Au\u00dfeninstandhaltung und kommerziellen Drohnenreinigungsverfahren.<\/p>\n\n\n\n<p><strong>Professionelle Drohnenreinigungsschulung f\u00fcr reale kommerzielle Eins\u00e4tze.<\/strong><\/p>\n<\/div><\/div>\n\n\n\n<p><\/p>\n\n\n\n<script src=\"https:\/\/js-eu1.hsforms.net\/forms\/embed\/148472729.js\" defer><\/script>\n<div class=\"hs-form-frame\" data-region=\"eu1\" data-form-id=\"38261717-ddd0-4084-b40e-97e0b67fe0fd\" data-portal-id=\"148472729\"><\/div>\n\n\n\n<p><\/p>\n\n\n\n<p class=\"has-text-align-center has-medium-font-size\"><strong>AUSBILDUNGSPROGRAMM<\/strong><\/p>\n\n\n\n<figure class=\"wp-block-image aligncenter size-large is-resized\"><img loading=\"lazy\" decoding=\"async\" width=\"1024\" height=\"819\" src=\"https:\/\/washerdrone.com\/wp-content\/uploads\/2026\/05\/drone-cleaning-training-2-1024x819.jpeg\" alt=\"\" class=\"wp-image-3124\" style=\"width:800px\" srcset=\"https:\/\/washerdrone.com\/wp-content\/uploads\/2026\/05\/drone-cleaning-training-2-1024x819.jpeg 1024w, https:\/\/washerdrone.com\/wp-content\/uploads\/2026\/05\/drone-cleaning-training-2-300x240.jpeg 300w, https:\/\/washerdrone.com\/wp-content\/uploads\/2026\/05\/drone-cleaning-training-2-768x615.jpeg 768w, https:\/\/washerdrone.com\/wp-content\/uploads\/2026\/05\/drone-cleaning-training-2-15x12.jpeg 15w, https:\/\/washerdrone.com\/wp-content\/uploads\/2026\/05\/drone-cleaning-training-2.jpeg 1402w\" sizes=\"auto, (max-width: 1024px) 100vw, 1024px\" \/><\/figure>","protected":false},"excerpt":{"rendered":"<p>Drone Cleaning Training Professional WasherDrone Operator Program TRAINING PROGRAM<\/p>","protected":false},"author":1,"featured_media":0,"parent":0,"menu_order":0,"comment_status":"closed","ping_status":"closed","template":"","meta":{"_uag_custom_page_level_css":"","site-sidebar-layout":"no-sidebar","site-content-layout":"","ast-site-content-layout":"normal-width-container","site-content-style":"unboxed","site-sidebar-style":"unboxed","ast-global-header-display":"","ast-banner-title-visibility":"","ast-main-header-display":"","ast-hfb-above-header-display":"","ast-hfb-below-header-display":"","ast-hfb-mobile-header-display":"","site-post-title":"disabled","ast-breadcrumbs-content":"","ast-featured-img":"","footer-sml-layout":"","theme-transparent-header-meta":"enabled","adv-header-id-meta":"","stick-header-meta":"","header-above-stick-meta":"","header-main-stick-meta":"","header-below-stick-meta":"","astra-migrate-meta-layouts":"set","ast-page-background-enabled":"default","ast-page-background-meta":{"desktop":{"background-color":"var(--ast-global-color-4)","background-image":"","background-repeat":"repeat","background-position":"center center","background-size":"auto","background-attachment":"scroll","background-type":"","background-media":"","overlay-type":"","overlay-color":"","overlay-opacity":"","overlay-gradient":""},"tablet":{"background-color":"","background-image":"","background-repeat":"repeat","background-position":"center center","background-size":"auto","background-attachment":"scroll","background-type":"","background-media":"","overlay-type":"","overlay-color":"","overlay-opacity":"","overlay-gradient":""},"mobile":{"background-color":"","background-image":"","background-repeat":"repeat","background-position":"center center","background-size":"auto","background-attachment":"scroll","background-type":"","background-media":"","overlay-type":"","overlay-color":"","overlay-opacity":"","overlay-gradient":""}},"ast-content-background-meta":{"desktop":{"background-color":"var(--ast-global-color-5)","background-image":"","background-repeat":"repeat","background-position":"center center","background-size":"auto","background-attachment":"scroll","background-type":"","background-media":"","overlay-type":"","overlay-color":"","overlay-opacity":"","overlay-gradient":""},"tablet":{"background-color":"var(--ast-global-color-5)","background-image":"","background-repeat":"repeat","background-position":"center center","background-size":"auto","background-attachment":"scroll","background-type":"","background-media":"","overlay-type":"","overlay-color":"","overlay-opacity":"","overlay-gradient":""},"mobile":{"background-color":"var(--ast-global-color-5)","background-image":"","background-repeat":"repeat","background-position":"center center","background-size":"auto","background-attachment":"scroll","background-type":"","background-media":"","overlay-type":"","overlay-color":"","overlay-opacity":"","overlay-gradient":""}},"footnotes":""},"class_list":["post-3110","page","type-page","status-publish","hentry"],"uagb_featured_image_src":{"full":false,"thumbnail":false,"medium":false,"medium_large":false,"large":false,"1536x1536":false,"2048x2048":false,"trp-custom-language-flag":false},"uagb_author_info":{"display_name":"ibrahim-mert","author_link":"https:\/\/washerdrone.com\/de\/author\/ibrahim-mert\/"},"uagb_comment_info":0,"uagb_excerpt":"Drone Cleaning Training Professional WasherDrone Operator Program TRAINING PROGRAM","_links":{"self":[{"href":"https:\/\/washerdrone.com\/de\/wp-json\/wp\/v2\/pages\/3110","targetHints":{"allow":["GET"]}}],"collection":[{"href":"https:\/\/washerdrone.com\/de\/wp-json\/wp\/v2\/pages"}],"about":[{"href":"https:\/\/washerdrone.com\/de\/wp-json\/wp\/v2\/types\/page"}],"author":[{"embeddable":true,"href":"https:\/\/washerdrone.com\/de\/wp-json\/wp\/v2\/users\/1"}],"replies":[{"embeddable":true,"href":"https:\/\/washerdrone.com\/de\/wp-json\/wp\/v2\/comments?post=3110"}],"version-history":[{"count":14,"href":"https:\/\/washerdrone.com\/de\/wp-json\/wp\/v2\/pages\/3110\/revisions"}],"predecessor-version":[{"id":3139,"href":"https:\/\/washerdrone.com\/de\/wp-json\/wp\/v2\/pages\/3110\/revisions\/3139"}],"wp:attachment":[{"href":"https:\/\/washerdrone.com\/de\/wp-json\/wp\/v2\/media?parent=3110"}],"curies":[{"name":"wp","href":"https:\/\/api.w.org\/{rel}","templated":true}]}}