{"id":3,"date":"2025-02-21T09:21:15","date_gmt":"2025-02-21T09:21:15","guid":{"rendered":"https:\/\/washerdrone.com\/staging\/?page_id=3"},"modified":"2025-09-15T12:10:32","modified_gmt":"2025-09-15T12:10:32","slug":"gdpr-2","status":"publish","type":"page","link":"https:\/\/washerdrone.com\/de\/gdpr-2\/","title":{"rendered":"Datenschutzrichtlinie"},"content":{"rendered":"<div class=\"wp-block-uagb-container uagb-block-ddbe5c65 alignfull uagb-is-root-container\"><div class=\"uagb-container-inner-blocks-wrap\">\n<div class=\"wp-block-uagb-advanced-heading uagb-block-fa4e7c56\"><h1 class=\"uagb-heading-text\">Datenschutzrichtlinie<\/h1><p class=\"uagb-desc-text\">WasherDrone DSGVO<\/p><\/div>\n<\/div><\/div>\n\n\n\n<p><strong>Datenschutzrichtlinie<\/strong><\/p>\n\n\n\n<p>Diese Datenschutzerkl\u00e4rung erl\u00e4utert, wie personenbezogene Daten von Besuchern der WasherDrone-Website erfasst, verwendet, verarbeitet und gesch\u00fctzt werden.<\/p>\n\n\n\n<p><strong>Gesammelte Informationen<\/strong><\/p>\n\n\n\n<p>Beim Besuch der Washer Drone-Website werden m\u00f6glicherweise automatisch bestimmte personenbezogene Daten erfasst, darunter beispielsweise:<\/p>\n\n\n\n<ul class=\"wp-block-list\">\n<li>IP-Adresse<\/li>\n\n\n\n<li>Browsertyp<\/li>\n\n\n\n<li>Besuchte Seiten<\/li>\n\n\n\n<li>Zeitstempel<\/li>\n<\/ul>\n\n\n\n<p><strong>Verwendung personenbezogener Daten<\/strong><\/p>\n\n\n\n<p>Die erhobenen personenbezogenen Daten k\u00f6nnen f\u00fcr folgende Zwecke verwendet werden:<\/p>\n\n\n\n<ul class=\"wp-block-list\">\n<li>Verbesserung der Website<\/li>\n\n\n\n<li>Benutzererfahrung personalisieren<\/li>\n\n\n\n<li>Kundenservice anbieten<\/li>\n\n\n\n<li>Bereitstellung von Informationen \u00fcber Produkte und Dienstleistungen<\/li>\n<\/ul>\n\n\n\n<p><strong>Weitergabe personenbezogener Daten<\/strong><\/p>\n\n\n\n<p>Washer Drone gibt gesammelte personenbezogene Daten nicht an Dritte weiter und verkauft sie auch nicht.<\/p>\n\n\n\n<p><strong>Cookies<\/strong><\/p>\n\n\n\n<p>Die Website von Washer Drone verwendet m\u00f6glicherweise Cookies. Cookies sind kleine Textdateien, die im Browser eines Besuchers gespeichert werden und uns helfen, Ihre Pr\u00e4ferenzen zu speichern und die Leistung der Website zu \u00fcberwachen.<\/p>\n\n\n\n<p><strong>Links von Drittanbietern<\/strong><\/p>\n\n\n\n<p>Die Website von Washer Drone kann Links zu Websites Dritter enthalten. Wir sind nicht f\u00fcr die Datenschutzpraktiken dieser Websites verantwortlich. Wir empfehlen Ihnen, die Datenschutzrichtlinien anderer Websites zu \u00fcberpr\u00fcfen, bevor Sie diese besuchen.<\/p>\n\n\n\n<p><strong>Aktualisierungen der Datenschutzrichtlinie<\/strong><\/p>\n\n\n\n<p>Diese Datenschutzrichtlinie kann von Zeit zu Zeit aktualisiert werden. Im Falle von \u00c4nderungen wird eine aktualisierte Version auf dieser Seite ver\u00f6ffentlicht.<\/p>\n\n\n\n<p><strong>Kontakt<\/strong><\/p>\n\n\n\n<p>Wenn Sie Fragen oder Anmerkungen zu unserer Datenschutzrichtlinie haben, senden Sie uns bitte eine E-Mail.<\/p>\n\n\n\n<hr class=\"wp-block-separator has-alpha-channel-opacity\"\/>\n\n\n\n<p><\/p>","protected":false},"excerpt":{"rendered":"<p>Privacy Policy WasherDrone GDPR Privacy Policy This privacy policy explains how personal information of visitors to the WasherDrone website is collected, used, processed and protected. Information Collected When you visit the Washer Drone website, certain personal information may be collected automatically, which may include: Use of Personal Information Personal information collected may be used for [&hellip;]<\/p>\n","protected":false},"author":1,"featured_media":0,"parent":0,"menu_order":0,"comment_status":"closed","ping_status":"closed","template":"","meta":{"_uag_custom_page_level_css":"","site-sidebar-layout":"no-sidebar","site-content-layout":"","ast-site-content-layout":"normal-width-container","site-content-style":"unboxed","site-sidebar-style":"unboxed","ast-global-header-display":"","ast-banner-title-visibility":"","ast-main-header-display":"","ast-hfb-above-header-display":"","ast-hfb-below-header-display":"","ast-hfb-mobile-header-display":"","site-post-title":"disabled","ast-breadcrumbs-content":"","ast-featured-img":"","footer-sml-layout":"","theme-transparent-header-meta":"enabled","adv-header-id-meta":"","stick-header-meta":"","header-above-stick-meta":"","header-main-stick-meta":"","header-below-stick-meta":"","astra-migrate-meta-layouts":"set","ast-page-background-enabled":"default","ast-page-background-meta":{"desktop":{"background-color":"var(--ast-global-color-4)","background-image":"","background-repeat":"repeat","background-position":"center center","background-size":"auto","background-attachment":"scroll","background-type":"","background-media":"","overlay-type":"","overlay-color":"","overlay-opacity":"","overlay-gradient":""},"tablet":{"background-color":"","background-image":"","background-repeat":"repeat","background-position":"center center","background-size":"auto","background-attachment":"scroll","background-type":"","background-media":"","overlay-type":"","overlay-color":"","overlay-opacity":"","overlay-gradient":""},"mobile":{"background-color":"","background-image":"","background-repeat":"repeat","background-position":"center center","background-size":"auto","background-attachment":"scroll","background-type":"","background-media":"","overlay-type":"","overlay-color":"","overlay-opacity":"","overlay-gradient":""}},"ast-content-background-meta":{"desktop":{"background-color":"var(--ast-global-color-5)","background-image":"","background-repeat":"repeat","background-position":"center center","background-size":"auto","background-attachment":"scroll","background-type":"","background-media":"","overlay-type":"","overlay-color":"","overlay-opacity":"","overlay-gradient":""},"tablet":{"background-color":"var(--ast-global-color-5)","background-image":"","background-repeat":"repeat","background-position":"center center","background-size":"auto","background-attachment":"scroll","background-type":"","background-media":"","overlay-type":"","overlay-color":"","overlay-opacity":"","overlay-gradient":""},"mobile":{"background-color":"var(--ast-global-color-5)","background-image":"","background-repeat":"repeat","background-position":"center center","background-size":"auto","background-attachment":"scroll","background-type":"","background-media":"","overlay-type":"","overlay-color":"","overlay-opacity":"","overlay-gradient":""}},"footnotes":""},"class_list":["post-3","page","type-page","status-publish","hentry"],"uagb_featured_image_src":{"full":false,"thumbnail":false,"medium":false,"medium_large":false,"large":false,"1536x1536":false,"2048x2048":false,"trp-custom-language-flag":false},"uagb_author_info":{"display_name":"ibrahim-mert","author_link":"https:\/\/washerdrone.com\/de\/author\/ibrahim-mert\/"},"uagb_comment_info":0,"uagb_excerpt":"Privacy Policy WasherDrone GDPR Privacy Policy This privacy policy explains how personal information of visitors to the WasherDrone website is collected, used, processed and protected. Information Collected When you visit the Washer Drone website, certain personal information may be collected automatically, which may include: Use of Personal Information Personal information collected may be used for&hellip;","_links":{"self":[{"href":"https:\/\/washerdrone.com\/de\/wp-json\/wp\/v2\/pages\/3","targetHints":{"allow":["GET"]}}],"collection":[{"href":"https:\/\/washerdrone.com\/de\/wp-json\/wp\/v2\/pages"}],"about":[{"href":"https:\/\/washerdrone.com\/de\/wp-json\/wp\/v2\/types\/page"}],"author":[{"embeddable":true,"href":"https:\/\/washerdrone.com\/de\/wp-json\/wp\/v2\/users\/1"}],"replies":[{"embeddable":true,"href":"https:\/\/washerdrone.com\/de\/wp-json\/wp\/v2\/comments?post=3"}],"version-history":[{"count":5,"href":"https:\/\/washerdrone.com\/de\/wp-json\/wp\/v2\/pages\/3\/revisions"}],"predecessor-version":[{"id":2770,"href":"https:\/\/washerdrone.com\/de\/wp-json\/wp\/v2\/pages\/3\/revisions\/2770"}],"wp:attachment":[{"href":"https:\/\/washerdrone.com\/de\/wp-json\/wp\/v2\/media?parent=3"}],"curies":[{"name":"wp","href":"https:\/\/api.w.org\/{rel}","templated":true}]}}