{"id":2774,"date":"2025-10-13T09:04:19","date_gmt":"2025-10-13T09:04:19","guid":{"rendered":"https:\/\/washerdrone.com\/?page_id=2774"},"modified":"2026-02-25T10:54:11","modified_gmt":"2026-02-25T10:54:11","slug":"drone-cleaning-system","status":"publish","type":"page","link":"https:\/\/washerdrone.com\/de\/drone-cleaning-system\/","title":{"rendered":"Drohnenreinigungssystem"},"content":{"rendered":"\n<div class=\"wp-block-uagb-container uagb-block-ddbe5c65 alignfull uagb-is-root-container\"><div class=\"uagb-container-inner-blocks-wrap\">\n<div class=\"wp-block-uagb-advanced-heading uagb-block-fa4e7c56\"><h1 class=\"uagb-heading-text\">Drone Cleaning System Opportunity<\/h1><p class=\"uagb-desc-text\">Enter the high-margin drone cleaning industry with WasherDrone System. Please fill the form below for our drone cleaning equipment and training package.<\/p><\/div>\n<\/div><\/div>\n\n\n\n<hr class=\"wp-block-separator has-alpha-channel-opacity\"\/>\n\n\n\n<p class=\"has-ast-global-color-0-color has-text-color has-link-color has-medium-font-size wp-elements-a4b3cec75e13ade8c57fac1d8ede9221\"><strong>Washerdrone Dealership &amp; Franchise Application Form<\/strong><\/p>\n\n\n<script charset=\"utf-8\" type=\"text\/javascript\" src=\"\/\/js-eu1.hsforms.net\/forms\/embed\/v2.js\"><\/script>\r\n<script>\r\n  hbspt.forms.create({\r\n    region: \"eu1\",\r\n    portalId: \"148472729\",\r\n    formId: \"38261717-ddd0-4084-b40e-97e0b67fe0fd\"\r\n  });\r\n<\/script>\n\n\n\n<hr class=\"wp-block-separator has-alpha-channel-opacity\"\/>\n\n\n\n<h2 class=\"wp-block-heading\">Exterior washing drone system package<\/h2>\n\n\n\n<ul class=\"wp-block-list\">\n<li class=\"has-medium-font-size\" style=\"padding-top:var(--wp--preset--spacing--20);padding-bottom:var(--wp--preset--spacing--20)\">Professional Equipment: Includes an industrial drone, specialized cleaning nozzles, and industrial-grade pump\/filtration unit.<\/li>\n\n\n\n<li class=\"has-medium-font-size\" style=\"padding-top:var(--wp--preset--spacing--20);padding-bottom:var(--wp--preset--spacing--20)\">Ground Support System for Maximum Efficiency: High-capacity chemical tanks, power unit, and a custom trailer\/van setup for rapid deployment and transport.<\/li>\n\n\n\n<li class=\"has-medium-font-size\" style=\"padding-top:var(--wp--preset--spacing--20);padding-bottom:var(--wp--preset--spacing--20)\">Expert Training: Flight operation, advanced surface cleaning techniques, and safety compliance.<\/li>\n\n\n\n<li class=\"has-medium-font-size\" style=\"padding-top:var(--wp--preset--spacing--20);padding-bottom:var(--wp--preset--spacing--20)\">Business Launch Toolkit: Customizable marketing templates, pricing models, contract samples, and a dedicated sales presentation kit for pitching commercial clients.<\/li>\n<\/ul>\n\n\n\n<hr class=\"wp-block-separator has-alpha-channel-opacity\"\/>\n\n\n\n<div class=\"wp-block-uagb-advanced-heading uagb-block-03c5822e\"><h2 class=\"uagb-heading-text\">Watch a drone when cleaning exterior facade<\/h2><\/div>\n\n\n\n<figure class=\"wp-block-embed is-type-video is-provider-youtube wp-block-embed-youtube wp-embed-aspect-16-9 wp-has-aspect-ratio\"><div class=\"wp-block-embed__wrapper\">\n<div class=\"ast-oembed-container \" style=\"height: 100%;\"><iframe loading=\"lazy\" title=\"Drone ile Y\u00fcksek Katl\u0131 Bina Temizli\u011fi - WasherDrone\" width=\"500\" height=\"281\" src=\"https:\/\/www.youtube.com\/embed\/lEcjVf8K9Dw?feature=oembed\" frameborder=\"0\" allow=\"accelerometer; autoplay; clipboard-write; encrypted-media; gyroscope; picture-in-picture; web-share\" referrerpolicy=\"strict-origin-when-cross-origin\" allowfullscreen><\/iframe><\/div>\n<\/div><\/figure>\n\n\n\n<hr class=\"wp-block-separator has-alpha-channel-opacity\"\/>\n\n\n\n<h2 class=\"wp-block-heading\">WasherDrone Cleaning System Product List<\/h2>\n\n\n\n<div id='collection-component-1760876947700'><\/div>\n<script type=\"text\/javascript\">\n\/*<![CDATA[*\/\n(function () {\n  var scriptURL = 'https:\/\/sdks.shopifycdn.com\/buy-button\/latest\/buy-button-storefront.min.js';\n  if (window.ShopifyBuy) {\n    if (window.ShopifyBuy.UI) {\n      ShopifyBuyInit();\n    } else {\n      loadScript();\n    }\n  } else {\n    loadScript();\n  }\n  function loadScript() {\n    var script = document.createElement('script');\n    script.async = true;\n    script.src = scriptURL;\n    (document.getElementsByTagName('head')[0] || document.getElementsByTagName('body')[0]).appendChild(script);\n    script.onload = ShopifyBuyInit;\n  }\n  function ShopifyBuyInit() {\n    var client = ShopifyBuy.buildClient({\n      domain: 'iukzep-is.myshopify.com',\n      storefrontAccessToken: 'da891319889286ccbc7108777c197725',\n    });\n    ShopifyBuy.UI.onReady(client).then(function (ui) {\n      ui.createComponent('collection', {\n        id: '488878768162',\n        node: document.getElementById('collection-component-1760876947700'),\n        moneyFormat: '%E2%82%AC%7B%7Bamount_with_comma_separator%7D%7D',\n        options: {\n  \"product\": {\n    \"styles\": {\n      \"product\": {\n        \"@media (min-width: 601px)\": {\n          \"max-width\": \"calc(25% - 20px)\",\n          \"margin-left\": \"20px\",\n          \"margin-bottom\": \"50px\",\n          \"width\": \"calc(25% - 20px)\"\n        },\n        \"img\": {\n          \"height\": \"calc(100% - 15px)\",\n          \"position\": \"absolute\",\n          \"left\": \"0\",\n          \"right\": \"0\",\n          \"top\": \"0\"\n        },\n        \"imgWrapper\": {\n          \"padding-top\": \"calc(75% + 15px)\",\n          \"position\": \"relative\",\n          \"height\": \"0\"\n        }\n      },\n      \"title\": {\n        \"font-size\": \"15px\"\n      },\n      \"button\": {\n        \":hover\": {\n          \"background-color\": \"#103b7c\"\n        },\n        \"background-color\": \"#12418a\",\n        \":focus\": {\n          \"background-color\": \"#103b7c\"\n        }\n      }\n    },\n    \"buttonDestination\": \"modal\",\n    \"contents\": {\n      \"options\": false\n    },\n    \"text\": {\n      \"button\": \"View product\"\n    }\n  },\n  \"productSet\": {\n    \"styles\": {\n      \"products\": {\n        \"@media (min-width: 601px)\": {\n          \"margin-left\": \"-20px\"\n        }\n      }\n    }\n  },\n  \"modalProduct\": {\n    \"contents\": {\n      \"img\": false,\n      \"imgWithCarousel\": true,\n      \"button\": false,\n      \"buttonWithQuantity\": true\n    },\n    \"styles\": {\n      \"product\": {\n        \"@media (min-width: 601px)\": {\n          \"max-width\": \"100%\",\n          \"margin-left\": \"0px\",\n          \"margin-bottom\": \"0px\"\n        }\n      },\n      \"button\": {\n        \":hover\": {\n          \"background-color\": \"#103b7c\"\n        },\n        \"background-color\": \"#12418a\",\n        \":focus\": {\n          \"background-color\": \"#103b7c\"\n        }\n      },\n      \"title\": {\n        \"font-family\": \"Helvetica Neue, sans-serif\",\n        \"font-weight\": \"bold\",\n        \"font-size\": \"26px\",\n        \"color\": \"#4c4c4c\"\n      }\n    },\n    \"text\": {\n      \"button\": \"Add to cart\"\n    }\n  },\n  \"option\": {},\n  \"cart\": {\n    \"styles\": {\n      \"button\": {\n        \":hover\": {\n          \"background-color\": \"#103b7c\"\n        },\n        \"background-color\": \"#12418a\",\n        \":focus\": {\n          \"background-color\": \"#103b7c\"\n        }\n      }\n    },\n    \"text\": {\n      \"total\": \"Subtotal\",\n      \"button\": \"Checkout\"\n    }\n  },\n  \"toggle\": {\n    \"styles\": {\n      \"toggle\": {\n        \"background-color\": \"#12418a\",\n        \":hover\": {\n          \"background-color\": \"#103b7c\"\n        },\n        \":focus\": {\n          \"background-color\": \"#103b7c\"\n        }\n      }\n    }\n  }\n},\n      });\n    });\n  }\n})();\n\/*]]>*\/\n<\/script>\n","protected":false},"excerpt":{"rendered":"<p>Gesch\u00e4ftsm\u00f6glichkeit mit Drohnenreinigungssystemen: Steigen Sie mit WasherDrone System in die margenstarke Drohnenreinigungsbranche ein. F\u00fcllen Sie bitte das untenstehende Formular aus, um unser Drohnenreinigungs-Equipment und Schulungspaket zu erhalten. WasherDrone-H\u00e4ndler- und Franchise-Antragsformular. Paket f\u00fcr das Au\u00dfenreinigungssystem mit Drohnen. Beobachten Sie eine Drohne bei der Fassadenreinigung. Produktliste f\u00fcr WasherDrone-Reinigungssysteme.<\/p>","protected":false},"author":1,"featured_media":0,"parent":0,"menu_order":0,"comment_status":"closed","ping_status":"closed","template":"","meta":{"_uag_custom_page_level_css":"","site-sidebar-layout":"no-sidebar","site-content-layout":"plain-container","ast-site-content-layout":"normal-width-container","site-content-style":"unboxed","site-sidebar-style":"unboxed","ast-global-header-display":"","ast-banner-title-visibility":"","ast-main-header-display":"","ast-hfb-above-header-display":"","ast-hfb-below-header-display":"","ast-hfb-mobile-header-display":"","site-post-title":"disabled","ast-breadcrumbs-content":"","ast-featured-img":"","footer-sml-layout":"","theme-transparent-header-meta":"enabled","adv-header-id-meta":"","stick-header-meta":"","header-above-stick-meta":"","header-main-stick-meta":"","header-below-stick-meta":"","astra-migrate-meta-layouts":"set","ast-page-background-enabled":"default","ast-page-background-meta":{"desktop":{"background-color":"var(--ast-global-color-4)","background-image":"","background-repeat":"repeat","background-position":"center center","background-size":"auto","background-attachment":"scroll","background-type":"","background-media":"","overlay-type":"","overlay-color":"","overlay-opacity":"","overlay-gradient":""},"tablet":{"background-color":"","background-image":"","background-repeat":"repeat","background-position":"center center","background-size":"auto","background-attachment":"scroll","background-type":"","background-media":"","overlay-type":"","overlay-color":"","overlay-opacity":"","overlay-gradient":""},"mobile":{"background-color":"","background-image":"","background-repeat":"repeat","background-position":"center center","background-size":"auto","background-attachment":"scroll","background-type":"","background-media":"","overlay-type":"","overlay-color":"","overlay-opacity":"","overlay-gradient":""}},"ast-content-background-meta":{"desktop":{"background-color":"var(--ast-global-color-5)","background-image":"","background-repeat":"repeat","background-position":"center center","background-size":"auto","background-attachment":"scroll","background-type":"","background-media":"","overlay-type":"","overlay-color":"","overlay-opacity":"","overlay-gradient":""},"tablet":{"background-color":"var(--ast-global-color-5)","background-image":"","background-repeat":"repeat","background-position":"center center","background-size":"auto","background-attachment":"scroll","background-type":"","background-media":"","overlay-type":"","overlay-color":"","overlay-opacity":"","overlay-gradient":""},"mobile":{"background-color":"var(--ast-global-color-5)","background-image":"","background-repeat":"repeat","background-position":"center center","background-size":"auto","background-attachment":"scroll","background-type":"","background-media":"","overlay-type":"","overlay-color":"","overlay-opacity":"","overlay-gradient":""}},"footnotes":""},"class_list":["post-2774","page","type-page","status-publish","hentry"],"uagb_featured_image_src":{"full":false,"thumbnail":false,"medium":false,"medium_large":false,"large":false,"1536x1536":false,"2048x2048":false,"trp-custom-language-flag":false},"uagb_author_info":{"display_name":"ibrahim-mert","author_link":"https:\/\/washerdrone.com\/de\/author\/ibrahim-mert\/"},"uagb_comment_info":0,"uagb_excerpt":"Drone Cleaning System Opportunity Enter the high-margin drone cleaning industry with WasherDrone System. Please fill the form below for our drone cleaning equipment and training package. Washerdrone Dealership &amp; Franchise Application Form Exterior washing drone system package Watch a drone when cleaning exterior facade WasherDrone Cleaning System Product List","_links":{"self":[{"href":"https:\/\/washerdrone.com\/de\/wp-json\/wp\/v2\/pages\/2774","targetHints":{"allow":["GET"]}}],"collection":[{"href":"https:\/\/washerdrone.com\/de\/wp-json\/wp\/v2\/pages"}],"about":[{"href":"https:\/\/washerdrone.com\/de\/wp-json\/wp\/v2\/types\/page"}],"author":[{"embeddable":true,"href":"https:\/\/washerdrone.com\/de\/wp-json\/wp\/v2\/users\/1"}],"replies":[{"embeddable":true,"href":"https:\/\/washerdrone.com\/de\/wp-json\/wp\/v2\/comments?post=2774"}],"version-history":[{"count":15,"href":"https:\/\/washerdrone.com\/de\/wp-json\/wp\/v2\/pages\/2774\/revisions"}],"predecessor-version":[{"id":2958,"href":"https:\/\/washerdrone.com\/de\/wp-json\/wp\/v2\/pages\/2774\/revisions\/2958"}],"wp:attachment":[{"href":"https:\/\/washerdrone.com\/de\/wp-json\/wp\/v2\/media?parent=2774"}],"curies":[{"name":"wp","href":"https:\/\/api.w.org\/{rel}","templated":true}]}}