{"id":1206,"date":"2025-02-25T16:05:56","date_gmt":"2025-02-25T16:05:56","guid":{"rendered":"https:\/\/washerdrone.com\/staging\/?page_id=1206"},"modified":"2026-03-05T09:17:23","modified_gmt":"2026-03-05T09:17:23","slug":"washer-drone-dealership-2","status":"publish","type":"page","link":"https:\/\/washerdrone.com\/de\/washer-drone-dealership-2\/","title":{"rendered":"Autohaus"},"content":{"rendered":"<div class=\"wp-block-uagb-container uagb-block-ddbe5c65 alignfull uagb-is-root-container\"><div class=\"uagb-container-inner-blocks-wrap\">\n<div class=\"wp-block-uagb-advanced-heading uagb-block-fa4e7c56\"><h1 class=\"uagb-heading-text\">WasherDrone-Partnerschaft<\/h1><p class=\"uagb-desc-text\">Die rasante Entwicklung der Drohnentechnologie er\u00f6ffnet v\u00f6llig neue Gesch\u00e4ftsm\u00f6glichkeiten. Eines der spannendsten Beispiele hierf\u00fcr sind die Anwendungen der WasherDrone-Partnerschaft.<\/p><\/div>\n<\/div><\/div>\n\n\n      \n\t\t\t<div class=\"uagb-icon-wrapper uagb-block-abde0d6a\"\n\t\t\tstyle=\"\" >\n\t\t\t\t\t\t\t\t\t<span class=\"uagb-svg-wrapper\" \n\t\t\t\t\t aria-label=\"Chevron-Down\"\t\t\t\t\ttabindex=\"0\">\t\t\n\t\t\t\t\t\t\t\t\t\t<svg xmlns=\"https:\/\/www.w3.org\/2000\/svg\" viewbox= \"0 0 448 512\" role=\"graphics-symbol\" aria-hidden=\"false\" aria-label=\"\"><path d=\"M224 416c-8.188 0-16.38-3.125-22.62-9.375l-192-192c-12.5-12.5-12.5-32.75 0-45.25s32.75-12.5 45.25 0L224 338.8l169.4-169.4c12.5-12.5 32.75-12.5 45.25 0s12.5 32.75 0 45.25l-192 192C240.4 412.9 232.2 416 224 416z\"><\/path><\/svg>\n\t\t\t\t\t\t\t\t\t<\/span>\n\t\t\t\t\t\t\t<\/div>\n\t\t\t\n\n\n<p class=\"has-ast-global-color-0-color has-text-color has-link-color has-medium-font-size wp-elements-a4b3cec75e13ade8c57fac1d8ede9221\"><strong>Washerdrone H\u00e4ndler- und Franchiseantragsformular<\/strong><\/p>\n\n\n<script charset=\"utf-8\" type=\"text\/javascript\" src=\"\/\/js-eu1.hsforms.net\/forms\/embed\/v2.js\"><\/script>\r\n<script>\r\n  hbspt.forms.create({\r\n    region: \"eu1\",\r\n    portalId: \"148472729\",\r\n    formId: \"38261717-ddd0-4084-b40e-97e0b67fe0fd\"\r\n  });\r\n<\/script>\n\n\n\n<hr class=\"wp-block-separator has-alpha-channel-opacity\"\/>\n\n\n\n<div class=\"wp-block-media-text is-stacked-on-mobile\"><figure class=\"wp-block-media-text__media\"><img loading=\"lazy\" decoding=\"async\" width=\"1152\" height=\"587\" src=\"https:\/\/washerdrone.com\/wp-content\/uploads\/2025\/02\/washer-drone-logo-mavi-1.png\" alt=\"\" class=\"wp-image-1228 size-full\" srcset=\"https:\/\/washerdrone.com\/wp-content\/uploads\/2025\/02\/washer-drone-logo-mavi-1.png 1152w, https:\/\/washerdrone.com\/wp-content\/uploads\/2025\/02\/washer-drone-logo-mavi-1-600x306.png 600w, https:\/\/washerdrone.com\/wp-content\/uploads\/2025\/02\/washer-drone-logo-mavi-1-300x153.png 300w, https:\/\/washerdrone.com\/wp-content\/uploads\/2025\/02\/washer-drone-logo-mavi-1-1024x522.png 1024w, https:\/\/washerdrone.com\/wp-content\/uploads\/2025\/02\/washer-drone-logo-mavi-1-768x391.png 768w\" sizes=\"auto, (max-width: 1152px) 100vw, 1152px\" \/><\/figure><div class=\"wp-block-media-text__content\">\n<p class=\"has-medium-font-size\">Wenn Sie Ihr eigenes Unternehmen gr\u00fcnden und Pionier in einer innovativen Branche sein m\u00f6chten, ist die WasherDrone-Partnerschaftsvereinbarung genau die richtige Option f\u00fcr Sie!<\/p>\n\n\n\n<p class=\"has-medium-font-size\">Durch die Partnerschaft mit WasherDrone k\u00f6nnen Sie in Ihrem Gesch\u00e4ftsgebiet Au\u00dfenreinigungsdienste mit Drohnentechnologie anbieten. Dieses Gesch\u00e4ftsmodell erm\u00f6glicht es Ihnen, die neuesten technologischen M\u00f6glichkeiten zu nutzen und eine umweltfreundliche und effiziente L\u00f6sung anzubieten.<\/p>\n\n\n\n<p class=\"has-medium-font-size\">Um mehr Informationen zu erhalten und mehr \u00fcber unsere H\u00e4ndlerkonditionen zu erfahren, f\u00fcllen Sie einfach das untenstehende Formular aus.<\/p>\n<\/div><\/div>\n\n\n\n<hr class=\"wp-block-separator has-alpha-channel-opacity\" style=\"margin-top:var(--wp--preset--spacing--60);margin-bottom:var(--wp--preset--spacing--60)\"\/>\n\n\n\n<div class=\"wp-block-uagb-container uagb-layout-flex uagb-block-cd23d4e7 alignfull uagb-is-root-container\"><div class=\"uagb-container-inner-blocks-wrap\">\n<div class=\"wp-block-uagb-image alignright uagb-block-1bba2fd8 wp-block-uagb-image--layout-default wp-block-uagb-image--effect-static wp-block-uagb-image--align-right\"><figure class=\"wp-block-uagb-image__figure\"><img decoding=\"async\" srcset=\"https:\/\/washerdrone.com\/wp-content\/uploads\/2025\/12\/washerdrone-all-in-one-ground-system-1024x1024.jpeg ,https:\/\/washerdrone.com\/wp-content\/uploads\/2025\/12\/washerdrone-all-in-one-ground-system.jpeg 780w, https:\/\/washerdrone.com\/wp-content\/uploads\/2025\/12\/washerdrone-all-in-one-ground-system.jpeg 360w\" sizes=\"auto, (max-width: 480px) 150px\" src=\"https:\/\/washerdrone.com\/wp-content\/uploads\/2025\/12\/washerdrone-all-in-one-ground-system-1024x1024.jpeg\" alt=\"Washerdrone-All-in-One-Bodensystem\" class=\"uag-image-2811\" width=\"560\" height=\"448\" title=\"All-in-One-Bodensystem f\u00fcr die Drohnenw\u00e4sche\" loading=\"lazy\" role=\"img\"\/><\/figure><\/div>\n\n\n\n<div class=\"wp-block-uagb-container uagb-block-38ac57af\">\n<div class=\"wp-block-uagb-advanced-heading uagb-block-ab8e889b\"><h2 class=\"uagb-heading-text\">Washerdrone-Partnerschaftsmodelle<\/h2><p class=\"uagb-desc-text\">\u2013 Autorisierter Wiederverk\u00e4ufer<br><br>\u2013 H\u00e4ndler<br><br>\u2013 Vertriebspartner<\/p><\/div>\n<\/div>\n<\/div><\/div>\n\n\n\n<div style=\"height:var(--wp--preset--spacing--80)\" aria-hidden=\"true\" class=\"wp-block-spacer\"><\/div>\n\n\n\n<div class=\"wp-block-uagb-marketing-button uagb-marketing-btn__align-center uagb-marketing-btn__align-text-center uagb-marketing-btn__icon-after uagb-block-d2305bc5 wp-block-button\"><a href=\"https:\/\/washerdrone.com\/de\/drone-community\/\" class=\"uagb-marketing-btn__link wp-block-button__link\" target=\"\" rel=\"noopener noreferrer\"><span class=\"uagb-marketing-btn__title\">WD-Community<\/span><svg xmlns=\"https:\/\/www.w3.org\/2000\/svg\" viewbox=\"0 0 512 512\"><path d=\"M384 320c-17.67 0-32 14.33-32 32v96H64V160h96c17.67 0 32-14.32 32-32s-14.33-32-32-32L64 96c-35.35 0-64 28.65-64 64V448c0 35.34 28.65 64 64 64h288c35.35 0 64-28.66 64-64v-96C416 334.3 401.7 320 384 320zM488 0H352c-12.94 0-24.62 7.797-29.56 19.75c-4.969 11.97-2.219 25.72 6.938 34.88L370.8 96L169.4 297.4c-12.5 12.5-12.5 32.75 0 45.25C175.6 348.9 183.8 352 192 352s16.38-3.125 22.62-9.375L416 141.3l41.38 41.38c9.156 9.141 22.88 11.84 34.88 6.938C504.2 184.6 512 172.9 512 160V24C512 10.74 501.3 0 488 0z\"><\/path><\/svg><p class=\"uagb-marketing-btn__prefix\">Gestalte die Zukunft der Reinigung mit.<\/p><\/a><\/div>","protected":false},"excerpt":{"rendered":"<p>WasherDrone Partnership The rapid development of drone technology brings with it brand new business opportunities. One of the most exciting examples of these opportunities is WasherDrone Partnership applications. Washerdrone Dealership &amp; Franchise Application Form If you want to start your own business and be a pioneer in an innovative industry, WasherDrone partnership agreement is the [&hellip;]<\/p>\n","protected":false},"author":1,"featured_media":0,"parent":0,"menu_order":0,"comment_status":"closed","ping_status":"closed","template":"","meta":{"_uag_custom_page_level_css":"","site-sidebar-layout":"no-sidebar","site-content-layout":"","ast-site-content-layout":"normal-width-container","site-content-style":"unboxed","site-sidebar-style":"unboxed","ast-global-header-display":"","ast-banner-title-visibility":"","ast-main-header-display":"","ast-hfb-above-header-display":"","ast-hfb-below-header-display":"","ast-hfb-mobile-header-display":"","site-post-title":"disabled","ast-breadcrumbs-content":"","ast-featured-img":"","footer-sml-layout":"","theme-transparent-header-meta":"enabled","adv-header-id-meta":"","stick-header-meta":"","header-above-stick-meta":"","header-main-stick-meta":"","header-below-stick-meta":"","astra-migrate-meta-layouts":"set","ast-page-background-enabled":"default","ast-page-background-meta":{"desktop":{"background-color":"var(--ast-global-color-4)","background-image":"","background-repeat":"repeat","background-position":"center center","background-size":"auto","background-attachment":"scroll","background-type":"","background-media":"","overlay-type":"","overlay-color":"","overlay-opacity":"","overlay-gradient":""},"tablet":{"background-color":"","background-image":"","background-repeat":"repeat","background-position":"center center","background-size":"auto","background-attachment":"scroll","background-type":"","background-media":"","overlay-type":"","overlay-color":"","overlay-opacity":"","overlay-gradient":""},"mobile":{"background-color":"","background-image":"","background-repeat":"repeat","background-position":"center center","background-size":"auto","background-attachment":"scroll","background-type":"","background-media":"","overlay-type":"","overlay-color":"","overlay-opacity":"","overlay-gradient":""}},"ast-content-background-meta":{"desktop":{"background-color":"var(--ast-global-color-5)","background-image":"","background-repeat":"repeat","background-position":"center center","background-size":"auto","background-attachment":"scroll","background-type":"","background-media":"","overlay-type":"","overlay-color":"","overlay-opacity":"","overlay-gradient":""},"tablet":{"background-color":"var(--ast-global-color-5)","background-image":"","background-repeat":"repeat","background-position":"center center","background-size":"auto","background-attachment":"scroll","background-type":"","background-media":"","overlay-type":"","overlay-color":"","overlay-opacity":"","overlay-gradient":""},"mobile":{"background-color":"var(--ast-global-color-5)","background-image":"","background-repeat":"repeat","background-position":"center center","background-size":"auto","background-attachment":"scroll","background-type":"","background-media":"","overlay-type":"","overlay-color":"","overlay-opacity":"","overlay-gradient":""}},"footnotes":""},"class_list":["post-1206","page","type-page","status-publish","hentry"],"uagb_featured_image_src":{"full":false,"thumbnail":false,"medium":false,"medium_large":false,"large":false,"1536x1536":false,"2048x2048":false,"trp-custom-language-flag":false},"uagb_author_info":{"display_name":"ibrahim-mert","author_link":"https:\/\/washerdrone.com\/de\/author\/ibrahim-mert\/"},"uagb_comment_info":0,"uagb_excerpt":"WasherDrone Partnership The rapid development of drone technology brings with it brand new business opportunities. One of the most exciting examples of these opportunities is WasherDrone Partnership applications. Washerdrone Dealership &amp; Franchise Application Form If you want to start your own business and be a pioneer in an innovative industry, WasherDrone partnership agreement is the&hellip;","_links":{"self":[{"href":"https:\/\/washerdrone.com\/de\/wp-json\/wp\/v2\/pages\/1206","targetHints":{"allow":["GET"]}}],"collection":[{"href":"https:\/\/washerdrone.com\/de\/wp-json\/wp\/v2\/pages"}],"about":[{"href":"https:\/\/washerdrone.com\/de\/wp-json\/wp\/v2\/types\/page"}],"author":[{"embeddable":true,"href":"https:\/\/washerdrone.com\/de\/wp-json\/wp\/v2\/users\/1"}],"replies":[{"embeddable":true,"href":"https:\/\/washerdrone.com\/de\/wp-json\/wp\/v2\/comments?post=1206"}],"version-history":[{"count":43,"href":"https:\/\/washerdrone.com\/de\/wp-json\/wp\/v2\/pages\/1206\/revisions"}],"predecessor-version":[{"id":3012,"href":"https:\/\/washerdrone.com\/de\/wp-json\/wp\/v2\/pages\/1206\/revisions\/3012"}],"wp:attachment":[{"href":"https:\/\/washerdrone.com\/de\/wp-json\/wp\/v2\/media?parent=1206"}],"curies":[{"name":"wp","href":"https:\/\/api.w.org\/{rel}","templated":true}]}}