{"id":13,"date":"2025-02-24T18:47:52","date_gmt":"2025-02-24T18:47:52","guid":{"rendered":"https:\/\/washerdrone.com\/staging\/contact\/"},"modified":"2026-02-23T18:39:33","modified_gmt":"2026-02-23T18:39:33","slug":"contact-2","status":"publish","type":"page","link":"https:\/\/washerdrone.com\/ar\/contact-2\/","title":{"rendered":"\u0627\u062a\u0635\u0627\u0644"},"content":{"rendered":"<div class=\"wp-block-uagb-container uagb-block-ddbe5c65 alignfull uagb-is-root-container\"><div class=\"uagb-container-inner-blocks-wrap\">\n<div class=\"wp-block-uagb-advanced-heading uagb-block-fa4e7c56\"><h1 class=\"uagb-heading-text\">\u062c\u0647\u0629 \u0627\u062a\u0635\u0627\u0644 WasherDrone<\/h1><p class=\"uagb-desc-text\">\u0644\u0644\u062d\u0635\u0648\u0644 \u0639\u0644\u0649 \u0645\u0639\u0644\u0648\u0645\u0627\u062a \u062d\u0648\u0644 \u062d\u0644\u0648\u0644\u0646\u0627\u060c \u064a\u0645\u0643\u0646\u0643 \u0645\u0644\u0621 \u0646\u0645\u0648\u0630\u062c \u0627\u0644\u0639\u0631\u0636 \u0648\u0627\u0644\u062a\u0648\u0627\u0635\u0644 \u0645\u0639\u0646\u0627 \u0639\u0628\u0631 \u0642\u0646\u0648\u0627\u062a \u0627\u0644\u0627\u062a\u0635\u0627\u0644 \u0627\u0644\u062e\u0627\u0635\u0629 \u0628\u0646\u0627 WasherDrone.<\/p><\/div>\n<\/div><\/div>\n\n\n\n<hr class=\"wp-block-separator has-alpha-channel-opacity\"\/>\n\n\n\n<p class=\"has-ast-global-color-0-color has-text-color has-link-color has-medium-font-size wp-elements-a4b3cec75e13ade8c57fac1d8ede9221\"><strong>\u0646\u0645\u0648\u0630\u062c \u0637\u0644\u0628 \u0648\u0643\u0627\u0644\u0629 \u0648\u0627\u0645\u062a\u064a\u0627\u0632 \u063a\u0633\u0627\u0644\u0629 \u0628\u062f\u0648\u0646 \u0637\u064a\u0627\u0631<\/strong><\/p>\n\n\n<script charset=\"utf-8\" type=\"text\/javascript\" src=\"\/\/js-eu1.hsforms.net\/forms\/embed\/v2.js\"><\/script>\r\n<script>\r\n  hbspt.forms.create({\r\n    region: \"eu1\",\r\n    portalId: \"148472729\",\r\n    formId: \"38261717-ddd0-4084-b40e-97e0b67fe0fd\"\r\n  });\r\n<\/script>\n\n\n\n<div class=\"wp-block-uagb-separator uagb-block-23626a0c\"><div class=\"wp-block-uagb-separator__inner\" style=\"--my-background-image:\"><\/div><\/div>\n\n\n\n<div class=\"wp-block-uagb-advanced-heading uagb-block-03c5822e\"><h2 class=\"uagb-heading-text\">\u062a\u0646\u0638\u064a\u0641 \u0627\u0644\u0645\u0628\u0627\u0646\u064a \u0641\u064a \u0627\u0633\u0637\u0646\u0628\u0648\u0644 \u0645\u0639 Washerdrone<\/h2><\/div>\n\n\n\n<p><\/p>\n\n\n\n<figure class=\"wp-block-embed is-type-video is-provider-youtube wp-block-embed-youtube wp-embed-aspect-16-9 wp-has-aspect-ratio\"><div class=\"wp-block-embed__wrapper\">\n<div class=\"ast-oembed-container\" style=\"height: 100%;\"><iframe loading=\"lazy\" title=\"Drone ile Y\u00fcksek Katl\u0131 Bina Temizli\u011fi - WasherDrone\" width=\"500\" height=\"281\" src=\"https:\/\/www.youtube.com\/embed\/lEcjVf8K9Dw?feature=oembed\" frameborder=\"0\" allow=\"accelerometer; autoplay; clipboard-write; encrypted-media; gyroscope; picture-in-picture; web-share\" referrerpolicy=\"strict-origin-when-cross-origin\" allowfullscreen><\/iframe><\/div>\n<\/div><\/figure>\n\n\n\n<hr class=\"wp-block-separator has-alpha-channel-opacity\"\/>\n\n\n\n<div class=\"wp-block-uagb-container uagb-block-3c795e40 alignfull uagb-is-root-container\"><div class=\"uagb-container-inner-blocks-wrap\">\n<div class=\"wp-block-uagb-image uagb-block-90ee0f2e wp-block-uagb-image--layout-default wp-block-uagb-image--effect-static wp-block-uagb-image--align-none\"><figure class=\"wp-block-uagb-image__figure\"><img decoding=\"async\" srcset=\"https:\/\/washerdrone.com\/wp-content\/uploads\/2025\/04\/washer-drone-kontak.jpg ,https:\/\/washerdrone.com\/wp-content\/uploads\/2025\/04\/washer-drone-kontak.jpg 780w, https:\/\/washerdrone.com\/wp-content\/uploads\/2025\/04\/washer-drone-kontak.jpg 360w\" sizes=\"auto, (max-width: 480px) 150px\" src=\"https:\/\/washerdrone.com\/wp-content\/uploads\/2025\/04\/washer-drone-kontak.jpg\" alt=\"\" class=\"uag-image-1646\" width=\"500\" height=\"500\" title=\"\u063a\u0633\u0627\u0644\u0629 \u0628\u062f\u0648\u0646 \u0637\u064a\u0627\u0631\" loading=\"lazy\" role=\"img\"\/><\/figure><\/div>\n\n\n\n<div class=\"wp-block-uagb-info-box uagb-block-bd72b2fb uagb-infobox__content-wrap  uagb-infobox-icon-above-title uagb-infobox-image-valign-top\"><div class=\"uagb-ifb-content\"><div class=\"uagb-ifb-title-wrap\"><h2 class=\"uagb-ifb-title\">\u0644\u0644\u062d\u0635\u0648\u0644 \u0639\u0644\u0649 \u0645\u0646\u062a\u062c\u0627\u062a WasherDrone\u060c \u064a\u0631\u062c\u0649 \u0632\u064a\u0627\u0631\u0629 \u0645\u062a\u062c\u0631\u0646\u0627 \u0639\u0644\u0649 \u0627\u0644\u0625\u0646\u062a\u0631\u0646\u062a<\/h2><\/div><div class=\"uagb-ifb-button-wrapper wp-block-button\"><a href=\"https:\/\/shop.washerdrone.com\/\" class=\"uagb-infobox-cta-link wp-block-button__link\" target=\"_blank\" rel=\"noopener noreferrer\" onclick=\"return true;\"><span class=\"uagb-inline-editing\">\u0645\u062a\u062c\u0631 WD<\/span><svg xmlns=\"https:\/\/www.w3.org\/2000\/svg\" viewbox=\"0 0 512 512\"><path d=\"M256 0C114.6 0 0 114.6 0 256c0 141.4 114.6 256 256 256s256-114.6 256-256C512 114.6 397.4 0 256 0zM406.6 278.6l-103.1 103.1c-12.5 12.5-32.75 12.5-45.25 0s-12.5-32.75 0-45.25L306.8 288H128C110.3 288 96 273.7 96 256s14.31-32 32-32h178.8l-49.38-49.38c-12.5-12.5-12.5-32.75 0-45.25s32.75-12.5 45.25 0l103.1 103.1C414.6 241.3 416 251.1 416 256C416 260.9 414.6 270.7 406.6 278.6z\"><\/path><\/svg><\/a><\/div><\/div><\/div>\n<\/div><\/div>","protected":false},"excerpt":{"rendered":"<p>\u0644\u0644\u062a\u0648\u0627\u0635\u0644 \u0645\u0639 WasherDrone: \u0644\u0644\u062d\u0635\u0648\u0644 \u0639\u0644\u0649 \u0645\u0639\u0644\u0648\u0645\u0627\u062a \u062d\u0648\u0644 \u062d\u0644\u0648\u0644\u0646\u0627\u060c \u064a\u064f\u0631\u062c\u0649 \u0645\u0644\u0621 \u0646\u0645\u0648\u0630\u062c \u0627\u0644\u0637\u0644\u0628 \u0648\u0627\u0644\u062a\u0648\u0627\u0635\u0644 \u0645\u0639\u0646\u0627 \u0639\u0628\u0631 \u0642\u0646\u0648\u0627\u062a \u0627\u0644\u062a\u0648\u0627\u0635\u0644 \u0627\u0644\u062e\u0627\u0635\u0629 \u0628\u0640 WasherDrone. \u0646\u0645\u0648\u0630\u062c \u0637\u0644\u0628 \u0648\u0643\u0627\u0644\u0629 \u0623\u0648 \u0627\u0645\u062a\u064a\u0627\u0632 WasherDrone: \u062a\u0646\u0638\u064a\u0641 \u0627\u0644\u0645\u0628\u0627\u0646\u064a \u0641\u064a \u0625\u0633\u0637\u0646\u0628\u0648\u0644 \u0645\u0639 WasherDrone<\/p>","protected":false},"author":1,"featured_media":0,"parent":0,"menu_order":0,"comment_status":"closed","ping_status":"closed","template":"","meta":{"_uag_custom_page_level_css":"","site-sidebar-layout":"no-sidebar","site-content-layout":"plain-container","ast-site-content-layout":"normal-width-container","site-content-style":"unboxed","site-sidebar-style":"unboxed","ast-global-header-display":"","ast-banner-title-visibility":"","ast-main-header-display":"","ast-hfb-above-header-display":"","ast-hfb-below-header-display":"","ast-hfb-mobile-header-display":"","site-post-title":"disabled","ast-breadcrumbs-content":"","ast-featured-img":"","footer-sml-layout":"","theme-transparent-header-meta":"enabled","adv-header-id-meta":"","stick-header-meta":"","header-above-stick-meta":"","header-main-stick-meta":"","header-below-stick-meta":"","astra-migrate-meta-layouts":"set","ast-page-background-enabled":"default","ast-page-background-meta":{"desktop":{"background-color":"var(--ast-global-color-4)","background-image":"","background-repeat":"repeat","background-position":"center center","background-size":"auto","background-attachment":"scroll","background-type":"","background-media":"","overlay-type":"","overlay-color":"","overlay-opacity":"","overlay-gradient":""},"tablet":{"background-color":"","background-image":"","background-repeat":"repeat","background-position":"center center","background-size":"auto","background-attachment":"scroll","background-type":"","background-media":"","overlay-type":"","overlay-color":"","overlay-opacity":"","overlay-gradient":""},"mobile":{"background-color":"","background-image":"","background-repeat":"repeat","background-position":"center center","background-size":"auto","background-attachment":"scroll","background-type":"","background-media":"","overlay-type":"","overlay-color":"","overlay-opacity":"","overlay-gradient":""}},"ast-content-background-meta":{"desktop":{"background-color":"var(--ast-global-color-5)","background-image":"","background-repeat":"repeat","background-position":"center center","background-size":"auto","background-attachment":"scroll","background-type":"","background-media":"","overlay-type":"","overlay-color":"","overlay-opacity":"","overlay-gradient":""},"tablet":{"background-color":"var(--ast-global-color-5)","background-image":"","background-repeat":"repeat","background-position":"center center","background-size":"auto","background-attachment":"scroll","background-type":"","background-media":"","overlay-type":"","overlay-color":"","overlay-opacity":"","overlay-gradient":""},"mobile":{"background-color":"var(--ast-global-color-5)","background-image":"","background-repeat":"repeat","background-position":"center center","background-size":"auto","background-attachment":"scroll","background-type":"","background-media":"","overlay-type":"","overlay-color":"","overlay-opacity":"","overlay-gradient":""}},"footnotes":""},"class_list":["post-13","page","type-page","status-publish","hentry"],"uagb_featured_image_src":{"full":false,"thumbnail":false,"medium":false,"medium_large":false,"large":false,"1536x1536":false,"2048x2048":false,"trp-custom-language-flag":false},"uagb_author_info":{"display_name":"ibrahim-mert","author_link":"https:\/\/washerdrone.com\/ar\/author\/ibrahim-mert\/"},"uagb_comment_info":0,"uagb_excerpt":"WasherDrone Contact To get information about our solutions, you can fill out the offer form and contact us through our WasherDrone communication channels. Washerdrone Dealership &amp; Franchise Application Form Building cleaning in Istanbul with Washerdrone","_links":{"self":[{"href":"https:\/\/washerdrone.com\/ar\/wp-json\/wp\/v2\/pages\/13","targetHints":{"allow":["GET"]}}],"collection":[{"href":"https:\/\/washerdrone.com\/ar\/wp-json\/wp\/v2\/pages"}],"about":[{"href":"https:\/\/washerdrone.com\/ar\/wp-json\/wp\/v2\/types\/page"}],"author":[{"embeddable":true,"href":"https:\/\/washerdrone.com\/ar\/wp-json\/wp\/v2\/users\/1"}],"replies":[{"embeddable":true,"href":"https:\/\/washerdrone.com\/ar\/wp-json\/wp\/v2\/comments?post=13"}],"version-history":[{"count":37,"href":"https:\/\/washerdrone.com\/ar\/wp-json\/wp\/v2\/pages\/13\/revisions"}],"predecessor-version":[{"id":2955,"href":"https:\/\/washerdrone.com\/ar\/wp-json\/wp\/v2\/pages\/13\/revisions\/2955"}],"wp:attachment":[{"href":"https:\/\/washerdrone.com\/ar\/wp-json\/wp\/v2\/media?parent=13"}],"curies":[{"name":"\u0648\u0648\u0631\u062f\u0628\u0631\u064a\u0633","href":"https:\/\/api.w.org\/{rel}","templated":true}]}}